{"id":950,"date":"2023-09-21T18:35:09","date_gmt":"2023-09-21T18:35:09","guid":{"rendered":"https:\/\/bandidoswitzerland.ch\/?post_type=product&#038;p=950"},"modified":"2024-08-15T14:36:46","modified_gmt":"2024-08-15T14:36:46","slug":"wahl-knuckle-fade-brush","status":"publish","type":"product","link":"https:\/\/bandidoswitzerland.ch\/fr\/product\/wahl-knuckle-fade-brush\/","title":{"rendered":"Wahl Knuckle Fade Brush"},"content":{"rendered":"<p>Weiche Borsten helfen, Haare an Hals und Gesicht zu entfernen<br \/>\nIdeal zum Reinigen Ihrer Ausr\u00fcstung wie Scheren und Scherenbl\u00e4tter<br \/>\nEinfach zu bedienen und leicht zu reinigen<br \/>\nProfessionelle n\u00fctzliche Tools f\u00fcr Friseure und Hairstylisten<\/p>","protected":false},"excerpt":{"rendered":"<p>Weiche Borsten helfen, Haare an Hals und Gesicht zu entfernen Ideal zum Reinigen Ihrer Ausr\u00fcstung wie Scheren und Scherenbl\u00e4tter Einfach zu bedienen und leicht zu reinigen Professionelle n\u00fctzliche Tools f\u00fcr Friseure und Hairstylisten<\/p>","protected":false},"featured_media":956,"comment_status":"open","ping_status":"closed","template":"","meta":[],"product_brand":[],"product_cat":[96,22],"product_tag":[46],"class_list":{"0":"post-950","1":"product","2":"type-product","3":"status-publish","4":"has-post-thumbnail","6":"product_cat-haareinigungs-fade-brush","7":"product_cat-zubehor","8":"product_tag-wahl","10":"first","11":"instock","12":"shipping-taxable","13":"purchasable","14":"product-type-simple"},"aioseo_notices":[],"_links":{"self":[{"href":"https:\/\/bandidoswitzerland.ch\/fr\/wp-json\/wp\/v2\/product\/950","targetHints":{"allow":["GET"]}}],"collection":[{"href":"https:\/\/bandidoswitzerland.ch\/fr\/wp-json\/wp\/v2\/product"}],"about":[{"href":"https:\/\/bandidoswitzerland.ch\/fr\/wp-json\/wp\/v2\/types\/product"}],"replies":[{"embeddable":true,"href":"https:\/\/bandidoswitzerland.ch\/fr\/wp-json\/wp\/v2\/comments?post=950"}],"wp:featuredmedia":[{"embeddable":true,"href":"https:\/\/bandidoswitzerland.ch\/fr\/wp-json\/wp\/v2\/media\/956"}],"wp:attachment":[{"href":"https:\/\/bandidoswitzerland.ch\/fr\/wp-json\/wp\/v2\/media?parent=950"}],"wp:term":[{"taxonomy":"product_brand","embeddable":true,"href":"https:\/\/bandidoswitzerland.ch\/fr\/wp-json\/wp\/v2\/product_brand?post=950"},{"taxonomy":"product_cat","embeddable":true,"href":"https:\/\/bandidoswitzerland.ch\/fr\/wp-json\/wp\/v2\/product_cat?post=950"},{"taxonomy":"product_tag","embeddable":true,"href":"https:\/\/bandidoswitzerland.ch\/fr\/wp-json\/wp\/v2\/product_tag?post=950"}],"curies":[{"name":"wp","href":"https:\/\/api.w.org\/{rel}","templated":true}]}}