{"id":891,"date":"2023-09-21T15:45:46","date_gmt":"2023-09-21T15:45:46","guid":{"rendered":"https:\/\/bandidoswitzerland.ch\/?post_type=product&#038;p=891"},"modified":"2026-01-28T19:57:03","modified_gmt":"2026-01-28T19:57:03","slug":"haarkamm-034","status":"publish","type":"product","link":"https:\/\/bandidoswitzerland.ch\/fr\/product\/haarkamm-034\/","title":{"rendered":"Haarkamm 034"},"content":{"rendered":"<p>Hergestellt aus antistatischem, flexiblem, starkem und hitzebest\u00e4ndigem Material. Ideal f\u00fcr das Styling verschiedener Haartypen und -l\u00e4ngen.<\/p>\n<p>Farbe: Schwarz<\/p>","protected":false},"excerpt":{"rendered":"<p>Hergestellt aus antistatischem, flexiblem, starkem und hitzebest\u00e4ndigem Material. Ideal f\u00fcr das Styling verschiedener Haartypen und -l\u00e4ngen. Farbe: Schwarz<\/p>","protected":false},"featured_media":892,"comment_status":"open","ping_status":"closed","template":"","meta":[],"product_brand":[],"product_cat":[93,22],"product_tag":[45],"class_list":{"0":"post-891","1":"product","2":"type-product","3":"status-publish","4":"has-post-thumbnail","6":"product_cat-kamme-burste","7":"product_cat-zubehor","8":"product_tag-bandido","10":"first","11":"outofstock","12":"shipping-taxable","13":"purchasable","14":"product-type-simple"},"aioseo_notices":[],"_links":{"self":[{"href":"https:\/\/bandidoswitzerland.ch\/fr\/wp-json\/wp\/v2\/product\/891","targetHints":{"allow":["GET"]}}],"collection":[{"href":"https:\/\/bandidoswitzerland.ch\/fr\/wp-json\/wp\/v2\/product"}],"about":[{"href":"https:\/\/bandidoswitzerland.ch\/fr\/wp-json\/wp\/v2\/types\/product"}],"replies":[{"embeddable":true,"href":"https:\/\/bandidoswitzerland.ch\/fr\/wp-json\/wp\/v2\/comments?post=891"}],"wp:featuredmedia":[{"embeddable":true,"href":"https:\/\/bandidoswitzerland.ch\/fr\/wp-json\/wp\/v2\/media\/892"}],"wp:attachment":[{"href":"https:\/\/bandidoswitzerland.ch\/fr\/wp-json\/wp\/v2\/media?parent=891"}],"wp:term":[{"taxonomy":"product_brand","embeddable":true,"href":"https:\/\/bandidoswitzerland.ch\/fr\/wp-json\/wp\/v2\/product_brand?post=891"},{"taxonomy":"product_cat","embeddable":true,"href":"https:\/\/bandidoswitzerland.ch\/fr\/wp-json\/wp\/v2\/product_cat?post=891"},{"taxonomy":"product_tag","embeddable":true,"href":"https:\/\/bandidoswitzerland.ch\/fr\/wp-json\/wp\/v2\/product_tag?post=891"}],"curies":[{"name":"wp","href":"https:\/\/api.w.org\/{rel}","templated":true}]}}