{"id":882,"date":"2023-09-20T08:16:08","date_gmt":"2023-09-20T08:16:08","guid":{"rendered":"https:\/\/bandidoswitzerland.ch\/?post_type=product&#038;p=882"},"modified":"2024-08-25T10:09:35","modified_gmt":"2024-08-25T10:09:35","slug":"kiepe-professional-dna-evolution-portofino-mirror","status":"publish","type":"product","link":"https:\/\/bandidoswitzerland.ch\/fr\/product\/kiepe-professional-dna-evolution-portofino-mirror\/","title":{"rendered":"Mirror Professional DNA Evolution Portofino Kiepe"},"content":{"rendered":"<p>Der praktische Kiepe Professional DNA Evolution Portofino Spiegel 13131 in Schwarz mit Griff ist ein unverzichtbares Werkzeug in jedem Salon.<\/p>\n<p>Durchmesser des Spiegels: 246 mm<\/p>\n<p>Einzigartige Merkmale:<\/p>\n<ul>\n<li>leicht zu halten<\/li>\n<li>leicht aufzuh\u00e4ngen,<\/li>\n<li>schlichtes Design, geeignet f\u00fcr jeden Friseursalon<\/li>\n<\/ul>\n<p>Das Produkt ist in zwei Farbvarianten erh\u00e4ltlich &#8211; schwarz und wei\u00df.<\/p>","protected":false},"excerpt":{"rendered":"<p>Der praktische Kiepe Professional DNA Evolution Portofino Spiegel 13131 in Schwarz mit Griff ist ein unverzichtbares Werkzeug in jedem Salon. Durchmesser des Spiegels: 246 mm Einzigartige Merkmale: leicht zu halten leicht aufzuh\u00e4ngen, schlichtes Design, geeignet f\u00fcr jeden Friseursalon Das Produkt ist in zwei Farbvarianten erh\u00e4ltlich &#8211; schwarz und wei\u00df.<\/p>","protected":false},"featured_media":883,"comment_status":"open","ping_status":"closed","template":"","meta":[],"product_brand":[],"product_cat":[88,19,22],"product_tag":[85],"class_list":{"0":"post-882","1":"product","2":"type-product","3":"status-publish","4":"has-post-thumbnail","6":"product_cat-handspiegel","7":"product_cat-mobeln","8":"product_cat-zubehor","9":"product_tag-dna","11":"first","12":"instock","13":"shipping-taxable","14":"purchasable","15":"product-type-simple"},"aioseo_notices":[],"_links":{"self":[{"href":"https:\/\/bandidoswitzerland.ch\/fr\/wp-json\/wp\/v2\/product\/882","targetHints":{"allow":["GET"]}}],"collection":[{"href":"https:\/\/bandidoswitzerland.ch\/fr\/wp-json\/wp\/v2\/product"}],"about":[{"href":"https:\/\/bandidoswitzerland.ch\/fr\/wp-json\/wp\/v2\/types\/product"}],"replies":[{"embeddable":true,"href":"https:\/\/bandidoswitzerland.ch\/fr\/wp-json\/wp\/v2\/comments?post=882"}],"wp:featuredmedia":[{"embeddable":true,"href":"https:\/\/bandidoswitzerland.ch\/fr\/wp-json\/wp\/v2\/media\/883"}],"wp:attachment":[{"href":"https:\/\/bandidoswitzerland.ch\/fr\/wp-json\/wp\/v2\/media?parent=882"}],"wp:term":[{"taxonomy":"product_brand","embeddable":true,"href":"https:\/\/bandidoswitzerland.ch\/fr\/wp-json\/wp\/v2\/product_brand?post=882"},{"taxonomy":"product_cat","embeddable":true,"href":"https:\/\/bandidoswitzerland.ch\/fr\/wp-json\/wp\/v2\/product_cat?post=882"},{"taxonomy":"product_tag","embeddable":true,"href":"https:\/\/bandidoswitzerland.ch\/fr\/wp-json\/wp\/v2\/product_tag?post=882"}],"curies":[{"name":"wp","href":"https:\/\/api.w.org\/{rel}","templated":true}]}}