{"id":843,"date":"2023-09-15T16:43:45","date_gmt":"2023-09-15T16:43:45","guid":{"rendered":"https:\/\/bandidoswitzerland.ch\/?post_type=product&#038;p=843"},"modified":"2025-06-30T17:41:37","modified_gmt":"2025-06-30T17:41:37","slug":"lampe","status":"publish","type":"product","link":"https:\/\/bandidoswitzerland.ch\/fr\/product\/lampe\/","title":{"rendered":"Lampe Pole Bandido"},"content":{"rendered":"<p>Massen: 85 cm<\/p>\n<p>Barber\/Coiffeur Lampe Pole<\/p>\n<p>Drehendes (50\/60 U\/min) LED-Licht (220-240V \/ 50\/60Hz)<\/p>\n<p>Hochwertiger, langlebiger Permanentmagnet-Synchronmotor<\/p>\n<p>Geeignet f\u00fcr gesch\u00fctzte Innen- und Au\u00dfenanwendungen.<\/p>\n<p>&nbsp;<\/p>","protected":false},"excerpt":{"rendered":"<p>Massen: 85 cm Barber\/Coiffeur Lampe Pole Drehendes (50\/60 U\/min) LED-Licht (220-240V \/ 50\/60Hz) Hochwertiger, langlebiger Permanentmagnet-Synchronmotor Geeignet f\u00fcr gesch\u00fctzte Innen- und Au\u00dfenanwendungen. &nbsp;<\/p>","protected":false},"featured_media":1051,"comment_status":"open","ping_status":"closed","template":"","meta":[],"product_brand":[],"product_cat":[19,22],"product_tag":[45],"class_list":{"0":"post-843","1":"product","2":"type-product","3":"status-publish","4":"has-post-thumbnail","6":"product_cat-mobeln","7":"product_cat-zubehor","8":"product_tag-bandido","10":"first","11":"instock","12":"shipping-taxable","13":"purchasable","14":"product-type-simple"},"aioseo_notices":[],"_links":{"self":[{"href":"https:\/\/bandidoswitzerland.ch\/fr\/wp-json\/wp\/v2\/product\/843","targetHints":{"allow":["GET"]}}],"collection":[{"href":"https:\/\/bandidoswitzerland.ch\/fr\/wp-json\/wp\/v2\/product"}],"about":[{"href":"https:\/\/bandidoswitzerland.ch\/fr\/wp-json\/wp\/v2\/types\/product"}],"replies":[{"embeddable":true,"href":"https:\/\/bandidoswitzerland.ch\/fr\/wp-json\/wp\/v2\/comments?post=843"}],"wp:featuredmedia":[{"embeddable":true,"href":"https:\/\/bandidoswitzerland.ch\/fr\/wp-json\/wp\/v2\/media\/1051"}],"wp:attachment":[{"href":"https:\/\/bandidoswitzerland.ch\/fr\/wp-json\/wp\/v2\/media?parent=843"}],"wp:term":[{"taxonomy":"product_brand","embeddable":true,"href":"https:\/\/bandidoswitzerland.ch\/fr\/wp-json\/wp\/v2\/product_brand?post=843"},{"taxonomy":"product_cat","embeddable":true,"href":"https:\/\/bandidoswitzerland.ch\/fr\/wp-json\/wp\/v2\/product_cat?post=843"},{"taxonomy":"product_tag","embeddable":true,"href":"https:\/\/bandidoswitzerland.ch\/fr\/wp-json\/wp\/v2\/product_tag?post=843"}],"curies":[{"name":"wp","href":"https:\/\/api.w.org\/{rel}","templated":true}]}}