{"id":814,"date":"2023-09-15T15:53:13","date_gmt":"2023-09-15T15:53:13","guid":{"rendered":"https:\/\/bandidoswitzerland.ch\/?post_type=product&#038;p=814"},"modified":"2023-11-08T19:29:47","modified_gmt":"2023-11-08T19:29:47","slug":"friseurstuhl-14","status":"publish","type":"product","link":"https:\/\/bandidoswitzerland.ch\/fr\/product\/friseurstuhl-14\/","title":{"rendered":"Friseurstuhl Check G"},"content":{"rendered":"<p><strong>Die Lieferung des Stuhls dauert ca. 2 Wochen ab dem Datum der Bestellung.<\/strong><\/p>\n<ul>\n<li>Struktur aus Aluminiumdruckguss in satinschwarzer Ausf\u00fchrung<\/li>\n<li>Innenstruktur und R\u00fcckenlehne aus Holz<\/li>\n<li>Hochwertiges, feuerhemmendes PVC-Kunstleder<\/li>\n<li>Schaumstoff mit hoher Dichte<\/li>\n<li>Verstellbare und umkehrbare Fu\u00dfst\u00fctze<\/li>\n<li>Runder Fu\u00df aus Fiberglas und satinierte Verkleidung passend zur Polsterung<\/li>\n<li>Hydraulische Pumpe mit Bremse (300kg. max). Verstellbare H\u00f6he.<\/li>\n<\/ul>\n<p><strong>2 Jahre Garantie<\/strong><\/p>\n<p><strong>Bald wieder auf Lager!<\/strong><\/p>","protected":false},"excerpt":{"rendered":"<p>Die Lieferung des Stuhls dauert ca. 2 Wochen ab dem Datum der Bestellung. Struktur aus Aluminiumdruckguss in satinschwarzer Ausf\u00fchrung Innenstruktur und R\u00fcckenlehne aus Holz Hochwertiges, feuerhemmendes PVC-Kunstleder Schaumstoff mit hoher Dichte Verstellbare und umkehrbare Fu\u00dfst\u00fctze Runder Fu\u00df aus Fiberglas und satinierte Verkleidung passend zur Polsterung Hydraulische Pumpe mit Bremse (300kg. max). Verstellbare H\u00f6he. 2 Jahre [&hellip;]<\/p>","protected":false},"featured_media":1002,"comment_status":"open","ping_status":"closed","template":"","meta":[],"product_brand":[],"product_cat":[49,19],"product_tag":[45],"class_list":{"0":"post-814","1":"product","2":"type-product","3":"status-publish","4":"has-post-thumbnail","6":"product_cat-friseurstuhle","7":"product_cat-mobeln","8":"product_tag-bandido","10":"first","11":"onbackorder","12":"shipping-taxable","13":"purchasable","14":"product-type-simple"},"aioseo_notices":[],"_links":{"self":[{"href":"https:\/\/bandidoswitzerland.ch\/fr\/wp-json\/wp\/v2\/product\/814","targetHints":{"allow":["GET"]}}],"collection":[{"href":"https:\/\/bandidoswitzerland.ch\/fr\/wp-json\/wp\/v2\/product"}],"about":[{"href":"https:\/\/bandidoswitzerland.ch\/fr\/wp-json\/wp\/v2\/types\/product"}],"replies":[{"embeddable":true,"href":"https:\/\/bandidoswitzerland.ch\/fr\/wp-json\/wp\/v2\/comments?post=814"}],"wp:featuredmedia":[{"embeddable":true,"href":"https:\/\/bandidoswitzerland.ch\/fr\/wp-json\/wp\/v2\/media\/1002"}],"wp:attachment":[{"href":"https:\/\/bandidoswitzerland.ch\/fr\/wp-json\/wp\/v2\/media?parent=814"}],"wp:term":[{"taxonomy":"product_brand","embeddable":true,"href":"https:\/\/bandidoswitzerland.ch\/fr\/wp-json\/wp\/v2\/product_brand?post=814"},{"taxonomy":"product_cat","embeddable":true,"href":"https:\/\/bandidoswitzerland.ch\/fr\/wp-json\/wp\/v2\/product_cat?post=814"},{"taxonomy":"product_tag","embeddable":true,"href":"https:\/\/bandidoswitzerland.ch\/fr\/wp-json\/wp\/v2\/product_tag?post=814"}],"curies":[{"name":"wp","href":"https:\/\/api.w.org\/{rel}","templated":true}]}}