{"id":804,"date":"2023-09-15T15:47:52","date_gmt":"2023-09-15T15:47:52","guid":{"rendered":"https:\/\/bandidoswitzerland.ch\/?post_type=product&#038;p=804"},"modified":"2023-11-08T19:30:02","modified_gmt":"2023-11-08T19:30:02","slug":"friseurstuhl-9","status":"publish","type":"product","link":"https:\/\/bandidoswitzerland.ch\/fr\/product\/friseurstuhl-9\/","title":{"rendered":"Friseurstuhl Karl"},"content":{"rendered":"<p><strong>Die Lieferung des Stuhls dauert ca. 2 Wochen ab dem Datum der Bestellung.<\/strong><\/p>\n<ul>\n<li>Hochwertiges, feuerhemmendes PVC-Poly-Leder.<\/li>\n<li>Wei\u00dfe Paspeln und Rauten.<\/li>\n<li>Innenstruktur aus Holz.<\/li>\n<li>Armlehnen aus gespritztem Aluminium.<\/li>\n<li>Schaumstoff mit hoher Dichte.<\/li>\n<li>Schnelle Erholung.<\/li>\n<li>Abschlie\u00dfbare Hydraulikpumpe mit einstellbarer Bremse.<\/li>\n<li>Runder Sockel aus verchromtem Metall.<\/li>\n<li>Kippbare Fu\u00dfst\u00fctze aus Aluminium.<\/li>\n<li>Verstellbare Kopfst\u00fctze.<\/li>\n<li>Kippbare R\u00fcckenlehne.<\/li>\n<\/ul>\n<p><strong>2 Jahre Garantie<\/strong><\/p>\n<p><strong>Bald wieder auf Lager!<\/strong><\/p>","protected":false},"excerpt":{"rendered":"<p>Die Lieferung des Stuhls dauert ca. 2 Wochen ab dem Datum der Bestellung. Hochwertiges, feuerhemmendes PVC-Poly-Leder. Wei\u00dfe Paspeln und Rauten. Innenstruktur aus Holz. Armlehnen aus gespritztem Aluminium. Schaumstoff mit hoher Dichte. Schnelle Erholung. Abschlie\u00dfbare Hydraulikpumpe mit einstellbarer Bremse. Runder Sockel aus verchromtem Metall. Kippbare Fu\u00dfst\u00fctze aus Aluminium. Verstellbare Kopfst\u00fctze. Kippbare R\u00fcckenlehne. 2 Jahre Garantie Bald [&hellip;]<\/p>","protected":false},"featured_media":992,"comment_status":"open","ping_status":"closed","template":"","meta":[],"product_brand":[],"product_cat":[49,19],"product_tag":[45],"class_list":{"0":"post-804","1":"product","2":"type-product","3":"status-publish","4":"has-post-thumbnail","6":"product_cat-friseurstuhle","7":"product_cat-mobeln","8":"product_tag-bandido","10":"first","11":"onbackorder","12":"shipping-taxable","13":"purchasable","14":"product-type-simple"},"aioseo_notices":[],"_links":{"self":[{"href":"https:\/\/bandidoswitzerland.ch\/fr\/wp-json\/wp\/v2\/product\/804","targetHints":{"allow":["GET"]}}],"collection":[{"href":"https:\/\/bandidoswitzerland.ch\/fr\/wp-json\/wp\/v2\/product"}],"about":[{"href":"https:\/\/bandidoswitzerland.ch\/fr\/wp-json\/wp\/v2\/types\/product"}],"replies":[{"embeddable":true,"href":"https:\/\/bandidoswitzerland.ch\/fr\/wp-json\/wp\/v2\/comments?post=804"}],"wp:featuredmedia":[{"embeddable":true,"href":"https:\/\/bandidoswitzerland.ch\/fr\/wp-json\/wp\/v2\/media\/992"}],"wp:attachment":[{"href":"https:\/\/bandidoswitzerland.ch\/fr\/wp-json\/wp\/v2\/media?parent=804"}],"wp:term":[{"taxonomy":"product_brand","embeddable":true,"href":"https:\/\/bandidoswitzerland.ch\/fr\/wp-json\/wp\/v2\/product_brand?post=804"},{"taxonomy":"product_cat","embeddable":true,"href":"https:\/\/bandidoswitzerland.ch\/fr\/wp-json\/wp\/v2\/product_cat?post=804"},{"taxonomy":"product_tag","embeddable":true,"href":"https:\/\/bandidoswitzerland.ch\/fr\/wp-json\/wp\/v2\/product_tag?post=804"}],"curies":[{"name":"wp","href":"https:\/\/api.w.org\/{rel}","templated":true}]}}