{"id":760,"date":"2023-09-15T12:08:28","date_gmt":"2023-09-15T12:08:28","guid":{"rendered":"https:\/\/bandidoswitzerland.ch\/?post_type=product&#038;p=760"},"modified":"2025-11-08T10:18:51","modified_gmt":"2025-11-08T10:18:51","slug":"bartoel-black-bandido","status":"publish","type":"product","link":"https:\/\/bandidoswitzerland.ch\/fr\/product\/bartoel-black-bandido\/","title":{"rendered":"Bart\u00f6l Black Bandido"},"content":{"rendered":"<p>Bandido Bart\u00f6l Schwarz sorgt f\u00fcr Verj\u00fcngung und Hydratation. Diese 2 sind Faktoren, die B\u00e4rte brauchen, um richtig zu wachsen. Durch die Feuchtigkeit, die es spendet, werden B\u00e4rte weicher. Es sch\u00fctzt vor trockener Haut und befeuchtet die Haut darunter. Sie versorgen die Haut mit der notwendigen Feuchtigkeit und sch\u00fctzen vor dem Wachstum unerw\u00fcnschter Mikroben.<\/p>\n<p>Volume: 40ml<\/p>\n<p>Brand: Bandido<\/p>","protected":false},"excerpt":{"rendered":"<p>Bandido Bart\u00f6l Schwarz sorgt f\u00fcr Verj\u00fcngung und Hydratation. Diese 2 sind Faktoren, die B\u00e4rte brauchen, um richtig zu wachsen. Durch die Feuchtigkeit, die es spendet, werden B\u00e4rte weicher. Es sch\u00fctzt vor trockener Haut und befeuchtet die Haut darunter. Sie versorgen die Haut mit der notwendigen Feuchtigkeit und sch\u00fctzen vor dem Wachstum unerw\u00fcnschter Mikroben. Volume: 40ml [&hellip;]<\/p>","protected":false},"featured_media":1150,"comment_status":"open","ping_status":"closed","template":"","meta":[],"product_brand":[],"product_cat":[28,104,21],"product_tag":[45],"class_list":{"0":"post-760","1":"product","2":"type-product","3":"status-publish","4":"has-post-thumbnail","6":"product_cat-bart","7":"product_cat-herrenkosmetik","8":"product_cat-kosmetik","9":"product_tag-bandido","11":"first","12":"instock","13":"shipping-taxable","14":"purchasable","15":"product-type-simple"},"aioseo_notices":[],"_links":{"self":[{"href":"https:\/\/bandidoswitzerland.ch\/fr\/wp-json\/wp\/v2\/product\/760","targetHints":{"allow":["GET"]}}],"collection":[{"href":"https:\/\/bandidoswitzerland.ch\/fr\/wp-json\/wp\/v2\/product"}],"about":[{"href":"https:\/\/bandidoswitzerland.ch\/fr\/wp-json\/wp\/v2\/types\/product"}],"replies":[{"embeddable":true,"href":"https:\/\/bandidoswitzerland.ch\/fr\/wp-json\/wp\/v2\/comments?post=760"}],"wp:featuredmedia":[{"embeddable":true,"href":"https:\/\/bandidoswitzerland.ch\/fr\/wp-json\/wp\/v2\/media\/1150"}],"wp:attachment":[{"href":"https:\/\/bandidoswitzerland.ch\/fr\/wp-json\/wp\/v2\/media?parent=760"}],"wp:term":[{"taxonomy":"product_brand","embeddable":true,"href":"https:\/\/bandidoswitzerland.ch\/fr\/wp-json\/wp\/v2\/product_brand?post=760"},{"taxonomy":"product_cat","embeddable":true,"href":"https:\/\/bandidoswitzerland.ch\/fr\/wp-json\/wp\/v2\/product_cat?post=760"},{"taxonomy":"product_tag","embeddable":true,"href":"https:\/\/bandidoswitzerland.ch\/fr\/wp-json\/wp\/v2\/product_tag?post=760"}],"curies":[{"name":"wp","href":"https:\/\/api.w.org\/{rel}","templated":true}]}}