{"id":660,"date":"2023-09-05T13:23:44","date_gmt":"2023-09-05T13:23:44","guid":{"rendered":"https:\/\/bandidoswitzerland.ch\/?post_type=product&#038;p=660"},"modified":"2025-11-08T11:05:00","modified_gmt":"2025-11-08T11:05:00","slug":"black-garlic-shampoo","status":"publish","type":"product","link":"https:\/\/bandidoswitzerland.ch\/fr\/product\/black-garlic-shampoo\/","title":{"rendered":"Hair Shampoo Bandido Black Garlic"},"content":{"rendered":"<p>Der Komplex aus 11 Aminos\u00e4uren PRODEW 500 macht die Haarfaser elastisch und stark. Es reinigt das Haar und die Kopfhaut sanft und effektiv. Unterst\u00fctzt wird es durch zus\u00e4tzliche Wirkstoffe, Multivitamin-Komplex, Panthenol, Vitamin E und Allantoin. Es enth\u00e4lt Aminos\u00e4uren, die in der nat\u00fcrlichen Struktur des Haares vorkommen. Die darin enthaltenen Aminos\u00e4uren versorgen das Haar hervorragend mit N\u00e4hrstoffen und Pflege. Es gleicht den Feuchtigkeitsgehalt des Haares aus.<\/p>\n<p>Sorgt f\u00fcr schnelleres Haarwachstum.<\/p>\n<p>Es n\u00e4hrt kleine Haarstr\u00e4hnen (Haare) und unterst\u00fctzt sie dabei, wieder Haare zu werden.<\/p>","protected":false},"excerpt":{"rendered":"<p>Der Komplex aus 11 Aminos\u00e4uren PRODEW 500 macht die Haarfaser elastisch und stark. Es reinigt das Haar und die Kopfhaut sanft und effektiv. Unterst\u00fctzt wird es durch zus\u00e4tzliche Wirkstoffe, Multivitamin-Komplex, Panthenol, Vitamin E und Allantoin. Es enth\u00e4lt Aminos\u00e4uren, die in der nat\u00fcrlichen Struktur des Haares vorkommen. Die darin enthaltenen Aminos\u00e4uren versorgen das Haar hervorragend mit [&hellip;]<\/p>","protected":false},"featured_media":1038,"comment_status":"open","ping_status":"closed","template":"","meta":[],"product_brand":[],"product_cat":[27,104,21],"product_tag":[45],"class_list":{"0":"post-660","1":"product","2":"type-product","3":"status-publish","4":"has-post-thumbnail","6":"product_cat-haarpflege","7":"product_cat-herrenkosmetik","8":"product_cat-kosmetik","9":"product_tag-bandido","11":"first","12":"instock","13":"shipping-taxable","14":"purchasable","15":"product-type-simple"},"aioseo_notices":[],"_links":{"self":[{"href":"https:\/\/bandidoswitzerland.ch\/fr\/wp-json\/wp\/v2\/product\/660","targetHints":{"allow":["GET"]}}],"collection":[{"href":"https:\/\/bandidoswitzerland.ch\/fr\/wp-json\/wp\/v2\/product"}],"about":[{"href":"https:\/\/bandidoswitzerland.ch\/fr\/wp-json\/wp\/v2\/types\/product"}],"replies":[{"embeddable":true,"href":"https:\/\/bandidoswitzerland.ch\/fr\/wp-json\/wp\/v2\/comments?post=660"}],"wp:featuredmedia":[{"embeddable":true,"href":"https:\/\/bandidoswitzerland.ch\/fr\/wp-json\/wp\/v2\/media\/1038"}],"wp:attachment":[{"href":"https:\/\/bandidoswitzerland.ch\/fr\/wp-json\/wp\/v2\/media?parent=660"}],"wp:term":[{"taxonomy":"product_brand","embeddable":true,"href":"https:\/\/bandidoswitzerland.ch\/fr\/wp-json\/wp\/v2\/product_brand?post=660"},{"taxonomy":"product_cat","embeddable":true,"href":"https:\/\/bandidoswitzerland.ch\/fr\/wp-json\/wp\/v2\/product_cat?post=660"},{"taxonomy":"product_tag","embeddable":true,"href":"https:\/\/bandidoswitzerland.ch\/fr\/wp-json\/wp\/v2\/product_tag?post=660"}],"curies":[{"name":"wp","href":"https:\/\/api.w.org\/{rel}","templated":true}]}}