{"id":2897,"date":"2025-06-15T08:35:28","date_gmt":"2025-06-15T08:35:28","guid":{"rendered":"https:\/\/bandidoswitzerland.ch\/?post_type=product&#038;p=2897"},"modified":"2025-06-15T08:35:28","modified_gmt":"2025-06-15T08:35:28","slug":"gold-lo-pro-fx-cordless-skeleton-trimmer","status":"publish","type":"product","link":"https:\/\/bandidoswitzerland.ch\/fr\/product\/gold-lo-pro-fx-cordless-skeleton-trimmer\/","title":{"rendered":"GOLD LO-PRO FX CORDLESS SKELETON TRIMMER"},"content":{"rendered":"<p>Der neue Gold Lo-Pro FX Professional Skeleton Trimmer verf\u00fcgt \u00fcber ein vollst\u00e4ndig freiliegendes T-Blade, das die f\u00fcr komplizierte Arbeiten erforderliche 360\u00b0-Sicht erm\u00f6glicht. Der leistungsstarke Lithium-Akku bietet eine kontinuierliche Laufzeit von 240 Minuten bei einer 4-st\u00fcndigen Schnellladung, mit garantierter anhaltender Leistung und Geschwindigkeit, auch bei niedrigeren Ladest\u00e4nden. Der langlebige, drehmomentstarke b\u00fcrstenlose Motor sorgt f\u00fcr eine gleichbleibend hohe Klingengeschwindigkeit, auch bei l\u00e4ngerem und dickerem Haar. Mit pr\u00e4zisionsgefertigten Klingen aus Gold-Titan f\u00fcr leichtes, sanftes Schneiden und einem ergonomisch geformten, ultraflachen, strapazierf\u00e4higen Metallgeh\u00e4use f\u00fcr harte Arbeit.<\/p>\n<ul>\n<li>Verwendung mit Kabel oder kabellos<\/li>\n<li>Pr\u00e4zisionsklingen aus Gold-Titan<\/li>\n<li>40mm T-Klinge &#8211; Tiefzahn 2.0 &#8211; l\u00fcckenlos einstellbar<\/li>\n<li>Lithium-Ionen-Energie<\/li>\n<li>240 Minuten Betrieb mit einer 4-Stunden-Ladung<\/li>\n<li>B\u00fcrstenloser Motor mit hohem Drehmoment<\/li>\n<li>Robustes Metallgeh\u00e4use<\/li>\n<li>Ultraflaches Design<\/li>\n<\/ul>\n<p>&nbsp;<\/p>","protected":false},"excerpt":{"rendered":"<p>Der neue Gold Lo-Pro FX Professional Skeleton Trimmer verf\u00fcgt \u00fcber ein vollst\u00e4ndig freiliegendes T-Blade, das die f\u00fcr komplizierte Arbeiten erforderliche 360\u00b0-Sicht erm\u00f6glicht. Der leistungsstarke Lithium-Akku bietet eine kontinuierliche Laufzeit von 240 Minuten bei einer 4-st\u00fcndigen Schnellladung, mit garantierter anhaltender Leistung und Geschwindigkeit, auch bei niedrigeren Ladest\u00e4nden. Der langlebige, drehmomentstarke b\u00fcrstenlose Motor sorgt f\u00fcr eine gleichbleibend [&hellip;]<\/p>","protected":false},"featured_media":2898,"comment_status":"open","ping_status":"closed","template":"","meta":[],"product_brand":[],"product_cat":[20,23,24],"product_tag":[72],"class_list":{"0":"post-2897","1":"product","2":"type-product","3":"status-publish","4":"has-post-thumbnail","6":"product_cat-elektrogerate","7":"product_cat-maschinen","8":"product_cat-trimmer","9":"product_tag-babyliss","11":"first","12":"instock","13":"shipping-taxable","14":"purchasable","15":"product-type-simple"},"aioseo_notices":[],"_links":{"self":[{"href":"https:\/\/bandidoswitzerland.ch\/fr\/wp-json\/wp\/v2\/product\/2897","targetHints":{"allow":["GET"]}}],"collection":[{"href":"https:\/\/bandidoswitzerland.ch\/fr\/wp-json\/wp\/v2\/product"}],"about":[{"href":"https:\/\/bandidoswitzerland.ch\/fr\/wp-json\/wp\/v2\/types\/product"}],"replies":[{"embeddable":true,"href":"https:\/\/bandidoswitzerland.ch\/fr\/wp-json\/wp\/v2\/comments?post=2897"}],"wp:featuredmedia":[{"embeddable":true,"href":"https:\/\/bandidoswitzerland.ch\/fr\/wp-json\/wp\/v2\/media\/2898"}],"wp:attachment":[{"href":"https:\/\/bandidoswitzerland.ch\/fr\/wp-json\/wp\/v2\/media?parent=2897"}],"wp:term":[{"taxonomy":"product_brand","embeddable":true,"href":"https:\/\/bandidoswitzerland.ch\/fr\/wp-json\/wp\/v2\/product_brand?post=2897"},{"taxonomy":"product_cat","embeddable":true,"href":"https:\/\/bandidoswitzerland.ch\/fr\/wp-json\/wp\/v2\/product_cat?post=2897"},{"taxonomy":"product_tag","embeddable":true,"href":"https:\/\/bandidoswitzerland.ch\/fr\/wp-json\/wp\/v2\/product_tag?post=2897"}],"curies":[{"name":"wp","href":"https:\/\/api.w.org\/{rel}","templated":true}]}}