{"id":2657,"date":"2025-01-31T19:41:12","date_gmt":"2025-01-31T19:41:12","guid":{"rendered":"https:\/\/bandidoswitzerland.ch\/product\/barber-lampe-pole\/"},"modified":"2025-12-08T08:57:49","modified_gmt":"2025-12-08T08:57:49","slug":"barber-lampe-pole","status":"publish","type":"product","link":"https:\/\/bandidoswitzerland.ch\/fr\/product\/barber-lampe-pole\/","title":{"rendered":"Barber Lampe Pole"},"content":{"rendered":"<p>Lampe Pole Bandido<br \/>\n139.00 CHF<\/p>\n<p>Massen: 85 cm<\/p>\n<p>Barber\/Coiffeur Lampe Pole<\/p>\n<p>Drehendes (50\/60 U\/min) LED-Licht (220-240V \/ 50\/60Hz)<\/p>\n<p>Hochwertiger, langlebiger Permanentmagnet-Synchronmotor<\/p>\n<p>Geeignet f\u00fcr gesch\u00fctzte Innen- und Au\u00dfenanwendungen.<\/p>","protected":false},"excerpt":{"rendered":"<p>Lampe Pole Bandido 139.00 CHF Massen: 85 cm Barber\/Coiffeur Lampe Pole Drehendes (50\/60 U\/min) LED-Licht (220-240V \/ 50\/60Hz) Hochwertiger, langlebiger Permanentmagnet-Synchronmotor Geeignet f\u00fcr gesch\u00fctzte Innen- und Au\u00dfenanwendungen.<\/p>","protected":false},"featured_media":2656,"comment_status":"open","ping_status":"closed","template":"","meta":[],"product_brand":[],"product_cat":[20],"product_tag":[],"class_list":{"0":"post-2657","1":"product","2":"type-product","3":"status-publish","4":"has-post-thumbnail","6":"product_cat-elektrogerate","8":"first","9":"instock","10":"sale","11":"shipping-taxable","12":"purchasable","13":"product-type-simple"},"aioseo_notices":[],"_links":{"self":[{"href":"https:\/\/bandidoswitzerland.ch\/fr\/wp-json\/wp\/v2\/product\/2657","targetHints":{"allow":["GET"]}}],"collection":[{"href":"https:\/\/bandidoswitzerland.ch\/fr\/wp-json\/wp\/v2\/product"}],"about":[{"href":"https:\/\/bandidoswitzerland.ch\/fr\/wp-json\/wp\/v2\/types\/product"}],"replies":[{"embeddable":true,"href":"https:\/\/bandidoswitzerland.ch\/fr\/wp-json\/wp\/v2\/comments?post=2657"}],"wp:featuredmedia":[{"embeddable":true,"href":"https:\/\/bandidoswitzerland.ch\/fr\/wp-json\/wp\/v2\/media\/2656"}],"wp:attachment":[{"href":"https:\/\/bandidoswitzerland.ch\/fr\/wp-json\/wp\/v2\/media?parent=2657"}],"wp:term":[{"taxonomy":"product_brand","embeddable":true,"href":"https:\/\/bandidoswitzerland.ch\/fr\/wp-json\/wp\/v2\/product_brand?post=2657"},{"taxonomy":"product_cat","embeddable":true,"href":"https:\/\/bandidoswitzerland.ch\/fr\/wp-json\/wp\/v2\/product_cat?post=2657"},{"taxonomy":"product_tag","embeddable":true,"href":"https:\/\/bandidoswitzerland.ch\/fr\/wp-json\/wp\/v2\/product_tag?post=2657"}],"curies":[{"name":"wp","href":"https:\/\/api.w.org\/{rel}","templated":true}]}}