{"id":2649,"date":"2025-01-30T04:38:10","date_gmt":"2025-01-30T04:38:10","guid":{"rendered":"https:\/\/bandidoswitzerland.ch\/product\/oda-200-shaver-0-0-mm\/"},"modified":"2025-12-18T06:00:37","modified_gmt":"2025-12-18T06:00:37","slug":"oda-200-shaver-0-0-mm","status":"publish","type":"product","link":"https:\/\/bandidoswitzerland.ch\/fr\/product\/oda-200-shaver-0-0-mm\/","title":{"rendered":"Oda 200 Shaver 0.0 mm"},"content":{"rendered":"<p>Der ODA 200 Rasierer ist ein professioneller Hochleistungsrasierer, ideal f\u00fcr Friseure und Barbershops. Dank seines ergonomischen Designs und des langlebigen Akkus garantiert er eine makellose Rasur und maximale Leistung auch an den h\u00e4rtesten Tagen.<\/p>\n<blockquote><p><strong>Haarschnitt: 0.0 mm <\/strong><\/p>\n<\/blockquote>\n<p>Garantiert professionelle Ergebnisse<br \/>\nBest\u00e4ndig gegen die extremsten Schnitte.<br \/>\nMaximale Leistung<br \/>\nLithiumbatterie: Kapazit\u00e4t von 800 mAh<br \/>\nSchnelles und langlebiges Laden<br \/>\nErgonomisches und funktionales Design<br \/>\nMaximaler Ertrag<br \/>\nGleichstrommotor: 9000 U\/min<\/p>\n<p><strong>Garantie<\/strong>: 2-j\u00e4hrige technische Garantie auf Batterie und Motor. Scherkopf von der Garantie ausgeschlossen.<\/p>","protected":false},"excerpt":{"rendered":"<p>Der ODA 200 Rasierer ist ein professioneller Hochleistungsrasierer, ideal f\u00fcr Friseure und Barbershops. Dank seines ergonomischen Designs und des langlebigen Akkus garantiert er eine makellose Rasur und maximale Leistung auch an den h\u00e4rtesten Tagen. Haarschnitt: 0.0 mm Garantiert professionelle Ergebnisse Best\u00e4ndig gegen die extremsten Schnitte. Maximale Leistung Lithiumbatterie: Kapazit\u00e4t von 800 mAh Schnelles und langlebiges [&hellip;]<\/p>","protected":false},"featured_media":2647,"comment_status":"open","ping_status":"closed","template":"","meta":[],"product_brand":[],"product_cat":[20,99],"product_tag":[],"class_list":{"0":"post-2649","1":"product","2":"type-product","3":"status-publish","4":"has-post-thumbnail","6":"product_cat-elektrogerate","7":"product_cat-rasierer","9":"first","10":"instock","11":"sale","12":"shipping-taxable","13":"purchasable","14":"product-type-simple"},"aioseo_notices":[],"_links":{"self":[{"href":"https:\/\/bandidoswitzerland.ch\/fr\/wp-json\/wp\/v2\/product\/2649","targetHints":{"allow":["GET"]}}],"collection":[{"href":"https:\/\/bandidoswitzerland.ch\/fr\/wp-json\/wp\/v2\/product"}],"about":[{"href":"https:\/\/bandidoswitzerland.ch\/fr\/wp-json\/wp\/v2\/types\/product"}],"replies":[{"embeddable":true,"href":"https:\/\/bandidoswitzerland.ch\/fr\/wp-json\/wp\/v2\/comments?post=2649"}],"wp:featuredmedia":[{"embeddable":true,"href":"https:\/\/bandidoswitzerland.ch\/fr\/wp-json\/wp\/v2\/media\/2647"}],"wp:attachment":[{"href":"https:\/\/bandidoswitzerland.ch\/fr\/wp-json\/wp\/v2\/media?parent=2649"}],"wp:term":[{"taxonomy":"product_brand","embeddable":true,"href":"https:\/\/bandidoswitzerland.ch\/fr\/wp-json\/wp\/v2\/product_brand?post=2649"},{"taxonomy":"product_cat","embeddable":true,"href":"https:\/\/bandidoswitzerland.ch\/fr\/wp-json\/wp\/v2\/product_cat?post=2649"},{"taxonomy":"product_tag","embeddable":true,"href":"https:\/\/bandidoswitzerland.ch\/fr\/wp-json\/wp\/v2\/product_tag?post=2649"}],"curies":[{"name":"wp","href":"https:\/\/api.w.org\/{rel}","templated":true}]}}