{"id":2595,"date":"2024-12-23T20:39:05","date_gmt":"2024-12-23T20:39:05","guid":{"rendered":"https:\/\/bandidoswitzerland.ch\/?post_type=product&#038;p=2595"},"modified":"2025-12-18T06:00:22","modified_gmt":"2025-12-18T06:00:22","slug":"oda-130-trimmer","status":"publish","type":"product","link":"https:\/\/bandidoswitzerland.ch\/fr\/product\/oda-130-trimmer\/","title":{"rendered":"ODA 130 Trimmer"},"content":{"rendered":"<p>Technische Daten:<\/p>\n<ul>\n<li>DC-Motor.<\/li>\n<li>6500 R.P. Motorgeschwindigkeit.<\/li>\n<li>ICR Li-Ionen-Akku mit 1000 mAh Kapazit\u00e4t.<\/li>\n<li>Aufladezeit von 70 Minuten.<\/li>\n<li>Ergonomisches und funktionelles Design.<\/li>\n<li>Klingen aus 440C DLC-Beschichtung.<\/li>\n<li>3 verschiedene Kammgr\u00f6\u00dfen.<\/li>\n<li>#0.5 (1.5mm), #1 (3mm) und #1.5 (4.5mm).<\/li>\n<li>Geringes Gewicht f\u00fcr eine komfortable Nutzung.<\/li>\n<li>Inklusive Ladestation, Reinigungsb\u00fcrste und Schmier\u00f6l.<\/li>\n<li>AC\/DC-Adapter mit Netzkabel.<\/li>\n<\/ul>\n<p><strong>Garantie<\/strong>: 2-j\u00e4hrige technische Garantie auf Batterie und Motor. Scherkopf von der Garantie ausgeschlossen.<\/p>","protected":false},"excerpt":{"rendered":"<p>Technische Daten: DC-Motor. 6500 R.P. Motorgeschwindigkeit. ICR Li-Ionen-Akku mit 1000 mAh Kapazit\u00e4t. Aufladezeit von 70 Minuten. Ergonomisches und funktionelles Design. Klingen aus 440C DLC-Beschichtung. 3 verschiedene Kammgr\u00f6\u00dfen. #0.5 (1.5mm), #1 (3mm) und #1.5 (4.5mm). Geringes Gewicht f\u00fcr eine komfortable Nutzung. Inklusive Ladestation, Reinigungsb\u00fcrste und Schmier\u00f6l. AC\/DC-Adapter mit Netzkabel. Garantie: 2-j\u00e4hrige technische Garantie auf Batterie und [&hellip;]<\/p>","protected":false},"featured_media":2597,"comment_status":"open","ping_status":"closed","template":"","meta":[],"product_brand":[],"product_cat":[20,23,24],"product_tag":[117,47],"class_list":{"0":"post-2595","1":"product","2":"type-product","3":"status-publish","4":"has-post-thumbnail","6":"product_cat-elektrogerate","7":"product_cat-maschinen","8":"product_cat-trimmer","9":"product_tag-oda","10":"product_tag-schneidemaschine","12":"first","13":"instock","14":"sale","15":"shipping-taxable","16":"purchasable","17":"product-type-simple"},"aioseo_notices":[],"_links":{"self":[{"href":"https:\/\/bandidoswitzerland.ch\/fr\/wp-json\/wp\/v2\/product\/2595","targetHints":{"allow":["GET"]}}],"collection":[{"href":"https:\/\/bandidoswitzerland.ch\/fr\/wp-json\/wp\/v2\/product"}],"about":[{"href":"https:\/\/bandidoswitzerland.ch\/fr\/wp-json\/wp\/v2\/types\/product"}],"replies":[{"embeddable":true,"href":"https:\/\/bandidoswitzerland.ch\/fr\/wp-json\/wp\/v2\/comments?post=2595"}],"wp:featuredmedia":[{"embeddable":true,"href":"https:\/\/bandidoswitzerland.ch\/fr\/wp-json\/wp\/v2\/media\/2597"}],"wp:attachment":[{"href":"https:\/\/bandidoswitzerland.ch\/fr\/wp-json\/wp\/v2\/media?parent=2595"}],"wp:term":[{"taxonomy":"product_brand","embeddable":true,"href":"https:\/\/bandidoswitzerland.ch\/fr\/wp-json\/wp\/v2\/product_brand?post=2595"},{"taxonomy":"product_cat","embeddable":true,"href":"https:\/\/bandidoswitzerland.ch\/fr\/wp-json\/wp\/v2\/product_cat?post=2595"},{"taxonomy":"product_tag","embeddable":true,"href":"https:\/\/bandidoswitzerland.ch\/fr\/wp-json\/wp\/v2\/product_tag?post=2595"}],"curies":[{"name":"wp","href":"https:\/\/api.w.org\/{rel}","templated":true}]}}