{"id":2584,"date":"2024-12-23T20:10:06","date_gmt":"2024-12-23T20:10:06","guid":{"rendered":"https:\/\/bandidoswitzerland.ch\/?post_type=product&#038;p=2584"},"modified":"2025-12-18T05:59:28","modified_gmt":"2025-12-18T05:59:28","slug":"oda-020-clipper","status":"publish","type":"product","link":"https:\/\/bandidoswitzerland.ch\/fr\/product\/oda-020-clipper\/","title":{"rendered":"ODA 020 Clipper"},"content":{"rendered":"<p>Technische Daten:<\/p>\n<ul>\n<li>Magnetischer Motor.<\/li>\n<li>10000 U\/min Motordrehzahl.<\/li>\n<li>ICR Li-Ionen-Akku mit 2200 mAh Kapazit\u00e4t.<\/li>\n<li>Aufladezeit von 70 Minuten.<\/li>\n<li>Ergonomisches und funktionelles Design.<\/li>\n<li>Klingen aus 440C DLC-Beschichtung.<\/li>\n<li>6 verschiedene Kammgr\u00f6\u00dfen mit magnetischer Verstellung.<\/li>\n<li>#0.5 (1.5mm), #1 (3mm), #1.5 (4.5mm), #2 (6mm), #3 (10mm) &amp; #4 (13mm).<\/li>\n<li>Geringes Gewicht f\u00fcr eine komfortable Anwendung.<\/li>\n<li>Inklusive Ladestation, Reinigungsb\u00fcrste und Schmier\u00f6l.<\/li>\n<li>AC\/DC-Adapter mit Netzkabel.<\/li>\n<\/ul>\n<p><strong>Garantie<\/strong>: 2-j\u00e4hrige technische Garantie auf Batterie und Motor. Scherkopf von der Garantie ausgeschlossen.<\/p>\n<p>&nbsp;<\/p>","protected":false},"excerpt":{"rendered":"<p>Technische Daten: Magnetischer Motor. 10000 U\/min Motordrehzahl. ICR Li-Ionen-Akku mit 2200 mAh Kapazit\u00e4t. Aufladezeit von 70 Minuten. Ergonomisches und funktionelles Design. Klingen aus 440C DLC-Beschichtung. 6 verschiedene Kammgr\u00f6\u00dfen mit magnetischer Verstellung. #0.5 (1.5mm), #1 (3mm), #1.5 (4.5mm), #2 (6mm), #3 (10mm) &amp; #4 (13mm). Geringes Gewicht f\u00fcr eine komfortable Anwendung. Inklusive Ladestation, Reinigungsb\u00fcrste und Schmier\u00f6l. [&hellip;]<\/p>","protected":false},"featured_media":2585,"comment_status":"open","ping_status":"closed","template":"","meta":[],"product_brand":[],"product_cat":[25,20,23],"product_tag":[117,47],"class_list":{"0":"post-2584","1":"product","2":"type-product","3":"status-publish","4":"has-post-thumbnail","6":"product_cat-clipper","7":"product_cat-elektrogerate","8":"product_cat-maschinen","9":"product_tag-oda","10":"product_tag-schneidemaschine","12":"first","13":"instock","14":"shipping-taxable","15":"purchasable","16":"product-type-simple"},"aioseo_notices":[],"_links":{"self":[{"href":"https:\/\/bandidoswitzerland.ch\/fr\/wp-json\/wp\/v2\/product\/2584","targetHints":{"allow":["GET"]}}],"collection":[{"href":"https:\/\/bandidoswitzerland.ch\/fr\/wp-json\/wp\/v2\/product"}],"about":[{"href":"https:\/\/bandidoswitzerland.ch\/fr\/wp-json\/wp\/v2\/types\/product"}],"replies":[{"embeddable":true,"href":"https:\/\/bandidoswitzerland.ch\/fr\/wp-json\/wp\/v2\/comments?post=2584"}],"wp:featuredmedia":[{"embeddable":true,"href":"https:\/\/bandidoswitzerland.ch\/fr\/wp-json\/wp\/v2\/media\/2585"}],"wp:attachment":[{"href":"https:\/\/bandidoswitzerland.ch\/fr\/wp-json\/wp\/v2\/media?parent=2584"}],"wp:term":[{"taxonomy":"product_brand","embeddable":true,"href":"https:\/\/bandidoswitzerland.ch\/fr\/wp-json\/wp\/v2\/product_brand?post=2584"},{"taxonomy":"product_cat","embeddable":true,"href":"https:\/\/bandidoswitzerland.ch\/fr\/wp-json\/wp\/v2\/product_cat?post=2584"},{"taxonomy":"product_tag","embeddable":true,"href":"https:\/\/bandidoswitzerland.ch\/fr\/wp-json\/wp\/v2\/product_tag?post=2584"}],"curies":[{"name":"wp","href":"https:\/\/api.w.org\/{rel}","templated":true}]}}