{"id":2544,"date":"2024-11-04T20:24:23","date_gmt":"2024-11-04T20:24:23","guid":{"rendered":"https:\/\/bandidoswitzerland.ch\/?post_type=product&#038;p=2544"},"modified":"2025-11-08T10:53:53","modified_gmt":"2025-11-08T10:53:53","slug":"haarserum-madame-paris-marokko-arganoel","status":"publish","type":"product","link":"https:\/\/bandidoswitzerland.ch\/fr\/product\/haarserum-madame-paris-marokko-arganoel\/","title":{"rendered":"Haarserum Madame Paris Marokko Argan\u00f6l"},"content":{"rendered":"<p>BANDIDO Madame Paris Haarserum Marokko Argan\u00f6l 100ml<\/p>\n<p>Das mit \u00d6len angereicherte Madame Paris Haarserum wurde speziell entwickelt, um das Haar vor Verfilzungen zu sch\u00fctzen. Es macht das Haar weich und seidig. Die feuchtigkeitsresistente Formel verhindert Frizz bei allen Wetterbedingungen. Das im Serum enthaltene Argan\u00f6l versorgt das Haar mit intensiver Feuchtigkeit, macht es gl\u00e4nzend und leicht k\u00e4mmbar.<\/p>\n<p>Anwendung: Eine kleine Menge auf das feuchte oder trockene Haar auftragen, nach Belieben stylen.<\/p>\n<p>Volume: 100ml<\/p>","protected":false},"excerpt":{"rendered":"<p>BANDIDO Madame Paris Haarserum Marokko Argan\u00f6l 100ml Das mit \u00d6len angereicherte Madame Paris Haarserum wurde speziell entwickelt, um das Haar vor Verfilzungen zu sch\u00fctzen. Es macht das Haar weich und seidig. Die feuchtigkeitsresistente Formel verhindert Frizz bei allen Wetterbedingungen. Das im Serum enthaltene Argan\u00f6l versorgt das Haar mit intensiver Feuchtigkeit, macht es gl\u00e4nzend und leicht [&hellip;]<\/p>","protected":false},"featured_media":2546,"comment_status":"open","ping_status":"closed","template":"","meta":[],"product_brand":[],"product_cat":[28,105,27,104,21],"product_tag":[45,116],"class_list":{"0":"post-2544","1":"product","2":"type-product","3":"status-publish","4":"has-post-thumbnail","6":"product_cat-bart","7":"product_cat-damenkosmetiks","8":"product_cat-haarpflege","9":"product_cat-herrenkosmetik","10":"product_cat-kosmetik","11":"product_tag-bandido","12":"product_tag-hairserum","14":"first","15":"instock","16":"shipping-taxable","17":"purchasable","18":"product-type-simple"},"aioseo_notices":[],"_links":{"self":[{"href":"https:\/\/bandidoswitzerland.ch\/fr\/wp-json\/wp\/v2\/product\/2544","targetHints":{"allow":["GET"]}}],"collection":[{"href":"https:\/\/bandidoswitzerland.ch\/fr\/wp-json\/wp\/v2\/product"}],"about":[{"href":"https:\/\/bandidoswitzerland.ch\/fr\/wp-json\/wp\/v2\/types\/product"}],"replies":[{"embeddable":true,"href":"https:\/\/bandidoswitzerland.ch\/fr\/wp-json\/wp\/v2\/comments?post=2544"}],"wp:featuredmedia":[{"embeddable":true,"href":"https:\/\/bandidoswitzerland.ch\/fr\/wp-json\/wp\/v2\/media\/2546"}],"wp:attachment":[{"href":"https:\/\/bandidoswitzerland.ch\/fr\/wp-json\/wp\/v2\/media?parent=2544"}],"wp:term":[{"taxonomy":"product_brand","embeddable":true,"href":"https:\/\/bandidoswitzerland.ch\/fr\/wp-json\/wp\/v2\/product_brand?post=2544"},{"taxonomy":"product_cat","embeddable":true,"href":"https:\/\/bandidoswitzerland.ch\/fr\/wp-json\/wp\/v2\/product_cat?post=2544"},{"taxonomy":"product_tag","embeddable":true,"href":"https:\/\/bandidoswitzerland.ch\/fr\/wp-json\/wp\/v2\/product_tag?post=2544"}],"curies":[{"name":"wp","href":"https:\/\/api.w.org\/{rel}","templated":true}]}}