{"id":2541,"date":"2024-11-04T20:15:32","date_gmt":"2024-11-04T20:15:32","guid":{"rendered":"https:\/\/bandidoswitzerland.ch\/?post_type=product&#038;p=2541"},"modified":"2025-11-08T10:55:01","modified_gmt":"2025-11-08T10:55:01","slug":"haarserum-madame-paris-keratinoel","status":"publish","type":"product","link":"https:\/\/bandidoswitzerland.ch\/fr\/product\/haarserum-madame-paris-keratinoel\/","title":{"rendered":"Haarserum Madame Paris Keratin\u00f6l\u00a0"},"content":{"rendered":"<p>BANDIDO Madame Paris Haarserum Keratin\u00f6l<\/p>\n<p>Das mit \u00d6len angereicherte Madame Paris Haarserum wurde speziell entwickelt, um das Haar vor Verfilzungen zu sch\u00fctzen. Es macht das Haar weich und seidig. Die feuchtigkeitsresistente Formel verhindert Frizz bei allen Wetterbedingungen. Das im Serum enthaltene Argan\u00f6l versorgt das Haar mit intensiver Feuchtigkeit, macht es gl\u00e4nzend und leicht k\u00e4mmbar.<\/p>\n<p>Anwendung: Eine kleine Menge auf das feuchte oder trockene Haar auftragen und wie gew\u00fcnscht stylen.<\/p>\n<p>Volume: 100ml<\/p>","protected":false},"excerpt":{"rendered":"<p>BANDIDO Madame Paris Haarserum Keratin\u00f6l Das mit \u00d6len angereicherte Madame Paris Haarserum wurde speziell entwickelt, um das Haar vor Verfilzungen zu sch\u00fctzen. Es macht das Haar weich und seidig. Die feuchtigkeitsresistente Formel verhindert Frizz bei allen Wetterbedingungen. Das im Serum enthaltene Argan\u00f6l versorgt das Haar mit intensiver Feuchtigkeit, macht es gl\u00e4nzend und leicht k\u00e4mmbar. Anwendung: [&hellip;]<\/p>","protected":false},"featured_media":2545,"comment_status":"open","ping_status":"closed","template":"","meta":[],"product_brand":[],"product_cat":[28,105,27,104,21],"product_tag":[45,116],"class_list":{"0":"post-2541","1":"product","2":"type-product","3":"status-publish","4":"has-post-thumbnail","6":"product_cat-bart","7":"product_cat-damenkosmetiks","8":"product_cat-haarpflege","9":"product_cat-herrenkosmetik","10":"product_cat-kosmetik","11":"product_tag-bandido","12":"product_tag-hairserum","14":"first","15":"instock","16":"shipping-taxable","17":"purchasable","18":"product-type-simple"},"aioseo_notices":[],"_links":{"self":[{"href":"https:\/\/bandidoswitzerland.ch\/fr\/wp-json\/wp\/v2\/product\/2541","targetHints":{"allow":["GET"]}}],"collection":[{"href":"https:\/\/bandidoswitzerland.ch\/fr\/wp-json\/wp\/v2\/product"}],"about":[{"href":"https:\/\/bandidoswitzerland.ch\/fr\/wp-json\/wp\/v2\/types\/product"}],"replies":[{"embeddable":true,"href":"https:\/\/bandidoswitzerland.ch\/fr\/wp-json\/wp\/v2\/comments?post=2541"}],"wp:featuredmedia":[{"embeddable":true,"href":"https:\/\/bandidoswitzerland.ch\/fr\/wp-json\/wp\/v2\/media\/2545"}],"wp:attachment":[{"href":"https:\/\/bandidoswitzerland.ch\/fr\/wp-json\/wp\/v2\/media?parent=2541"}],"wp:term":[{"taxonomy":"product_brand","embeddable":true,"href":"https:\/\/bandidoswitzerland.ch\/fr\/wp-json\/wp\/v2\/product_brand?post=2541"},{"taxonomy":"product_cat","embeddable":true,"href":"https:\/\/bandidoswitzerland.ch\/fr\/wp-json\/wp\/v2\/product_cat?post=2541"},{"taxonomy":"product_tag","embeddable":true,"href":"https:\/\/bandidoswitzerland.ch\/fr\/wp-json\/wp\/v2\/product_tag?post=2541"}],"curies":[{"name":"wp","href":"https:\/\/api.w.org\/{rel}","templated":true}]}}