{"id":1555,"date":"2024-04-27T18:39:12","date_gmt":"2024-04-27T18:39:12","guid":{"rendered":"https:\/\/bandidoswitzerland.ch\/?post_type=product&#038;p=1555"},"modified":"2025-01-06T22:18:14","modified_gmt":"2025-01-06T22:18:14","slug":"aftershave-cologne-sicilia-bandido","status":"publish","type":"product","link":"https:\/\/bandidoswitzerland.ch\/fr\/product\/aftershave-cologne-sicilia-bandido\/","title":{"rendered":"Aftershave Cologne Sicilia Bandido 350ml"},"content":{"rendered":"<p>Aftershave Cologne Sicilia 350ml Diese Lotion beruhigt und befeuchtet die Haut sofort, sch\u00fctzt sie vor Irritationen, reduziert die Trockenheit nach der Rasur und f\u00f6rdert die Wundheilung durch Linderung von R\u00f6tungen. Sie hat einen einzigartigen Duft der speziellen Formel Sicilia.<br \/>\nVolume: 350ml<\/p>","protected":false},"excerpt":{"rendered":"<p>Aftershave Cologne Sicilia 350ml Diese Lotion beruhigt und befeuchtet die Haut sofort, sch\u00fctzt sie vor Irritationen, reduziert die Trockenheit nach der Rasur und f\u00f6rdert die Wundheilung durch Linderung von R\u00f6tungen. Sie hat einen einzigartigen Duft der speziellen Formel Sicilia. Volume: 350ml<\/p>","protected":false},"featured_media":1556,"comment_status":"open","ping_status":"closed","template":"","meta":[],"product_brand":[],"product_cat":[29,104,21],"product_tag":[45],"class_list":{"0":"post-1555","1":"product","2":"type-product","3":"status-publish","4":"has-post-thumbnail","6":"product_cat-gesicht-andere","7":"product_cat-herrenkosmetik","8":"product_cat-kosmetik","9":"product_tag-bandido","11":"first","12":"instock","13":"shipping-taxable","14":"purchasable","15":"product-type-simple"},"aioseo_notices":[],"_links":{"self":[{"href":"https:\/\/bandidoswitzerland.ch\/fr\/wp-json\/wp\/v2\/product\/1555","targetHints":{"allow":["GET"]}}],"collection":[{"href":"https:\/\/bandidoswitzerland.ch\/fr\/wp-json\/wp\/v2\/product"}],"about":[{"href":"https:\/\/bandidoswitzerland.ch\/fr\/wp-json\/wp\/v2\/types\/product"}],"replies":[{"embeddable":true,"href":"https:\/\/bandidoswitzerland.ch\/fr\/wp-json\/wp\/v2\/comments?post=1555"}],"wp:featuredmedia":[{"embeddable":true,"href":"https:\/\/bandidoswitzerland.ch\/fr\/wp-json\/wp\/v2\/media\/1556"}],"wp:attachment":[{"href":"https:\/\/bandidoswitzerland.ch\/fr\/wp-json\/wp\/v2\/media?parent=1555"}],"wp:term":[{"taxonomy":"product_brand","embeddable":true,"href":"https:\/\/bandidoswitzerland.ch\/fr\/wp-json\/wp\/v2\/product_brand?post=1555"},{"taxonomy":"product_cat","embeddable":true,"href":"https:\/\/bandidoswitzerland.ch\/fr\/wp-json\/wp\/v2\/product_cat?post=1555"},{"taxonomy":"product_tag","embeddable":true,"href":"https:\/\/bandidoswitzerland.ch\/fr\/wp-json\/wp\/v2\/product_tag?post=1555"}],"curies":[{"name":"wp","href":"https:\/\/api.w.org\/{rel}","templated":true}]}}