{"id":1545,"date":"2024-04-25T19:49:46","date_gmt":"2024-04-25T19:49:46","guid":{"rendered":"https:\/\/bandidoswitzerland.ch\/?post_type=product&#038;p=1545"},"modified":"2024-09-28T10:52:48","modified_gmt":"2024-09-28T10:52:48","slug":"hair-tonic-sea-salt-bandido","status":"publish","type":"product","link":"https:\/\/bandidoswitzerland.ch\/fr\/product\/hair-tonic-sea-salt-bandido\/","title":{"rendered":"Hair Tonic Sea Salt Bandido"},"content":{"rendered":"<p>Bandido Sea Salt Spray ist ein Produkt, das dem Haar F\u00fclle und eine raue Textur verleiht, das Styling erleichtert und einen UV-Schutz bietet. Es ist f\u00fcr alle Haartypen geeignet, hinterl\u00e4sst einen leichten Halt und sorgt f\u00fcr ein nat\u00fcrliches Aussehen, als ob man gerade aus dem Meer gekommen w\u00e4re. Es hat einen dezenten Duft.<\/p>\n<p>250ml<\/p>","protected":false},"excerpt":{"rendered":"<p>Bandido Sea Salt Spray ist ein Produkt, das dem Haar F\u00fclle und eine raue Textur verleiht, das Styling erleichtert und einen UV-Schutz bietet. Es ist f\u00fcr alle Haartypen geeignet, hinterl\u00e4sst einen leichten Halt und sorgt f\u00fcr ein nat\u00fcrliches Aussehen, als ob man gerade aus dem Meer gekommen w\u00e4re. Es hat einen dezenten Duft. 250ml<\/p>","protected":false},"featured_media":1546,"comment_status":"open","ping_status":"closed","template":"","meta":[],"product_brand":[],"product_cat":[28,27,104,21],"product_tag":[45],"class_list":{"0":"post-1545","1":"product","2":"type-product","3":"status-publish","4":"has-post-thumbnail","6":"product_cat-bart","7":"product_cat-haarpflege","8":"product_cat-herrenkosmetik","9":"product_cat-kosmetik","10":"product_tag-bandido","12":"first","13":"instock","14":"shipping-taxable","15":"purchasable","16":"product-type-simple"},"aioseo_notices":[],"_links":{"self":[{"href":"https:\/\/bandidoswitzerland.ch\/fr\/wp-json\/wp\/v2\/product\/1545","targetHints":{"allow":["GET"]}}],"collection":[{"href":"https:\/\/bandidoswitzerland.ch\/fr\/wp-json\/wp\/v2\/product"}],"about":[{"href":"https:\/\/bandidoswitzerland.ch\/fr\/wp-json\/wp\/v2\/types\/product"}],"replies":[{"embeddable":true,"href":"https:\/\/bandidoswitzerland.ch\/fr\/wp-json\/wp\/v2\/comments?post=1545"}],"wp:featuredmedia":[{"embeddable":true,"href":"https:\/\/bandidoswitzerland.ch\/fr\/wp-json\/wp\/v2\/media\/1546"}],"wp:attachment":[{"href":"https:\/\/bandidoswitzerland.ch\/fr\/wp-json\/wp\/v2\/media?parent=1545"}],"wp:term":[{"taxonomy":"product_brand","embeddable":true,"href":"https:\/\/bandidoswitzerland.ch\/fr\/wp-json\/wp\/v2\/product_brand?post=1545"},{"taxonomy":"product_cat","embeddable":true,"href":"https:\/\/bandidoswitzerland.ch\/fr\/wp-json\/wp\/v2\/product_cat?post=1545"},{"taxonomy":"product_tag","embeddable":true,"href":"https:\/\/bandidoswitzerland.ch\/fr\/wp-json\/wp\/v2\/product_tag?post=1545"}],"curies":[{"name":"wp","href":"https:\/\/api.w.org\/{rel}","templated":true}]}}