{"id":1543,"date":"2024-04-25T19:47:30","date_gmt":"2024-04-25T19:47:30","guid":{"rendered":"https:\/\/bandidoswitzerland.ch\/?post_type=product&#038;p=1543"},"modified":"2025-10-05T15:23:54","modified_gmt":"2025-10-05T15:23:54","slug":"grooming-tonic-bandido","status":"publish","type":"product","link":"https:\/\/bandidoswitzerland.ch\/fr\/product\/grooming-tonic-bandido\/","title":{"rendered":"Grooming Tonic Bandido"},"content":{"rendered":"<p>Das Grooming Tonic von Bandido sorgt f\u00fcr einen lang anhaltenden, nat\u00fcrlichen Halt bei allen Haartypen. Ideal zum F\u00f6hnen und als Hitzeschutz. F\u00fcr den t\u00e4glichen Gebrauch.<br \/>\n1)Ideal zum F\u00f6hnen<br \/>\n2)Sorgt f\u00fcr weichen Halt und Volumen.<br \/>\n3)Hilft, den perfekten Pompadour zu erzielen.<\/p>\n<p>250ml<\/p>","protected":false},"excerpt":{"rendered":"<p>Das Grooming Tonic von Bandido sorgt f\u00fcr einen lang anhaltenden, nat\u00fcrlichen Halt bei allen Haartypen. Ideal zum F\u00f6hnen und als Hitzeschutz. F\u00fcr den t\u00e4glichen Gebrauch. 1)Ideal zum F\u00f6hnen 2)Sorgt f\u00fcr weichen Halt und Volumen. 3)Hilft, den perfekten Pompadour zu erzielen. 250ml<\/p>","protected":false},"featured_media":1544,"comment_status":"open","ping_status":"closed","template":"","meta":[],"product_brand":[],"product_cat":[28,29,27,104,21],"product_tag":[45],"class_list":{"0":"post-1543","1":"product","2":"type-product","3":"status-publish","4":"has-post-thumbnail","6":"product_cat-bart","7":"product_cat-gesicht-andere","8":"product_cat-haarpflege","9":"product_cat-herrenkosmetik","10":"product_cat-kosmetik","11":"product_tag-bandido","13":"first","14":"instock","15":"sale","16":"shipping-taxable","17":"purchasable","18":"product-type-simple"},"aioseo_notices":[],"_links":{"self":[{"href":"https:\/\/bandidoswitzerland.ch\/fr\/wp-json\/wp\/v2\/product\/1543","targetHints":{"allow":["GET"]}}],"collection":[{"href":"https:\/\/bandidoswitzerland.ch\/fr\/wp-json\/wp\/v2\/product"}],"about":[{"href":"https:\/\/bandidoswitzerland.ch\/fr\/wp-json\/wp\/v2\/types\/product"}],"replies":[{"embeddable":true,"href":"https:\/\/bandidoswitzerland.ch\/fr\/wp-json\/wp\/v2\/comments?post=1543"}],"wp:featuredmedia":[{"embeddable":true,"href":"https:\/\/bandidoswitzerland.ch\/fr\/wp-json\/wp\/v2\/media\/1544"}],"wp:attachment":[{"href":"https:\/\/bandidoswitzerland.ch\/fr\/wp-json\/wp\/v2\/media?parent=1543"}],"wp:term":[{"taxonomy":"product_brand","embeddable":true,"href":"https:\/\/bandidoswitzerland.ch\/fr\/wp-json\/wp\/v2\/product_brand?post=1543"},{"taxonomy":"product_cat","embeddable":true,"href":"https:\/\/bandidoswitzerland.ch\/fr\/wp-json\/wp\/v2\/product_cat?post=1543"},{"taxonomy":"product_tag","embeddable":true,"href":"https:\/\/bandidoswitzerland.ch\/fr\/wp-json\/wp\/v2\/product_tag?post=1543"}],"curies":[{"name":"wp","href":"https:\/\/api.w.org\/{rel}","templated":true}]}}