{"id":1541,"date":"2024-04-25T19:34:51","date_gmt":"2024-04-25T19:34:51","guid":{"rendered":"https:\/\/bandidoswitzerland.ch\/?post_type=product&#038;p=1541"},"modified":"2024-09-28T10:53:07","modified_gmt":"2024-09-28T10:53:07","slug":"haarschaum-milky-creamy-mousse-bandido","status":"publish","type":"product","link":"https:\/\/bandidoswitzerland.ch\/fr\/product\/haarschaum-milky-creamy-mousse-bandido\/","title":{"rendered":"Haarschaum Milky Creamy Mousse Bandido"},"content":{"rendered":"<p>Bandido Creamy Mousse Schaumfestiger ist ein einzigartiges Produkt, das intensive Pflege bietet, indem es Ihrem Haar den ganzen Tag lang Feuchtigkeit zuf\u00fchrt. Dank 12 essentiellen Aminos\u00e4uren und Milchprotein vitalisiert es au\u00dferdem trockenes und spr\u00f6des Haar. Speziell formulierte Inhaltsstoffe verleihen Coloriertem, behandeltem und gesch\u00e4digtem Haar Glanz, Geschmeidigkeit und ein gesundes Aussehen. Der Mousse-Conditioner beseitigt Haarbr\u00fcche, indem er die Elastizit\u00e4t des Haars erh\u00f6ht. Bietet langanhaltenden Halt, federnde Locken und Wellen, hinterl\u00e4sst ein geschmeidiges Haargef\u00fchl. Bandido Milk Therapy Mousse Verst\u00e4rken Sie Ihre federnden Locken f\u00fcr einen flexiblen Stil und langanhaltenden Halt und verabschieden Sie sich von krausem Haar.<\/p>\n<p>200ml<\/p>","protected":false},"excerpt":{"rendered":"<p>Bandido Creamy Mousse Schaumfestiger ist ein einzigartiges Produkt, das intensive Pflege bietet, indem es Ihrem Haar den ganzen Tag lang Feuchtigkeit zuf\u00fchrt. Dank 12 essentiellen Aminos\u00e4uren und Milchprotein vitalisiert es au\u00dferdem trockenes und spr\u00f6des Haar. Speziell formulierte Inhaltsstoffe verleihen Coloriertem, behandeltem und gesch\u00e4digtem Haar Glanz, Geschmeidigkeit und ein gesundes Aussehen. Der Mousse-Conditioner beseitigt Haarbr\u00fcche, indem [&hellip;]<\/p>","protected":false},"featured_media":1542,"comment_status":"open","ping_status":"closed","template":"","meta":[],"product_brand":[],"product_cat":[28,27,104,21],"product_tag":[45],"class_list":{"0":"post-1541","1":"product","2":"type-product","3":"status-publish","4":"has-post-thumbnail","6":"product_cat-bart","7":"product_cat-haarpflege","8":"product_cat-herrenkosmetik","9":"product_cat-kosmetik","10":"product_tag-bandido","12":"first","13":"instock","14":"shipping-taxable","15":"purchasable","16":"product-type-simple"},"aioseo_notices":[],"_links":{"self":[{"href":"https:\/\/bandidoswitzerland.ch\/fr\/wp-json\/wp\/v2\/product\/1541","targetHints":{"allow":["GET"]}}],"collection":[{"href":"https:\/\/bandidoswitzerland.ch\/fr\/wp-json\/wp\/v2\/product"}],"about":[{"href":"https:\/\/bandidoswitzerland.ch\/fr\/wp-json\/wp\/v2\/types\/product"}],"replies":[{"embeddable":true,"href":"https:\/\/bandidoswitzerland.ch\/fr\/wp-json\/wp\/v2\/comments?post=1541"}],"wp:featuredmedia":[{"embeddable":true,"href":"https:\/\/bandidoswitzerland.ch\/fr\/wp-json\/wp\/v2\/media\/1542"}],"wp:attachment":[{"href":"https:\/\/bandidoswitzerland.ch\/fr\/wp-json\/wp\/v2\/media?parent=1541"}],"wp:term":[{"taxonomy":"product_brand","embeddable":true,"href":"https:\/\/bandidoswitzerland.ch\/fr\/wp-json\/wp\/v2\/product_brand?post=1541"},{"taxonomy":"product_cat","embeddable":true,"href":"https:\/\/bandidoswitzerland.ch\/fr\/wp-json\/wp\/v2\/product_cat?post=1541"},{"taxonomy":"product_tag","embeddable":true,"href":"https:\/\/bandidoswitzerland.ch\/fr\/wp-json\/wp\/v2\/product_tag?post=1541"}],"curies":[{"name":"wp","href":"https:\/\/api.w.org\/{rel}","templated":true}]}}