{"id":1521,"date":"2024-04-25T14:27:15","date_gmt":"2024-04-25T14:27:15","guid":{"rendered":"https:\/\/bandidoswitzerland.ch\/?post_type=product&#038;p=1521"},"modified":"2026-04-01T13:07:00","modified_gmt":"2026-04-01T13:07:00","slug":"bandido-fiberwax-spider-wax","status":"publish","type":"product","link":"https:\/\/bandidoswitzerland.ch\/fr\/product\/bandido-fiberwax-spider-wax\/","title":{"rendered":"Bandido FiberWax (Spider Wax)"},"content":{"rendered":"<p>Bandido Fiber Wax macht es einfach, Ihr Haar mit seiner speziellen Formel und dem Spinnennetz-Effekt zu formen und sorgt f\u00fcr einen nat\u00fcrlichen Look.<br \/>\nBandido Fiber Wax ist leicht anwendbar und gibt Ihrem Haar die gew\u00fcnschte Form.<br \/>\nBandido Fiber Wax sorgt f\u00fcr eine feste Fixierung der Frisur und ein gl\u00e4nzendes Finish. Die Paste erm\u00f6glicht es Ihnen, interessante Frisuren zu kreieren. Das Kosmetikum l\u00e4sst sich leicht mit einem Kamm aus dem Haar entfernen. Die Paste klebt nicht an den Str\u00e4hnen und belastet sie nicht.<\/p>\n<p>125ml<\/p>","protected":false},"excerpt":{"rendered":"<p>Bandido Fiber Wax macht es einfach, Ihr Haar mit seiner speziellen Formel und dem Spinnennetz-Effekt zu formen und sorgt f\u00fcr einen nat\u00fcrlichen Look. Bandido Fiber Wax ist leicht anwendbar und gibt Ihrem Haar die gew\u00fcnschte Form. Bandido Fiber Wax sorgt f\u00fcr eine feste Fixierung der Frisur und ein gl\u00e4nzendes Finish. Die Paste erm\u00f6glicht es Ihnen, [&hellip;]<\/p>","protected":false},"featured_media":1522,"comment_status":"open","ping_status":"closed","template":"","meta":[],"product_brand":[],"product_cat":[28,27,104,21],"product_tag":[45],"class_list":{"0":"post-1521","1":"product","2":"type-product","3":"status-publish","4":"has-post-thumbnail","6":"product_cat-bart","7":"product_cat-haarpflege","8":"product_cat-herrenkosmetik","9":"product_cat-kosmetik","10":"product_tag-bandido","12":"first","13":"instock","14":"shipping-taxable","15":"purchasable","16":"product-type-simple"},"aioseo_notices":[],"_links":{"self":[{"href":"https:\/\/bandidoswitzerland.ch\/fr\/wp-json\/wp\/v2\/product\/1521","targetHints":{"allow":["GET"]}}],"collection":[{"href":"https:\/\/bandidoswitzerland.ch\/fr\/wp-json\/wp\/v2\/product"}],"about":[{"href":"https:\/\/bandidoswitzerland.ch\/fr\/wp-json\/wp\/v2\/types\/product"}],"replies":[{"embeddable":true,"href":"https:\/\/bandidoswitzerland.ch\/fr\/wp-json\/wp\/v2\/comments?post=1521"}],"wp:featuredmedia":[{"embeddable":true,"href":"https:\/\/bandidoswitzerland.ch\/fr\/wp-json\/wp\/v2\/media\/1522"}],"wp:attachment":[{"href":"https:\/\/bandidoswitzerland.ch\/fr\/wp-json\/wp\/v2\/media?parent=1521"}],"wp:term":[{"taxonomy":"product_brand","embeddable":true,"href":"https:\/\/bandidoswitzerland.ch\/fr\/wp-json\/wp\/v2\/product_brand?post=1521"},{"taxonomy":"product_cat","embeddable":true,"href":"https:\/\/bandidoswitzerland.ch\/fr\/wp-json\/wp\/v2\/product_cat?post=1521"},{"taxonomy":"product_tag","embeddable":true,"href":"https:\/\/bandidoswitzerland.ch\/fr\/wp-json\/wp\/v2\/product_tag?post=1521"}],"curies":[{"name":"wp","href":"https:\/\/api.w.org\/{rel}","templated":true}]}}