{"id":1428,"date":"2024-04-02T10:38:14","date_gmt":"2024-04-02T10:38:14","guid":{"rendered":"https:\/\/bandidoswitzerland.ch\/?post_type=product&#038;p=1428"},"modified":"2024-09-28T10:55:29","modified_gmt":"2024-09-28T10:55:29","slug":"beard-shampoo-bandido","status":"publish","type":"product","link":"https:\/\/bandidoswitzerland.ch\/fr\/product\/beard-shampoo-bandido\/","title":{"rendered":"Beard Shampoo Bandido"},"content":{"rendered":"<p>Sanfte Reinigung und Pflege, sowie f\u00fcr lebendige K\u00e4mmbarkeit und Glanz. Bandido Beard Shampoo bietet alles, was Sie f\u00fcr die t\u00e4gliche Bartreinigung ben\u00f6tigen.<\/p>\n<p>Mit dem sulfatfreien Bartshampoo von BANDIDO wird Ihr Haar weicher, gl\u00e4nzender, seidiger und kr\u00e4ftiger &#8211; f\u00fcr einen unglaublich weichen und gesunden Bart.<\/p>\n<p>Anwendung: Eine ausreichende Menge des Bartshampoos zwischen den Handfl\u00e4chen verteilen und in kreisenden Bewegungen in den feuchten Bart einmassieren, kurz einwirken lassen und gr\u00fcndlich aussp\u00fclen.<\/p>\n<p>&nbsp;<\/p>","protected":false},"excerpt":{"rendered":"<p>Sanfte Reinigung und Pflege, sowie f\u00fcr lebendige K\u00e4mmbarkeit und Glanz. Bandido Beard Shampoo bietet alles, was Sie f\u00fcr die t\u00e4gliche Bartreinigung ben\u00f6tigen. Mit dem sulfatfreien Bartshampoo von BANDIDO wird Ihr Haar weicher, gl\u00e4nzender, seidiger und kr\u00e4ftiger &#8211; f\u00fcr einen unglaublich weichen und gesunden Bart. Anwendung: Eine ausreichende Menge des Bartshampoos zwischen den Handfl\u00e4chen verteilen und [&hellip;]<\/p>","protected":false},"featured_media":1429,"comment_status":"open","ping_status":"closed","template":"","meta":[],"product_brand":[],"product_cat":[28,29,104,21],"product_tag":[45],"class_list":{"0":"post-1428","1":"product","2":"type-product","3":"status-publish","4":"has-post-thumbnail","6":"product_cat-bart","7":"product_cat-gesicht-andere","8":"product_cat-herrenkosmetik","9":"product_cat-kosmetik","10":"product_tag-bandido","12":"first","13":"instock","14":"shipping-taxable","15":"purchasable","16":"product-type-simple"},"aioseo_notices":[],"_links":{"self":[{"href":"https:\/\/bandidoswitzerland.ch\/fr\/wp-json\/wp\/v2\/product\/1428","targetHints":{"allow":["GET"]}}],"collection":[{"href":"https:\/\/bandidoswitzerland.ch\/fr\/wp-json\/wp\/v2\/product"}],"about":[{"href":"https:\/\/bandidoswitzerland.ch\/fr\/wp-json\/wp\/v2\/types\/product"}],"replies":[{"embeddable":true,"href":"https:\/\/bandidoswitzerland.ch\/fr\/wp-json\/wp\/v2\/comments?post=1428"}],"wp:featuredmedia":[{"embeddable":true,"href":"https:\/\/bandidoswitzerland.ch\/fr\/wp-json\/wp\/v2\/media\/1429"}],"wp:attachment":[{"href":"https:\/\/bandidoswitzerland.ch\/fr\/wp-json\/wp\/v2\/media?parent=1428"}],"wp:term":[{"taxonomy":"product_brand","embeddable":true,"href":"https:\/\/bandidoswitzerland.ch\/fr\/wp-json\/wp\/v2\/product_brand?post=1428"},{"taxonomy":"product_cat","embeddable":true,"href":"https:\/\/bandidoswitzerland.ch\/fr\/wp-json\/wp\/v2\/product_cat?post=1428"},{"taxonomy":"product_tag","embeddable":true,"href":"https:\/\/bandidoswitzerland.ch\/fr\/wp-json\/wp\/v2\/product_tag?post=1428"}],"curies":[{"name":"wp","href":"https:\/\/api.w.org\/{rel}","templated":true}]}}