{"id":1176,"date":"2023-10-10T12:00:19","date_gmt":"2023-10-10T12:00:19","guid":{"rendered":"https:\/\/bandidoswitzerland.ch\/?post_type=product&#038;p=1176"},"modified":"2025-11-08T10:58:37","modified_gmt":"2025-11-08T10:58:37","slug":"olive-oil-sheen-spray-bandido","status":"publish","type":"product","link":"https:\/\/bandidoswitzerland.ch\/fr\/product\/olive-oil-sheen-spray-bandido\/","title":{"rendered":"Olive Oil Sheen Spray Bandido"},"content":{"rendered":"<p>Bandido Hair Hairspray gibt dem Haar langanhaltenden Halt, verleiht ihm einen nat\u00fcrlichen Glanz. Verklebt das Haar nicht, trocknet schnell und ist leicht zu k\u00e4mmen.<\/p>\n<p>Anwendung: Auf das trockene oder feuchte Haar auftragen und die Frisur modellieren. Aus einer Entfernung von 20-30 cm in kurzen Abst\u00e4nden aufspr\u00fchen. F\u00fcr zus\u00e4tzlichen Halt auf eine bereits geformte Frisur auftragen. Unter warmem Wasser aussp\u00fclen, wenn der Aktivator verstopft ist.<\/p>\n<p>Volume: 500 ml<\/p>\n<p>Brand: Bandido<\/p>","protected":false},"excerpt":{"rendered":"<p>Bandido Hair Hairspray gibt dem Haar langanhaltenden Halt, verleiht ihm einen nat\u00fcrlichen Glanz. Verklebt das Haar nicht, trocknet schnell und ist leicht zu k\u00e4mmen. Anwendung: Auf das trockene oder feuchte Haar auftragen und die Frisur modellieren. Aus einer Entfernung von 20-30 cm in kurzen Abst\u00e4nden aufspr\u00fchen. F\u00fcr zus\u00e4tzlichen Halt auf eine bereits geformte Frisur auftragen. [&hellip;]<\/p>","protected":false},"featured_media":1177,"comment_status":"open","ping_status":"closed","template":"","meta":[],"product_brand":[],"product_cat":[28,27,104,21],"product_tag":[45],"class_list":{"0":"post-1176","1":"product","2":"type-product","3":"status-publish","4":"has-post-thumbnail","6":"product_cat-bart","7":"product_cat-haarpflege","8":"product_cat-herrenkosmetik","9":"product_cat-kosmetik","10":"product_tag-bandido","12":"first","13":"instock","14":"shipping-taxable","15":"purchasable","16":"product-type-simple"},"aioseo_notices":[],"_links":{"self":[{"href":"https:\/\/bandidoswitzerland.ch\/fr\/wp-json\/wp\/v2\/product\/1176","targetHints":{"allow":["GET"]}}],"collection":[{"href":"https:\/\/bandidoswitzerland.ch\/fr\/wp-json\/wp\/v2\/product"}],"about":[{"href":"https:\/\/bandidoswitzerland.ch\/fr\/wp-json\/wp\/v2\/types\/product"}],"replies":[{"embeddable":true,"href":"https:\/\/bandidoswitzerland.ch\/fr\/wp-json\/wp\/v2\/comments?post=1176"}],"wp:featuredmedia":[{"embeddable":true,"href":"https:\/\/bandidoswitzerland.ch\/fr\/wp-json\/wp\/v2\/media\/1177"}],"wp:attachment":[{"href":"https:\/\/bandidoswitzerland.ch\/fr\/wp-json\/wp\/v2\/media?parent=1176"}],"wp:term":[{"taxonomy":"product_brand","embeddable":true,"href":"https:\/\/bandidoswitzerland.ch\/fr\/wp-json\/wp\/v2\/product_brand?post=1176"},{"taxonomy":"product_cat","embeddable":true,"href":"https:\/\/bandidoswitzerland.ch\/fr\/wp-json\/wp\/v2\/product_cat?post=1176"},{"taxonomy":"product_tag","embeddable":true,"href":"https:\/\/bandidoswitzerland.ch\/fr\/wp-json\/wp\/v2\/product_tag?post=1176"}],"curies":[{"name":"wp","href":"https:\/\/api.w.org\/{rel}","templated":true}]}}