{"id":1173,"date":"2023-10-10T11:58:27","date_gmt":"2023-10-10T11:58:27","guid":{"rendered":"https:\/\/bandidoswitzerland.ch\/?post_type=product&#038;p=1173"},"modified":"2025-05-29T07:51:35","modified_gmt":"2025-05-29T07:51:35","slug":"bloodstone-24-pcs-bandido","status":"publish","type":"product","link":"https:\/\/bandidoswitzerland.ch\/fr\/product\/bloodstone-24-pcs-bandido\/","title":{"rendered":"Bloodstone 24 pcs Bandido"},"content":{"rendered":"<p>Die Blutstein-H\u00e4mostatikastifte von Bandido sind ein spezielles Produkt, das hilft, das Blut zu stoppen und die Wunden nach der Rasur zu heilen. Weder ein Anf\u00e4nger noch ein Profi ist vor ungeschickten Bewegungen bei der Rasur gefeit. Ein Set von St\u00e4bchen f\u00fcr Schnitte nach der Rasur ist ein Muss in Ihrem Badezimmer. Die Zusammensetzung der St\u00e4bchen hilft, das Blut schnell zu stoppen, Entz\u00fcndungen vorzubeugen und die schnelle Heilung der Wunde zu f\u00f6rdern. Die St\u00e4bchen werden als Set verkauft &#8211; Sie k\u00f6nnen sie in Ihre Hausapotheke legen und m\u00fcssen sich im Falle einer kleinen Schnittwunde keine Sorgen machen.<\/p>","protected":false},"excerpt":{"rendered":"<p>Die Blutstein-H\u00e4mostatikastifte von Bandido sind ein spezielles Produkt, das hilft, das Blut zu stoppen und die Wunden nach der Rasur zu heilen. Weder ein Anf\u00e4nger noch ein Profi ist vor ungeschickten Bewegungen bei der Rasur gefeit. Ein Set von St\u00e4bchen f\u00fcr Schnitte nach der Rasur ist ein Muss in Ihrem Badezimmer. Die Zusammensetzung der St\u00e4bchen [&hellip;]<\/p>","protected":false},"featured_media":1175,"comment_status":"open","ping_status":"closed","template":"","meta":[],"product_brand":[],"product_cat":[22],"product_tag":[45],"class_list":{"0":"post-1173","1":"product","2":"type-product","3":"status-publish","4":"has-post-thumbnail","6":"product_cat-zubehor","7":"product_tag-bandido","9":"first","10":"instock","11":"shipping-taxable","12":"purchasable","13":"product-type-simple"},"aioseo_notices":[],"_links":{"self":[{"href":"https:\/\/bandidoswitzerland.ch\/fr\/wp-json\/wp\/v2\/product\/1173","targetHints":{"allow":["GET"]}}],"collection":[{"href":"https:\/\/bandidoswitzerland.ch\/fr\/wp-json\/wp\/v2\/product"}],"about":[{"href":"https:\/\/bandidoswitzerland.ch\/fr\/wp-json\/wp\/v2\/types\/product"}],"replies":[{"embeddable":true,"href":"https:\/\/bandidoswitzerland.ch\/fr\/wp-json\/wp\/v2\/comments?post=1173"}],"wp:featuredmedia":[{"embeddable":true,"href":"https:\/\/bandidoswitzerland.ch\/fr\/wp-json\/wp\/v2\/media\/1175"}],"wp:attachment":[{"href":"https:\/\/bandidoswitzerland.ch\/fr\/wp-json\/wp\/v2\/media?parent=1173"}],"wp:term":[{"taxonomy":"product_brand","embeddable":true,"href":"https:\/\/bandidoswitzerland.ch\/fr\/wp-json\/wp\/v2\/product_brand?post=1173"},{"taxonomy":"product_cat","embeddable":true,"href":"https:\/\/bandidoswitzerland.ch\/fr\/wp-json\/wp\/v2\/product_cat?post=1173"},{"taxonomy":"product_tag","embeddable":true,"href":"https:\/\/bandidoswitzerland.ch\/fr\/wp-json\/wp\/v2\/product_tag?post=1173"}],"curies":[{"name":"wp","href":"https:\/\/api.w.org\/{rel}","templated":true}]}}