{"id":389,"date":"2023-08-30T12:40:18","date_gmt":"2023-08-30T12:40:18","guid":{"rendered":"https:\/\/bandidoswitzerland.ch\/?page_id=389"},"modified":"2025-08-26T13:08:51","modified_gmt":"2025-08-26T13:08:51","slug":"unsere-kunden","status":"publish","type":"page","link":"https:\/\/bandidoswitzerland.ch\/fr\/unsere-kunden\/","title":{"rendered":"Unsere Kunden"},"content":{"rendered":"<div data-elementor-type=\"wp-page\" data-elementor-id=\"389\" class=\"elementor elementor-389\" data-elementor-post-type=\"page\">\n\t\t\t\t\t\t<section class=\"elementor-section elementor-top-section elementor-element elementor-element-ebc623a elementor-section-boxed elementor-section-height-default elementor-section-height-default\" data-id=\"ebc623a\" data-element_type=\"section\" data-e-type=\"section\">\n\t\t\t\t\t\t<div class=\"elementor-container elementor-column-gap-default\">\n\t\t\t\t\t<div class=\"elementor-column elementor-col-33 elementor-top-column elementor-element elementor-element-a2e767b\" data-id=\"a2e767b\" data-element_type=\"column\" data-e-type=\"column\">\n\t\t\t<div class=\"elementor-widget-wrap elementor-element-populated\">\n\t\t\t\t\t\t<div class=\"elementor-element elementor-element-27811cd elementor-nav-menu__align-start elementor-nav-menu--dropdown-none elementor-widget elementor-widget-nav-menu\" data-id=\"27811cd\" data-element_type=\"widget\" data-e-type=\"widget\" data-settings=\"{&quot;layout&quot;:&quot;vertical&quot;,&quot;submenu_icon&quot;:{&quot;value&quot;:&quot;&lt;i class=\\&quot;fas fa-caret-down\\&quot;&gt;&lt;\\\/i&gt;&quot;,&quot;library&quot;:&quot;fa-solid&quot;}}\" data-widget_type=\"nav-menu.default\">\n\t\t\t\t<div class=\"elementor-widget-container\">\n\t\t\t\t\t\t\t\t<nav aria-label=\"Menu\" class=\"elementor-nav-menu--main elementor-nav-menu__container elementor-nav-menu--layout-vertical e--pointer-underline e--animation-fade\">\n\t\t\t\t<ul id=\"menu-1-27811cd\" class=\"elementor-nav-menu sm-vertical\"><li class=\"menu-item menu-item-type-post_type menu-item-object-page menu-item-392\"><a href=\"https:\/\/bandidoswitzerland.ch\/fr\/kontakt\/\" class=\"elementor-item\">Kontakt<\/a><\/li>\n<li class=\"menu-item menu-item-type-post_type menu-item-object-page menu-item-394\"><a href=\"https:\/\/bandidoswitzerland.ch\/fr\/zahlungsarten\/\" class=\"elementor-item\">Zahlungsarten<\/a><\/li>\n<li class=\"menu-item menu-item-type-post_type menu-item-object-page menu-item-2474\"><a href=\"https:\/\/bandidoswitzerland.ch\/fr\/umtausch-und-ruckgabe\/\" class=\"elementor-item\">\u00c9change et retour<\/a><\/li>\n<li class=\"menu-item menu-item-type-post_type menu-item-object-page menu-item-391\"><a href=\"https:\/\/bandidoswitzerland.ch\/fr\/haufig-gestellte-fragen\/\" class=\"elementor-item\">H\u00e4ufig gestellte Fragen<\/a><\/li>\n<li class=\"menu-item menu-item-type-post_type menu-item-object-page menu-item-393\"><a href=\"https:\/\/bandidoswitzerland.ch\/fr\/unsere-kunden\/\" class=\"elementor-item\">Unsere Kunden<\/a><\/li>\n<li class=\"menu-item menu-item-type-post_type menu-item-object-page menu-item-2473\"><a href=\"https:\/\/bandidoswitzerland.ch\/fr\/uber-uns\/\" class=\"elementor-item\">\u00c0 propos de nous<\/a><\/li>\n<li class=\"menu-item menu-item-type-post_type menu-item-object-page menu-item-2775\"><a href=\"https:\/\/bandidoswitzerland.ch\/fr\/kontakt\/impressum\/\" class=\"elementor-item\">Impressum<\/a><\/li>\n<li class=\"menu-item menu-item-type-post_type menu-item-object-page menu-item-2798\"><a href=\"https:\/\/bandidoswitzerland.ch\/fr\/agb\/\" class=\"elementor-item\">AGB<\/a><\/li>\n<\/ul>\t\t\t<\/nav>\n\t\t\t\t\t\t<nav class=\"elementor-nav-menu--dropdown elementor-nav-menu__container\" aria-hidden=\"true\">\n\t\t\t\t<ul id=\"menu-2-27811cd\" class=\"elementor-nav-menu sm-vertical\"><li class=\"menu-item menu-item-type-post_type menu-item-object-page menu-item-392\"><a href=\"https:\/\/bandidoswitzerland.ch\/fr\/kontakt\/\" class=\"elementor-item\" tabindex=\"-1\">Kontakt<\/a><\/li>\n<li class=\"menu-item menu-item-type-post_type menu-item-object-page menu-item-394\"><a href=\"https:\/\/bandidoswitzerland.ch\/fr\/zahlungsarten\/\" class=\"elementor-item\" tabindex=\"-1\">Zahlungsarten<\/a><\/li>\n<li class=\"menu-item menu-item-type-post_type menu-item-object-page menu-item-2474\"><a href=\"https:\/\/bandidoswitzerland.ch\/fr\/umtausch-und-ruckgabe\/\" class=\"elementor-item\" tabindex=\"-1\">\u00c9change et retour<\/a><\/li>\n<li class=\"menu-item menu-item-type-post_type menu-item-object-page menu-item-391\"><a href=\"https:\/\/bandidoswitzerland.ch\/fr\/haufig-gestellte-fragen\/\" class=\"elementor-item\" tabindex=\"-1\">H\u00e4ufig gestellte Fragen<\/a><\/li>\n<li class=\"menu-item menu-item-type-post_type menu-item-object-page menu-item-393\"><a href=\"https:\/\/bandidoswitzerland.ch\/fr\/unsere-kunden\/\" class=\"elementor-item\" tabindex=\"-1\">Unsere Kunden<\/a><\/li>\n<li class=\"menu-item menu-item-type-post_type menu-item-object-page menu-item-2473\"><a href=\"https:\/\/bandidoswitzerland.ch\/fr\/uber-uns\/\" class=\"elementor-item\" tabindex=\"-1\">\u00c0 propos de nous<\/a><\/li>\n<li class=\"menu-item menu-item-type-post_type menu-item-object-page menu-item-2775\"><a href=\"https:\/\/bandidoswitzerland.ch\/fr\/kontakt\/impressum\/\" class=\"elementor-item\" tabindex=\"-1\">Impressum<\/a><\/li>\n<li class=\"menu-item menu-item-type-post_type menu-item-object-page menu-item-2798\"><a href=\"https:\/\/bandidoswitzerland.ch\/fr\/agb\/\" class=\"elementor-item\" tabindex=\"-1\">AGB<\/a><\/li>\n<\/ul>\t\t\t<\/nav>\n\t\t\t\t\t\t<\/div>\n\t\t\t\t<\/div>\n\t\t\t\t\t<\/div>\n\t\t<\/div>\n\t\t\t\t<div class=\"elementor-column elementor-col-66 elementor-top-column elementor-element elementor-element-5bdd13b\" data-id=\"5bdd13b\" data-element_type=\"column\" data-e-type=\"column\">\n\t\t\t<div class=\"elementor-widget-wrap elementor-element-populated\">\n\t\t\t\t\t\t<div class=\"elementor-element elementor-element-9d8a85b elementor-widget elementor-widget-elementskit-testimonial\" data-id=\"9d8a85b\" data-element_type=\"widget\" data-e-type=\"widget\" data-widget_type=\"elementskit-testimonial.default\">\n\t\t\t\t<div class=\"elementor-widget-container\">\n\t\t\t\t\t<div class=\"ekit-wid-con\" ><div class=\"elementskit-testimonial-slider arrow_inside elementskit-default-testimonial slider-dotted\" data-config=\"{&quot;rtl&quot;:false,&quot;arrows&quot;:false,&quot;dots&quot;:true,&quot;pauseOnHover&quot;:true,&quot;autoplay&quot;:true,&quot;speed&quot;:1000,&quot;slidesPerGroup&quot;:1,&quot;slidesPerView&quot;:1,&quot;loop&quot;:false,&quot;spaceBetween&quot;:15,&quot;breakpoints&quot;:{&quot;320&quot;:{&quot;slidesPerView&quot;:1,&quot;slidesPerGroup&quot;:1,&quot;spaceBetween&quot;:10},&quot;768&quot;:{&quot;slidesPerView&quot;:2,&quot;slidesPerGroup&quot;:1,&quot;spaceBetween&quot;:10},&quot;1024&quot;:{&quot;slidesPerView&quot;:1,&quot;slidesPerGroup&quot;:1,&quot;spaceBetween&quot;:15}}}\">\n\t<div class=\"ekit-main-swiper swiper\">\n\t\t<div class=\"swiper-wrapper\">\n\t\t\t\t\t\t\t<div class=\"swiper-slide\">\n\t\t\t\t\t<div class=\"swiper-slide-inner\">\n\t\t\t\t\t\t<div class=\"elemntskit-testimonial-item\" >\n\t\t\t\t\t\t\t<div class=\"elementskit-single-testimonial-slider\">\n\t\t\t\t\t\t\t\t<div class=\"row\">\n\t\t\t\t\t\t\t\t\t<div class=\"col-lg-6 elementkit-testimonial-col\">\n\t\t\t\t\t\t\t\t\t\t<div class=\"elementskit-commentor-content\">\n\t\t\t\t\t\t\t\t\t\t\t\t\t\t\t\t\t\t\t\t\t\t\t\t\t\t\t\t\t\t\t\t\t\t<p>Hani scho mehfach bi 3guys bestellt \u2013 jedes Mal alles tiptop. Schn\u00e4ll, zuverl\u00e4ssig und gueti Qualit\u00e4\u00e4t. Merci!<\/p>\n\t\t\t\t\t\t\t\t\t\t\t\t\t\t\t\t\t\t\t\t\t\t\t\t\t\t\t\t\t\t\t\t\t\t<span class=\"elementskit-border-hr\"><\/span>\n\t\t\t\t\t\t\t\t\t\t\t\t\t\t\t\t\t\t\t\t\t\t<span class=\"elementskit-profile-info\">\n\t\t\t\t\t\t\t\t\t\t\t\t<strong class=\"elementskit-author-name\">Patrick<\/strong>\n\t\t\t\t\t\t\t\t\t\t\t\t<span class=\"elementskit-author-des\"><\/span>\n\t\t\t\t\t\t\t\t\t\t\t<\/span>\n\t\t\t\t\t\t\t\t\t\t<\/div>\n\t\t\t\t\t\t\t\t\t<\/div>\n\t\t\t\t\t\t\t\t\t<div class=\"col-lg-6 elementkit-testimonial-col\">\n\t\t\t\t\t\t\t\t\t\t<div class=\"elementskit-profile-image-card\">\n\t\t\t\t\t\t\t\t\t\t\t<img fetchpriority=\"high\" decoding=\"async\" width=\"655\" height=\"1600\" src=\"https:\/\/bandidoswitzerland.ch\/wp-content\/uploads\/2025\/08\/IMG-20220131-WA0028.jpg\" class=\"attachment-full size-full\" alt=\"\" srcset=\"https:\/\/bandidoswitzerland.ch\/wp-content\/uploads\/2025\/08\/IMG-20220131-WA0028.jpg 655w, https:\/\/bandidoswitzerland.ch\/wp-content\/uploads\/2025\/08\/IMG-20220131-WA0028-123x300.jpg 123w, https:\/\/bandidoswitzerland.ch\/wp-content\/uploads\/2025\/08\/IMG-20220131-WA0028-419x1024.jpg 419w, https:\/\/bandidoswitzerland.ch\/wp-content\/uploads\/2025\/08\/IMG-20220131-WA0028-629x1536.jpg 629w, https:\/\/bandidoswitzerland.ch\/wp-content\/uploads\/2025\/08\/IMG-20220131-WA0028-600x1466.jpg 600w\" sizes=\"(max-width: 655px) 100vw, 655px\" \/>\t\t\t\t\t\t\t\t\t\t\t\t\t\t\t\t\t\t\t\t\t<\/div>\n\t\t\t\t\t\t\t\t\t<\/div>\n\t\t\t\t\t\t\t\t<\/div>\n\t\t\t\t\t\t\t<\/div>\n\t\t\t\t\t\t<\/div>\n\t\t\t\t\t<\/div>\n\t\t\t\t<\/div>\n\t\t\t\t\t\t\t<div class=\"swiper-slide\">\n\t\t\t\t\t<div class=\"swiper-slide-inner\">\n\t\t\t\t\t\t<div class=\"elemntskit-testimonial-item\" >\n\t\t\t\t\t\t\t<div class=\"elementskit-single-testimonial-slider\">\n\t\t\t\t\t\t\t\t<div class=\"row\">\n\t\t\t\t\t\t\t\t\t<div class=\"col-lg-6 elementkit-testimonial-col\">\n\t\t\t\t\t\t\t\t\t\t<div class=\"elementskit-commentor-content\">\n\t\t\t\t\t\t\t\t\t\t\t\t\t\t\t\t\t\t\t\t\t\t\t\t\t\t\t\t\t\t\t\t\t\t<p>Ich bin sehr sehr zufrieden mit den produkten und meine kunden lieben es auch.! Danke das es eich gibt und vielen lieben dank f\u00fcr eure zuverl\u00e4ssigkeit\ud83d\ude0dbeste leute von 3guys\u2026<\/p>\n\t\t\t\t\t\t\t\t\t\t\t\t\t\t\t\t\t\t\t\t\t\t\t\t\t\t\t\t\t\t\t\t\t\t<span class=\"elementskit-border-hr\"><\/span>\n\t\t\t\t\t\t\t\t\t\t\t\t\t\t\t\t\t\t\t\t\t\t<span class=\"elementskit-profile-info\">\n\t\t\t\t\t\t\t\t\t\t\t\t<strong class=\"elementskit-author-name\">Robster<\/strong>\n\t\t\t\t\t\t\t\t\t\t\t\t<span class=\"elementskit-author-des\">Haargenau<\/span>\n\t\t\t\t\t\t\t\t\t\t\t<\/span>\n\t\t\t\t\t\t\t\t\t\t<\/div>\n\t\t\t\t\t\t\t\t\t<\/div>\n\t\t\t\t\t\t\t\t\t<div class=\"col-lg-6 elementkit-testimonial-col\">\n\t\t\t\t\t\t\t\t\t\t<div class=\"elementskit-profile-image-card\">\n\t\t\t\t\t\t\t\t\t\t\t<img decoding=\"async\" width=\"1202\" height=\"1602\" src=\"https:\/\/bandidoswitzerland.ch\/wp-content\/uploads\/2025\/08\/20230307_103935.jpg\" class=\"attachment-full size-full\" alt=\"\" srcset=\"https:\/\/bandidoswitzerland.ch\/wp-content\/uploads\/2025\/08\/20230307_103935.jpg 1202w, https:\/\/bandidoswitzerland.ch\/wp-content\/uploads\/2025\/08\/20230307_103935-225x300.jpg 225w, https:\/\/bandidoswitzerland.ch\/wp-content\/uploads\/2025\/08\/20230307_103935-768x1024.jpg 768w, https:\/\/bandidoswitzerland.ch\/wp-content\/uploads\/2025\/08\/20230307_103935-1152x1536.jpg 1152w, https:\/\/bandidoswitzerland.ch\/wp-content\/uploads\/2025\/08\/20230307_103935-600x800.jpg 600w\" sizes=\"(max-width: 1202px) 100vw, 1202px\" \/>\t\t\t\t\t\t\t\t\t\t\t\t\t\t\t\t\t\t\t\t\t<\/div>\n\t\t\t\t\t\t\t\t\t<\/div>\n\t\t\t\t\t\t\t\t<\/div>\n\t\t\t\t\t\t\t<\/div>\n\t\t\t\t\t\t<\/div>\n\t\t\t\t\t<\/div>\n\t\t\t\t<\/div>\n\t\t\t\t\t\t\t<div class=\"swiper-slide\">\n\t\t\t\t\t<div class=\"swiper-slide-inner\">\n\t\t\t\t\t\t<div class=\"elemntskit-testimonial-item\" >\n\t\t\t\t\t\t\t<div class=\"elementskit-single-testimonial-slider\">\n\t\t\t\t\t\t\t\t<div class=\"row\">\n\t\t\t\t\t\t\t\t\t<div class=\"col-lg-6 elementkit-testimonial-col\">\n\t\t\t\t\t\t\t\t\t\t<div class=\"elementskit-commentor-content\">\n\t\t\t\t\t\t\t\t\t\t\t\t\t\t\t\t\t\t\t\t\t\t\t\t\t\t\t\t\t\t\t\t\t\t<p>Barber shop welt einfach super Produkte<\/p>\n\t\t\t\t\t\t\t\t\t\t\t\t\t\t\t\t\t\t\t\t\t\t\t\t\t\t\t\t\t\t\t\t\t\t<span class=\"elementskit-border-hr\"><\/span>\n\t\t\t\t\t\t\t\t\t\t\t\t\t\t\t\t\t\t\t\t\t\t<span class=\"elementskit-profile-info\">\n\t\t\t\t\t\t\t\t\t\t\t\t<strong class=\"elementskit-author-name\">Belal<\/strong>\n\t\t\t\t\t\t\t\t\t\t\t\t<span class=\"elementskit-author-des\"><\/span>\n\t\t\t\t\t\t\t\t\t\t\t<\/span>\n\t\t\t\t\t\t\t\t\t\t<\/div>\n\t\t\t\t\t\t\t\t\t<\/div>\n\t\t\t\t\t\t\t\t\t<div class=\"col-lg-6 elementkit-testimonial-col\">\n\t\t\t\t\t\t\t\t\t\t<div class=\"elementskit-profile-image-card\">\n\t\t\t\t\t\t\t\t\t\t\t<img decoding=\"async\" width=\"1202\" height=\"1602\" src=\"https:\/\/bandidoswitzerland.ch\/wp-content\/uploads\/2025\/08\/20221025_104839.jpg\" class=\"attachment-full size-full\" alt=\"\" srcset=\"https:\/\/bandidoswitzerland.ch\/wp-content\/uploads\/2025\/08\/20221025_104839.jpg 1202w, https:\/\/bandidoswitzerland.ch\/wp-content\/uploads\/2025\/08\/20221025_104839-225x300.jpg 225w, https:\/\/bandidoswitzerland.ch\/wp-content\/uploads\/2025\/08\/20221025_104839-768x1024.jpg 768w, https:\/\/bandidoswitzerland.ch\/wp-content\/uploads\/2025\/08\/20221025_104839-1152x1536.jpg 1152w, https:\/\/bandidoswitzerland.ch\/wp-content\/uploads\/2025\/08\/20221025_104839-600x800.jpg 600w\" sizes=\"(max-width: 1202px) 100vw, 1202px\" \/>\t\t\t\t\t\t\t\t\t\t\t\t\t\t\t\t\t\t\t\t\t<\/div>\n\t\t\t\t\t\t\t\t\t<\/div>\n\t\t\t\t\t\t\t\t<\/div>\n\t\t\t\t\t\t\t<\/div>\n\t\t\t\t\t\t<\/div>\n\t\t\t\t\t<\/div>\n\t\t\t\t<\/div>\n\t\t\t\t\t\t\t<div class=\"swiper-slide\">\n\t\t\t\t\t<div class=\"swiper-slide-inner\">\n\t\t\t\t\t\t<div class=\"elemntskit-testimonial-item\" >\n\t\t\t\t\t\t\t<div class=\"elementskit-single-testimonial-slider\">\n\t\t\t\t\t\t\t\t<div class=\"row\">\n\t\t\t\t\t\t\t\t\t<div class=\"col-lg-6 elementkit-testimonial-col\">\n\t\t\t\t\t\t\t\t\t\t<div class=\"elementskit-commentor-content\">\n\t\t\t\t\t\t\t\t\t\t\t\t\t\t\t\t\t\t\t\t\t\t\t\t\t\t\t\t\t\t\t\t\t\t<p>Schnell und professionell. Ich kann empfehlen.<\/p>\n\t\t\t\t\t\t\t\t\t\t\t\t\t\t\t\t\t\t\t\t\t\t\t\t\t\t\t\t\t\t\t\t\t\t<span class=\"elementskit-border-hr\"><\/span>\n\t\t\t\t\t\t\t\t\t\t\t\t\t\t\t\t\t\t\t\t\t\t<span class=\"elementskit-profile-info\">\n\t\t\t\t\t\t\t\t\t\t\t\t<strong class=\"elementskit-author-name\">Dominik<\/strong>\n\t\t\t\t\t\t\t\t\t\t\t\t<span class=\"elementskit-author-des\"><\/span>\n\t\t\t\t\t\t\t\t\t\t\t<\/span>\n\t\t\t\t\t\t\t\t\t\t<\/div>\n\t\t\t\t\t\t\t\t\t<\/div>\n\t\t\t\t\t\t\t\t\t<div class=\"col-lg-6 elementkit-testimonial-col\">\n\t\t\t\t\t\t\t\t\t\t<div class=\"elementskit-profile-image-card\">\n\t\t\t\t\t\t\t\t\t\t\t<img loading=\"lazy\" decoding=\"async\" width=\"1202\" height=\"1602\" src=\"https:\/\/bandidoswitzerland.ch\/wp-content\/uploads\/2025\/08\/20241216_101133.jpg\" class=\"attachment-full size-full\" alt=\"\" srcset=\"https:\/\/bandidoswitzerland.ch\/wp-content\/uploads\/2025\/08\/20241216_101133.jpg 1202w, https:\/\/bandidoswitzerland.ch\/wp-content\/uploads\/2025\/08\/20241216_101133-225x300.jpg 225w, https:\/\/bandidoswitzerland.ch\/wp-content\/uploads\/2025\/08\/20241216_101133-768x1024.jpg 768w, https:\/\/bandidoswitzerland.ch\/wp-content\/uploads\/2025\/08\/20241216_101133-1152x1536.jpg 1152w, https:\/\/bandidoswitzerland.ch\/wp-content\/uploads\/2025\/08\/20241216_101133-600x800.jpg 600w\" sizes=\"(max-width: 1202px) 100vw, 1202px\" \/>\t\t\t\t\t\t\t\t\t\t\t\t\t\t\t\t\t\t\t\t\t<\/div>\n\t\t\t\t\t\t\t\t\t<\/div>\n\t\t\t\t\t\t\t\t<\/div>\n\t\t\t\t\t\t\t<\/div>\n\t\t\t\t\t\t<\/div>\n\t\t\t\t\t<\/div>\n\t\t\t\t<\/div>\n\t\t\t\t\t\t\t<div class=\"swiper-slide\">\n\t\t\t\t\t<div class=\"swiper-slide-inner\">\n\t\t\t\t\t\t<div class=\"elemntskit-testimonial-item\" >\n\t\t\t\t\t\t\t<div class=\"elementskit-single-testimonial-slider\">\n\t\t\t\t\t\t\t\t<div class=\"row\">\n\t\t\t\t\t\t\t\t\t<div class=\"col-lg-6 elementkit-testimonial-col\">\n\t\t\t\t\t\t\t\t\t\t<div class=\"elementskit-commentor-content\">\n\t\t\t\t\t\t\t\t\t\t\t\t\t\t\t\t\t\t\t\t\t\t\t\t\t\t\t\t\t\t\t\t\t\t<p>Ich arbeite seit einiger Zeit mit 3guys GmbH zusammen und bin sehr zufrieden. Alles wird zuverl\u00e4ssig und p\u00fcnktlich geliefert. Sehr professioneller Service!<\/p>\n\t\t\t\t\t\t\t\t\t\t\t\t\t\t\t\t\t\t\t\t\t\t\t\t\t\t\t\t\t\t\t\t\t\t<span class=\"elementskit-border-hr\"><\/span>\n\t\t\t\t\t\t\t\t\t\t\t\t\t\t\t\t\t\t\t\t\t\t<span class=\"elementskit-profile-info\">\n\t\t\t\t\t\t\t\t\t\t\t\t<strong class=\"elementskit-author-name\">Markus<\/strong>\n\t\t\t\t\t\t\t\t\t\t\t\t<span class=\"elementskit-author-des\"><\/span>\n\t\t\t\t\t\t\t\t\t\t\t<\/span>\n\t\t\t\t\t\t\t\t\t\t<\/div>\n\t\t\t\t\t\t\t\t\t<\/div>\n\t\t\t\t\t\t\t\t\t<div class=\"col-lg-6 elementkit-testimonial-col\">\n\t\t\t\t\t\t\t\t\t\t<div class=\"elementskit-profile-image-card\">\n\t\t\t\t\t\t\t\t\t\t\t<img loading=\"lazy\" decoding=\"async\" width=\"1202\" height=\"1602\" src=\"https:\/\/bandidoswitzerland.ch\/wp-content\/uploads\/2025\/08\/20230927_145650.jpg\" class=\"attachment-full size-full\" alt=\"\" srcset=\"https:\/\/bandidoswitzerland.ch\/wp-content\/uploads\/2025\/08\/20230927_145650.jpg 1202w, https:\/\/bandidoswitzerland.ch\/wp-content\/uploads\/2025\/08\/20230927_145650-225x300.jpg 225w, https:\/\/bandidoswitzerland.ch\/wp-content\/uploads\/2025\/08\/20230927_145650-768x1024.jpg 768w, https:\/\/bandidoswitzerland.ch\/wp-content\/uploads\/2025\/08\/20230927_145650-1152x1536.jpg 1152w, https:\/\/bandidoswitzerland.ch\/wp-content\/uploads\/2025\/08\/20230927_145650-600x800.jpg 600w\" sizes=\"(max-width: 1202px) 100vw, 1202px\" \/>\t\t\t\t\t\t\t\t\t\t\t\t\t\t\t\t\t\t\t\t\t<\/div>\n\t\t\t\t\t\t\t\t\t<\/div>\n\t\t\t\t\t\t\t\t<\/div>\n\t\t\t\t\t\t\t<\/div>\n\t\t\t\t\t\t<\/div>\n\t\t\t\t\t<\/div>\n\t\t\t\t<\/div>\n\t\t\t\t\t\t\t<div class=\"swiper-slide\">\n\t\t\t\t\t<div class=\"swiper-slide-inner\">\n\t\t\t\t\t\t<div class=\"elemntskit-testimonial-item\" >\n\t\t\t\t\t\t\t<div class=\"elementskit-single-testimonial-slider\">\n\t\t\t\t\t\t\t\t<div class=\"row\">\n\t\t\t\t\t\t\t\t\t<div class=\"col-lg-6 elementkit-testimonial-col\">\n\t\t\t\t\t\t\t\t\t\t<div class=\"elementskit-commentor-content\">\n\t\t\t\t\t\t\t\t\t\t\t\t\t\t\t\t\t\t\t\t\t\t\t\t\t\t\t\t\t\t\t\t\t\t<p>Mit 3guys  z\u2019schaffe isch eifach top! Immer p\u00fcnktlech, super Service und mega sympathisch. W\u00e4rklech empfehlenswert!<\/p>\n\t\t\t\t\t\t\t\t\t\t\t\t\t\t\t\t\t\t\t\t\t\t\t\t\t\t\t\t\t\t\t\t\t\t<span class=\"elementskit-border-hr\"><\/span>\n\t\t\t\t\t\t\t\t\t\t\t\t\t\t\t\t\t\t\t\t\t\t<span class=\"elementskit-profile-info\">\n\t\t\t\t\t\t\t\t\t\t\t\t<strong class=\"elementskit-author-name\">Thomas<\/strong>\n\t\t\t\t\t\t\t\t\t\t\t\t<span class=\"elementskit-author-des\"><\/span>\n\t\t\t\t\t\t\t\t\t\t\t<\/span>\n\t\t\t\t\t\t\t\t\t\t<\/div>\n\t\t\t\t\t\t\t\t\t<\/div>\n\t\t\t\t\t\t\t\t\t<div class=\"col-lg-6 elementkit-testimonial-col\">\n\t\t\t\t\t\t\t\t\t\t<div class=\"elementskit-profile-image-card\">\n\t\t\t\t\t\t\t\t\t\t\t<img loading=\"lazy\" decoding=\"async\" width=\"1202\" height=\"1602\" src=\"https:\/\/bandidoswitzerland.ch\/wp-content\/uploads\/2025\/08\/20220114_161642.jpg\" class=\"attachment-full size-full\" alt=\"\" srcset=\"https:\/\/bandidoswitzerland.ch\/wp-content\/uploads\/2025\/08\/20220114_161642.jpg 1202w, https:\/\/bandidoswitzerland.ch\/wp-content\/uploads\/2025\/08\/20220114_161642-225x300.jpg 225w, https:\/\/bandidoswitzerland.ch\/wp-content\/uploads\/2025\/08\/20220114_161642-768x1024.jpg 768w, https:\/\/bandidoswitzerland.ch\/wp-content\/uploads\/2025\/08\/20220114_161642-1152x1536.jpg 1152w, https:\/\/bandidoswitzerland.ch\/wp-content\/uploads\/2025\/08\/20220114_161642-600x800.jpg 600w\" sizes=\"(max-width: 1202px) 100vw, 1202px\" \/>\t\t\t\t\t\t\t\t\t\t\t\t\t\t\t\t\t\t\t\t\t<\/div>\n\t\t\t\t\t\t\t\t\t<\/div>\n\t\t\t\t\t\t\t\t<\/div>\n\t\t\t\t\t\t\t<\/div>\n\t\t\t\t\t\t<\/div>\n\t\t\t\t\t<\/div>\n\t\t\t\t<\/div>\n\t\t\t\t\t<\/div>\n\n\t\t\t\t\t<div class=\"swiper-pagination\"><\/div>\n\t\t\n\t\t\t<\/div>\n<\/div>\n<\/div>\t\t\t\t<\/div>\n\t\t\t\t<\/div>\n\t\t\t\t\t<\/div>\n\t\t<\/div>\n\t\t\t\t\t<\/div>\n\t\t<\/section>\n\t\t\t\t<\/div>","protected":false},"excerpt":{"rendered":"<p>Hani scho mehfach bi 3guys bestellt \u2013 jedes Mal alles tiptop. Schn\u00e4ll, zuverl\u00e4ssig und gueti Qualit\u00e4\u00e4t. Merci! Patrick Ich bin sehr sehr zufrieden mit den produkten und meine kunden lieben es auch.! Danke das es eich gibt und vielen lieben dank f\u00fcr eure zuverl\u00e4ssigkeit\ud83d\ude0dbeste leute von 3guys\u2026 Robster Haargenau Barber shop welt einfach super Produkte [&hellip;]<\/p>","protected":false},"author":1,"featured_media":0,"parent":0,"menu_order":0,"comment_status":"closed","ping_status":"closed","template":"","meta":{"footnotes":""},"class_list":["post-389","page","type-page","status-publish","hentry"],"aioseo_notices":[],"_links":{"self":[{"href":"https:\/\/bandidoswitzerland.ch\/fr\/wp-json\/wp\/v2\/pages\/389","targetHints":{"allow":["GET"]}}],"collection":[{"href":"https:\/\/bandidoswitzerland.ch\/fr\/wp-json\/wp\/v2\/pages"}],"about":[{"href":"https:\/\/bandidoswitzerland.ch\/fr\/wp-json\/wp\/v2\/types\/page"}],"author":[{"embeddable":true,"href":"https:\/\/bandidoswitzerland.ch\/fr\/wp-json\/wp\/v2\/users\/1"}],"replies":[{"embeddable":true,"href":"https:\/\/bandidoswitzerland.ch\/fr\/wp-json\/wp\/v2\/comments?post=389"}],"version-history":[{"count":3,"href":"https:\/\/bandidoswitzerland.ch\/fr\/wp-json\/wp\/v2\/pages\/389\/revisions"}],"predecessor-version":[{"id":3092,"href":"https:\/\/bandidoswitzerland.ch\/fr\/wp-json\/wp\/v2\/pages\/389\/revisions\/3092"}],"wp:attachment":[{"href":"https:\/\/bandidoswitzerland.ch\/fr\/wp-json\/wp\/v2\/media?parent=389"}],"curies":[{"name":"wp","href":"https:\/\/api.w.org\/{rel}","templated":true}]}}