{"id":2085,"date":"2024-08-14T22:06:51","date_gmt":"2024-08-14T22:06:51","guid":{"rendered":"https:\/\/bandidoswitzerland.ch\/?page_id=2085"},"modified":"2024-08-14T22:07:49","modified_gmt":"2024-08-14T22:07:49","slug":"level-3","status":"publish","type":"page","link":"https:\/\/bandidoswitzerland.ch\/fr\/level-3\/","title":{"rendered":"Level 3"},"content":{"rendered":"<div data-elementor-type=\"wp-page\" data-elementor-id=\"2085\" class=\"elementor elementor-2085\" data-elementor-post-type=\"page\">\n\t\t\t\t\t\t<section class=\"elementor-section elementor-top-section elementor-element elementor-element-c06ec4a elementor-section-boxed elementor-section-height-default elementor-section-height-default\" data-id=\"c06ec4a\" data-element_type=\"section\" data-e-type=\"section\">\n\t\t\t\t\t\t<div class=\"elementor-container elementor-column-gap-default\">\n\t\t\t\t\t<div class=\"elementor-column elementor-col-100 elementor-top-column elementor-element elementor-element-581768e\" data-id=\"581768e\" data-element_type=\"column\" data-e-type=\"column\">\n\t\t\t<div class=\"elementor-widget-wrap elementor-element-populated\">\n\t\t\t\t\t\t<div class=\"elementor-element elementor-element-8af7ae0 elementor-widget elementor-widget-template\" data-id=\"8af7ae0\" data-element_type=\"widget\" data-e-type=\"widget\" data-widget_type=\"template.default\">\n\t\t\t\t<div class=\"elementor-widget-container\">\n\t\t\t\t\t\t\t<div class=\"elementor-template\">\n\t\t\t\t\t<div data-elementor-type=\"product-archive\" data-elementor-id=\"1941\" class=\"elementor elementor-1941 product\" data-elementor-post-type=\"elementor_library\">\n\t\t\t\t\t<section class=\"elementor-section elementor-top-section elementor-element elementor-element-711d86d0 elementor-section-boxed elementor-section-height-default elementor-section-height-default\" data-id=\"711d86d0\" data-element_type=\"section\" data-e-type=\"section\">\n\t\t\t\t\t\t<div class=\"elementor-container elementor-column-gap-default\">\n\t\t\t\t\t<div class=\"elementor-column elementor-col-100 elementor-top-column elementor-element elementor-element-102ba766\" data-id=\"102ba766\" data-element_type=\"column\" data-e-type=\"column\">\n\t\t\t<div class=\"elementor-widget-wrap elementor-element-populated\">\n\t\t\t\t\t\t<div class=\"elementor-element elementor-element-a63aafd brand-breadcrumbs elementor-widget elementor-widget-woocommerce-breadcrumb\" data-id=\"a63aafd\" data-element_type=\"widget\" data-e-type=\"widget\" data-widget_type=\"woocommerce-breadcrumb.default\">\n\t\t\t\t<div class=\"elementor-widget-container\">\n\t\t\t\t\t<nav class=\"woocommerce-breadcrumb\" aria-label=\"Breadcrumb\" data-no-translation=\"\" data-trp-gettext=\"\">Accueil<\/nav>\t\t\t\t<\/div>\n\t\t\t\t<\/div>\n\t\t\t\t<div class=\"elementor-element elementor-element-7e572904 brand-logo-title elementor-widget elementor-widget-heading\" data-id=\"7e572904\" data-element_type=\"widget\" data-e-type=\"widget\" data-widget_type=\"heading.default\">\n\t\t\t\t<div class=\"elementor-widget-container\">\n\t\t\t\t\t<h2 class=\"elementor-heading-title elementor-size-default\">Level 3<\/h2>\t\t\t\t<\/div>\n\t\t\t\t<\/div>\n\t\t\t\t\t<\/div>\n\t\t<\/div>\n\t\t\t\t\t<\/div>\n\t\t<\/section>\n\t\t\t\t<section class=\"elementor-section elementor-top-section elementor-element elementor-element-1ab8207d elementor-section-boxed elementor-section-height-default elementor-section-height-default\" data-id=\"1ab8207d\" data-element_type=\"section\" data-e-type=\"section\">\n\t\t\t\t\t\t<div class=\"elementor-container elementor-column-gap-default\">\n\t\t\t\t\t<div class=\"elementor-column elementor-col-100 elementor-top-column elementor-element elementor-element-267a69b0\" data-id=\"267a69b0\" data-element_type=\"column\" data-e-type=\"column\">\n\t\t\t<div class=\"elementor-widget-wrap elementor-element-populated\">\n\t\t\t\t\t\t<div class=\"elementor-element elementor-element-26963ab9 elementor-grid-5 elementor-product-loop-item--align-center elementor-grid-tablet-3 elementor-grid-mobile-2 elementor-products-grid elementor-wc-products elementor-show-pagination-border-yes elementor-widget elementor-widget-woocommerce-products\" data-id=\"26963ab9\" data-element_type=\"widget\" data-e-type=\"widget\" data-widget_type=\"woocommerce-products.default\">\n\t\t\t\t<div class=\"elementor-widget-container\">\n\t\t\t\t\t<div class=\"woocommerce columns-5\"><div class=\"woocommerce-notices-wrapper\"><\/div><form class=\"woocommerce-ordering\" method=\"get\" action=\"\">\n\t\t<select\n\t\tname=\"orderby\"\n\t\tclass=\"orderby\"\n\t\t\t\t\taria-label=\"Commande\" data-no-translation-aria-label=\"\"\n\t\t\t>\n\t\t\t\t\t<option value=\"popularity\"  selected='selected' data-no-translation=\"\" data-trp-gettext=\"\">Tri par popularit\u00e9<\/option>\n\t\t\t\t\t<option value=\"rating\" data-no-translation=\"\" data-trp-gettext=\"\" >Tri par notes moyennes<\/option>\n\t\t\t\t\t<option value=\"date\" data-no-translation=\"\" data-trp-gettext=\"\" >Tri du plus r\u00e9cent au plus ancien<\/option>\n\t\t\t\t\t<option value=\"price\" data-no-translation=\"\" data-trp-gettext=\"\" >Tri par tarif croissant<\/option>\n\t\t\t\t\t<option value=\"price-desc\" data-no-translation=\"\" data-trp-gettext=\"\" >Tri par tarif d\u00e9croissant<\/option>\n\t\t\t<\/select>\n\t<input type=\"hidden\" name=\"paged\" value=\"1\" \/>\n\t<input type=\"hidden\" name=\"trp-form-language\" value=\"fr\"\/><\/form>\n<ul class=\"products elementor-grid columns-5\">\n<li class=\"product type-product post-917 status-publish first instock product_cat-klammern-clips product_cat-zubehor product_tag-level-3 has-post-thumbnail shipping-taxable purchasable product-type-simple\">\n\t<a href=\"https:\/\/bandidoswitzerland.ch\/fr\/product\/hair-claw-clips\/\" class=\"woocommerce-LoopProduct-link woocommerce-loop-product__link\"><img fetchpriority=\"high\" decoding=\"async\" width=\"500\" height=\"500\" src=\"https:\/\/bandidoswitzerland.ch\/wp-content\/uploads\/2023\/09\/4PC-Hair-Claw-Clip.png\" class=\"attachment-woocommerce_thumbnail size-woocommerce_thumbnail\" alt=\"Hair Claw Clips\" srcset=\"https:\/\/bandidoswitzerland.ch\/wp-content\/uploads\/2023\/09\/4PC-Hair-Claw-Clip.png 500w, https:\/\/bandidoswitzerland.ch\/wp-content\/uploads\/2023\/09\/4PC-Hair-Claw-Clip-100x100.png 100w, https:\/\/bandidoswitzerland.ch\/wp-content\/uploads\/2023\/09\/4PC-Hair-Claw-Clip-400x400.png 400w, https:\/\/bandidoswitzerland.ch\/wp-content\/uploads\/2023\/09\/4PC-Hair-Claw-Clip-300x300.png 300w, https:\/\/bandidoswitzerland.ch\/wp-content\/uploads\/2023\/09\/4PC-Hair-Claw-Clip-150x150.png 150w\" sizes=\"(max-width: 500px) 100vw, 500px\" \/><h2 class=\"woocommerce-loop-product__title\">Hair Claw Clips<\/h2>\n\t<span class=\"price\"><span class=\"woocommerce-Price-amount amount\"><bdi>13.00&nbsp;<span class=\"woocommerce-Price-currencySymbol\">&#67;&#72;&#70;<\/span><\/bdi><\/span><\/span>\n<\/a><a href=\"\/fr\/wp-json\/wp\/v2\/pages\/2085?add-to-cart=917\" aria-describedby=\"woocommerce_loop_add_to_cart_link_describedby_917\" data-quantity=\"1\" class=\"button product_type_simple add_to_cart_button ajax_add_to_cart\" data-product_id=\"917\" data-product_sku=\"\" aria-label=\"Ajouter au panier\u00a0: \u201cHair Claw Clips\u201d\" rel=\"nofollow\" data-success_message=\"\u00ab\u00a0Hair Claw Clips\u00a0\u00bb a \u00e9t\u00e9 ajout\u00e9 \u00e0 votre panier\" role=\"button\" data-no-translation=\"\" data-trp-gettext=\"\" data-no-translation-aria-label=\"\" data-no-translation-data-success_message=\"\">Ajouter au panier<\/a>\t<span id=\"woocommerce_loop_add_to_cart_link_describedby_917\" class=\"screen-reader-text\">\n\t\t\t<\/span>\n<span class=\"gtm4wp_productdata\" style=\"display:none; visibility:hidden;\" data-gtm4wp_product_data=\"{&quot;internal_id&quot;:917,&quot;item_id&quot;:917,&quot;item_name&quot;:&quot;Hair Claw Clips&quot;,&quot;sku&quot;:917,&quot;price&quot;:13,&quot;stocklevel&quot;:null,&quot;stockstatus&quot;:&quot;instock&quot;,&quot;google_business_vertical&quot;:&quot;retail&quot;,&quot;item_category&quot;:&quot;Klammern&amp;clips&quot;,&quot;id&quot;:917,&quot;productlink&quot;:&quot;https:\\\/\\\/bandidoswitzerland.ch\\\/fr\\\/product\\\/hair-claw-clips\\\/&quot;,&quot;item_list_name&quot;:&quot;Liste g\\u00e9n\\u00e9rale des produits&quot;,&quot;index&quot;:1,&quot;product_type&quot;:&quot;simple&quot;,&quot;item_brand&quot;:&quot;&quot;}\"><\/span><\/li>\n<li class=\"product type-product post-920 status-publish instock product_cat-haareinigungs-fade-brush product_cat-zubehor product_tag-level-3 has-post-thumbnail shipping-taxable purchasable product-type-simple\">\n\t<a href=\"https:\/\/bandidoswitzerland.ch\/fr\/product\/faser-applikator\/\" class=\"woocommerce-LoopProduct-link woocommerce-loop-product__link\"><img decoding=\"async\" width=\"500\" height=\"500\" src=\"https:\/\/bandidoswitzerland.ch\/wp-content\/uploads\/2023\/09\/Group-1-4.png\" class=\"attachment-woocommerce_thumbnail size-woocommerce_thumbnail\" alt=\"Faser-Applikator\" srcset=\"https:\/\/bandidoswitzerland.ch\/wp-content\/uploads\/2023\/09\/Group-1-4.png 500w, https:\/\/bandidoswitzerland.ch\/wp-content\/uploads\/2023\/09\/Group-1-4-100x100.png 100w, https:\/\/bandidoswitzerland.ch\/wp-content\/uploads\/2023\/09\/Group-1-4-400x400.png 400w, https:\/\/bandidoswitzerland.ch\/wp-content\/uploads\/2023\/09\/Group-1-4-300x300.png 300w, https:\/\/bandidoswitzerland.ch\/wp-content\/uploads\/2023\/09\/Group-1-4-150x150.png 150w\" sizes=\"(max-width: 500px) 100vw, 500px\" \/><h2 class=\"woocommerce-loop-product__title\">Faser-Applikator<\/h2>\n\t<span class=\"price\"><span class=\"woocommerce-Price-amount amount\"><bdi>19.00&nbsp;<span class=\"woocommerce-Price-currencySymbol\">&#67;&#72;&#70;<\/span><\/bdi><\/span><\/span>\n<\/a><a href=\"\/fr\/wp-json\/wp\/v2\/pages\/2085?add-to-cart=920\" aria-describedby=\"woocommerce_loop_add_to_cart_link_describedby_920\" data-quantity=\"1\" class=\"button product_type_simple add_to_cart_button ajax_add_to_cart\" data-product_id=\"920\" data-product_sku=\"\" aria-label=\"Ajouter au panier\u00a0: \u201cFaser-Applikator\u201d\" rel=\"nofollow\" data-success_message=\"\u00ab\u00a0Faser-Applikator\u00a0\u00bb a \u00e9t\u00e9 ajout\u00e9 \u00e0 votre panier\" role=\"button\" data-no-translation=\"\" data-trp-gettext=\"\" data-no-translation-aria-label=\"\" data-no-translation-data-success_message=\"\">Ajouter au panier<\/a>\t<span id=\"woocommerce_loop_add_to_cart_link_describedby_920\" class=\"screen-reader-text\">\n\t\t\t<\/span>\n<span class=\"gtm4wp_productdata\" style=\"display:none; visibility:hidden;\" data-gtm4wp_product_data=\"{&quot;internal_id&quot;:920,&quot;item_id&quot;:920,&quot;item_name&quot;:&quot;Faser-Applikator&quot;,&quot;sku&quot;:920,&quot;price&quot;:19,&quot;stocklevel&quot;:null,&quot;stockstatus&quot;:&quot;instock&quot;,&quot;google_business_vertical&quot;:&quot;retail&quot;,&quot;item_category&quot;:&quot;Haareinigungs&quot;,&quot;item_category2&quot;:&quot;Fade Brush&quot;,&quot;id&quot;:920,&quot;productlink&quot;:&quot;https:\\\/\\\/bandidoswitzerland.ch\\\/fr\\\/product\\\/faser-applikator\\\/&quot;,&quot;item_list_name&quot;:&quot;Liste g\\u00e9n\\u00e9rale des produits&quot;,&quot;index&quot;:2,&quot;product_type&quot;:&quot;simple&quot;,&quot;item_brand&quot;:&quot;&quot;}\"><\/span><\/li>\n<\/ul>\n<\/div>\t\t\t\t<\/div>\n\t\t\t\t<\/div>\n\t\t\t\t\t<\/div>\n\t\t<\/div>\n\t\t\t\t\t<\/div>\n\t\t<\/section>\n\t\t\t\t<\/div>\n\t\t\t\t<\/div>\n\t\t\t\t\t\t<\/div>\n\t\t\t\t<\/div>\n\t\t\t\t\t<\/div>\n\t\t<\/div>\n\t\t\t\t\t<\/div>\n\t\t<\/section>\n\t\t\t\t<\/div>","protected":false},"excerpt":{"rendered":"","protected":false},"author":1,"featured_media":0,"parent":0,"menu_order":0,"comment_status":"closed","ping_status":"closed","template":"","meta":{"footnotes":""},"class_list":["post-2085","page","type-page","status-publish","hentry"],"aioseo_notices":[],"_links":{"self":[{"href":"https:\/\/bandidoswitzerland.ch\/fr\/wp-json\/wp\/v2\/pages\/2085","targetHints":{"allow":["GET"]}}],"collection":[{"href":"https:\/\/bandidoswitzerland.ch\/fr\/wp-json\/wp\/v2\/pages"}],"about":[{"href":"https:\/\/bandidoswitzerland.ch\/fr\/wp-json\/wp\/v2\/types\/page"}],"author":[{"embeddable":true,"href":"https:\/\/bandidoswitzerland.ch\/fr\/wp-json\/wp\/v2\/users\/1"}],"replies":[{"embeddable":true,"href":"https:\/\/bandidoswitzerland.ch\/fr\/wp-json\/wp\/v2\/comments?post=2085"}],"version-history":[{"count":0,"href":"https:\/\/bandidoswitzerland.ch\/fr\/wp-json\/wp\/v2\/pages\/2085\/revisions"}],"wp:attachment":[{"href":"https:\/\/bandidoswitzerland.ch\/fr\/wp-json\/wp\/v2\/media?parent=2085"}],"curies":[{"name":"wp","href":"https:\/\/api.w.org\/{rel}","templated":true}]}}