{"id":2026,"date":"2024-08-14T18:27:50","date_gmt":"2024-08-14T18:27:50","guid":{"rendered":"https:\/\/bandidoswitzerland.ch\/?page_id=2026"},"modified":"2024-08-14T18:33:07","modified_gmt":"2024-08-14T18:33:07","slug":"panasonic","status":"publish","type":"page","link":"https:\/\/bandidoswitzerland.ch\/fr\/panasonic\/","title":{"rendered":"Panasonic"},"content":{"rendered":"<div data-elementor-type=\"wp-page\" data-elementor-id=\"2026\" class=\"elementor elementor-2026\" data-elementor-post-type=\"page\">\n\t\t\t\t\t\t<section class=\"elementor-section elementor-top-section elementor-element elementor-element-17bca14 elementor-section-boxed elementor-section-height-default elementor-section-height-default\" data-id=\"17bca14\" data-element_type=\"section\" data-e-type=\"section\">\n\t\t\t\t\t\t<div class=\"elementor-container elementor-column-gap-default\">\n\t\t\t\t\t<div class=\"elementor-column elementor-col-100 elementor-top-column elementor-element elementor-element-674f840\" data-id=\"674f840\" data-element_type=\"column\" data-e-type=\"column\">\n\t\t\t<div class=\"elementor-widget-wrap elementor-element-populated\">\n\t\t\t\t\t\t<div class=\"elementor-element elementor-element-9132d2b elementor-widget elementor-widget-template\" data-id=\"9132d2b\" data-element_type=\"widget\" data-e-type=\"widget\" data-widget_type=\"template.default\">\n\t\t\t\t<div class=\"elementor-widget-container\">\n\t\t\t\t\t\t\t<div class=\"elementor-template\">\n\t\t\t\t\t<div data-elementor-type=\"product-archive\" data-elementor-id=\"1892\" class=\"elementor elementor-1892 product\" data-elementor-post-type=\"elementor_library\">\n\t\t\t\t\t<section class=\"elementor-section elementor-top-section elementor-element elementor-element-22dce964 elementor-section-boxed elementor-section-height-default elementor-section-height-default\" data-id=\"22dce964\" data-element_type=\"section\" data-e-type=\"section\">\n\t\t\t\t\t\t<div class=\"elementor-container elementor-column-gap-default\">\n\t\t\t\t\t<div class=\"elementor-column elementor-col-100 elementor-top-column elementor-element elementor-element-28758338\" data-id=\"28758338\" data-element_type=\"column\" data-e-type=\"column\">\n\t\t\t<div class=\"elementor-widget-wrap elementor-element-populated\">\n\t\t\t\t\t\t<div class=\"elementor-element elementor-element-e81e91a brand-breadcrumbs elementor-widget elementor-widget-woocommerce-breadcrumb\" data-id=\"e81e91a\" data-element_type=\"widget\" data-e-type=\"widget\" data-widget_type=\"woocommerce-breadcrumb.default\">\n\t\t\t\t<div class=\"elementor-widget-container\">\n\t\t\t\t\t<nav class=\"woocommerce-breadcrumb\" aria-label=\"Breadcrumb\" data-no-translation=\"\" data-trp-gettext=\"\">Accueil<\/nav>\t\t\t\t<\/div>\n\t\t\t\t<\/div>\n\t\t\t\t<div class=\"elementor-element elementor-element-421c00 brand-logo-title elementor-widget elementor-widget-heading\" data-id=\"421c00\" data-element_type=\"widget\" data-e-type=\"widget\" data-widget_type=\"heading.default\">\n\t\t\t\t<div class=\"elementor-widget-container\">\n\t\t\t\t\t<h2 class=\"elementor-heading-title elementor-size-default\">Panasonic<\/h2>\t\t\t\t<\/div>\n\t\t\t\t<\/div>\n\t\t\t\t\t<\/div>\n\t\t<\/div>\n\t\t\t\t\t<\/div>\n\t\t<\/section>\n\t\t\t\t<section class=\"elementor-section elementor-top-section elementor-element elementor-element-34289429 elementor-section-boxed elementor-section-height-default elementor-section-height-default\" data-id=\"34289429\" data-element_type=\"section\" data-e-type=\"section\">\n\t\t\t\t\t\t<div class=\"elementor-container elementor-column-gap-default\">\n\t\t\t\t\t<div class=\"elementor-column elementor-col-100 elementor-top-column elementor-element elementor-element-4e2e5737\" data-id=\"4e2e5737\" data-element_type=\"column\" data-e-type=\"column\">\n\t\t\t<div class=\"elementor-widget-wrap elementor-element-populated\">\n\t\t\t\t\t\t<div class=\"elementor-element elementor-element-756d3acf elementor-grid-5 elementor-product-loop-item--align-center elementor-grid-tablet-3 elementor-grid-mobile-2 elementor-products-grid elementor-wc-products elementor-show-pagination-border-yes elementor-widget elementor-widget-woocommerce-products\" data-id=\"756d3acf\" data-element_type=\"widget\" data-e-type=\"widget\" data-widget_type=\"woocommerce-products.default\">\n\t\t\t\t<div class=\"elementor-widget-container\">\n\t\t\t\t\t<div class=\"woocommerce columns-5\"><div class=\"woocommerce-notices-wrapper\"><\/div><form class=\"woocommerce-ordering\" method=\"get\" action=\"\">\n\t\t<select\n\t\tname=\"orderby\"\n\t\tclass=\"orderby\"\n\t\t\t\t\taria-label=\"Commande\" data-no-translation-aria-label=\"\"\n\t\t\t>\n\t\t\t\t\t<option value=\"popularity\"  selected='selected' data-no-translation=\"\" data-trp-gettext=\"\">Tri par popularit\u00e9<\/option>\n\t\t\t\t\t<option value=\"rating\" data-no-translation=\"\" data-trp-gettext=\"\" >Tri par notes moyennes<\/option>\n\t\t\t\t\t<option value=\"date\" data-no-translation=\"\" data-trp-gettext=\"\" >Tri du plus r\u00e9cent au plus ancien<\/option>\n\t\t\t\t\t<option value=\"price\" data-no-translation=\"\" data-trp-gettext=\"\" >Tri par tarif croissant<\/option>\n\t\t\t\t\t<option value=\"price-desc\" data-no-translation=\"\" data-trp-gettext=\"\" >Tri par tarif d\u00e9croissant<\/option>\n\t\t\t<\/select>\n\t<input type=\"hidden\" name=\"paged\" value=\"1\" \/>\n\t<input type=\"hidden\" name=\"trp-form-language\" value=\"fr\"\/><\/form>\n<ul class=\"products elementor-grid columns-5\">\n<li class=\"product type-product post-617 status-publish first instock product_cat-elektrogerate product_cat-maschinen product_cat-trimmer product_tag-panasonic has-post-thumbnail shipping-taxable purchasable product-type-simple\">\n\t<a href=\"https:\/\/bandidoswitzerland.ch\/fr\/product\/panasonic-er-dgp86\/\" class=\"woocommerce-LoopProduct-link woocommerce-loop-product__link\"><img fetchpriority=\"high\" decoding=\"async\" width=\"500\" height=\"500\" src=\"https:\/\/bandidoswitzerland.ch\/wp-content\/uploads\/2023\/09\/Group-1-2-23.png\" class=\"attachment-woocommerce_thumbnail size-woocommerce_thumbnail\" alt=\"Panasonic ER-DGP86\" srcset=\"https:\/\/bandidoswitzerland.ch\/wp-content\/uploads\/2023\/09\/Group-1-2-23.png 500w, https:\/\/bandidoswitzerland.ch\/wp-content\/uploads\/2023\/09\/Group-1-2-23-100x100.png 100w, https:\/\/bandidoswitzerland.ch\/wp-content\/uploads\/2023\/09\/Group-1-2-23-300x300.png 300w, https:\/\/bandidoswitzerland.ch\/wp-content\/uploads\/2023\/09\/Group-1-2-23-150x150.png 150w\" sizes=\"(max-width: 500px) 100vw, 500px\" \/><h2 class=\"woocommerce-loop-product__title\">Panasonic ER-DGP86<\/h2>\n\t<span class=\"price\"><span class=\"woocommerce-Price-amount amount\"><bdi>201.00&nbsp;<span class=\"woocommerce-Price-currencySymbol\">&#67;&#72;&#70;<\/span><\/bdi><\/span><\/span>\n<\/a><a href=\"\/fr\/wp-json\/wp\/v2\/pages\/2026?add-to-cart=617\" aria-describedby=\"woocommerce_loop_add_to_cart_link_describedby_617\" data-quantity=\"1\" class=\"button product_type_simple add_to_cart_button ajax_add_to_cart\" data-product_id=\"617\" data-product_sku=\"\" aria-label=\"Ajouter au panier\u00a0: \u201cPanasonic ER-DGP86\u201d\" rel=\"nofollow\" data-success_message=\"\u00ab\u00a0Panasonic ER-DGP86\u00a0\u00bb a \u00e9t\u00e9 ajout\u00e9 \u00e0 votre panier\" role=\"button\" data-no-translation=\"\" data-trp-gettext=\"\" data-no-translation-aria-label=\"\" data-no-translation-data-success_message=\"\">Ajouter au panier<\/a>\t<span id=\"woocommerce_loop_add_to_cart_link_describedby_617\" class=\"screen-reader-text\">\n\t\t\t<\/span>\n<span class=\"gtm4wp_productdata\" style=\"display:none; visibility:hidden;\" data-gtm4wp_product_data=\"{&quot;internal_id&quot;:617,&quot;item_id&quot;:617,&quot;item_name&quot;:&quot;Panasonic ER-DGP86&quot;,&quot;sku&quot;:617,&quot;price&quot;:201,&quot;stocklevel&quot;:null,&quot;stockstatus&quot;:&quot;instock&quot;,&quot;google_business_vertical&quot;:&quot;retail&quot;,&quot;item_category&quot;:&quot;Trimmer&quot;,&quot;id&quot;:617,&quot;productlink&quot;:&quot;https:\\\/\\\/bandidoswitzerland.ch\\\/fr\\\/product\\\/panasonic-er-dgp86\\\/&quot;,&quot;item_list_name&quot;:&quot;Liste g\\u00e9n\\u00e9rale des produits&quot;,&quot;index&quot;:1,&quot;product_type&quot;:&quot;simple&quot;,&quot;item_brand&quot;:&quot;&quot;}\"><\/span><\/li>\n<\/ul>\n<\/div>\t\t\t\t<\/div>\n\t\t\t\t<\/div>\n\t\t\t\t\t<\/div>\n\t\t<\/div>\n\t\t\t\t\t<\/div>\n\t\t<\/section>\n\t\t\t\t<\/div>\n\t\t\t\t<\/div>\n\t\t\t\t\t\t<\/div>\n\t\t\t\t<\/div>\n\t\t\t\t\t<\/div>\n\t\t<\/div>\n\t\t\t\t\t<\/div>\n\t\t<\/section>\n\t\t\t\t<\/div>","protected":false},"excerpt":{"rendered":"","protected":false},"author":1,"featured_media":0,"parent":0,"menu_order":0,"comment_status":"closed","ping_status":"closed","template":"","meta":{"footnotes":""},"class_list":["post-2026","page","type-page","status-publish","hentry"],"aioseo_notices":[],"_links":{"self":[{"href":"https:\/\/bandidoswitzerland.ch\/fr\/wp-json\/wp\/v2\/pages\/2026","targetHints":{"allow":["GET"]}}],"collection":[{"href":"https:\/\/bandidoswitzerland.ch\/fr\/wp-json\/wp\/v2\/pages"}],"about":[{"href":"https:\/\/bandidoswitzerland.ch\/fr\/wp-json\/wp\/v2\/types\/page"}],"author":[{"embeddable":true,"href":"https:\/\/bandidoswitzerland.ch\/fr\/wp-json\/wp\/v2\/users\/1"}],"replies":[{"embeddable":true,"href":"https:\/\/bandidoswitzerland.ch\/fr\/wp-json\/wp\/v2\/comments?post=2026"}],"version-history":[{"count":0,"href":"https:\/\/bandidoswitzerland.ch\/fr\/wp-json\/wp\/v2\/pages\/2026\/revisions"}],"wp:attachment":[{"href":"https:\/\/bandidoswitzerland.ch\/fr\/wp-json\/wp\/v2\/media?parent=2026"}],"curies":[{"name":"wp","href":"https:\/\/api.w.org\/{rel}","templated":true}]}}