{"id":15,"date":"2024-05-15T08:46:31","date_gmt":"2024-05-15T08:46:31","guid":{"rendered":"https:\/\/bandidoswitzerland.ch\/?page_id=15"},"modified":"2025-11-08T11:14:49","modified_gmt":"2025-11-08T11:14:49","slug":"uber-uns","status":"publish","type":"page","link":"https:\/\/bandidoswitzerland.ch\/fr\/uber-uns\/","title":{"rendered":"\u00c0 propos de nous"},"content":{"rendered":"<div data-elementor-type=\"wp-post\" data-elementor-id=\"15\" class=\"elementor elementor-15\" data-elementor-post-type=\"page\">\n\t\t\t\t\t\t<section class=\"elementor-section elementor-top-section elementor-element elementor-element-0a3cba2 elementor-section-boxed elementor-section-height-default elementor-section-height-default\" data-id=\"0a3cba2\" data-element_type=\"section\" data-e-type=\"section\">\n\t\t\t\t\t\t<div class=\"elementor-container elementor-column-gap-default\">\n\t\t\t\t\t<div class=\"elementor-column elementor-col-100 elementor-top-column elementor-element elementor-element-b887099\" data-id=\"b887099\" data-element_type=\"column\" data-e-type=\"column\">\n\t\t\t<div class=\"elementor-widget-wrap elementor-element-populated\">\n\t\t\t\t\t\t<div class=\"elementor-element elementor-element-044421b elementor-widget__width-initial elementor-widget-mobile__width-initial elementor-widget elementor-widget-text-editor\" data-id=\"044421b\" data-element_type=\"widget\" data-e-type=\"widget\" data-widget_type=\"text-editor.default\">\n\t\t\t\t<div class=\"elementor-widget-container\">\n\t\t\t\t\t\t\t\t\t<p>Willkommen bei Bandido Switzerland \ud83c\udde8\ud83c\udded \u2013 Ihrem zuverl\u00e4ssigen Partner f\u00fcr hochwertige Produkte rund um Haarpflege, Barber-Bedarf und Lifestyle.<\/p><p>Unsere Mission ist es, Friseursalons, Barbershops und Endkunden in der ganzen Schweiz \ud83c\udde8\ud83c\udded mit innovativen, modernen und qualitativ erstklassigen Produkten zu beliefern. Wir stehen f\u00fcr:<\/p><ul><li>Premium-Qualit\u00e4t \ud83c\udde8\ud83c\udded \u2013 Nur sorgf\u00e4ltig ausgew\u00e4hlte Marken und Produkte.<\/li><li>Faire Preise \u2013 Exzellentes Preis-Leistungs-Verh\u00e4ltnis f\u00fcr Profis und Privatkunden.<\/li><li>Schneller Versand innerhalb der Schweiz \ud83c\udde8\ud83c\udded \u2013 Direkt aus unserem Schweizer Lager.<\/li><li>Pers\u00f6nlicher Einkauf m\u00f6glich \ud83c\udde8\ud83c\udded \u2013 Unsere Lager befinden sich in Solothurn, Schweiz, Kunden k\u00f6nnen auch direkt vor Ort einkaufen.<\/li><li>Kundenn\u00e4he \u2013 Pers\u00f6nlicher Service und zuverl\u00e4ssige Beratung.<\/li><\/ul><p>Mit langj\u00e4hriger Erfahrung im Bereich Barber- und Kosmetikbedarf wissen wir genau, worauf es Profis und trendbewusste Kunden ankommt.<\/p><p>Entdecken Sie die Welt von Bandido Switzerland \ud83c\udde8\ud83c\udded \u2013 wo Qualit\u00e4t, Style und Vertrauen Hand in Hand gehen.<\/p><p>Wir freuen uns immer, Ihre Fragen zu beantworten und Ihnen bei Ihrer Auswahl zu helfen. Kontaktieren Sie uns per Telefon, E-Mail oder \u00fcber die sozialen Medien. Wir sind hier, um Ihr Einkaufserlebnis angenehm und produktiv zu gestalten.<\/p><p style=\"color: #000000;\" data-start=\"384\" data-end=\"426\"><strong>Warum Sie bei uns genau richtig sind<\/strong><\/p><ul data-start=\"427\" data-end=\"1557\"><li data-start=\"427\" data-end=\"602\"><p data-start=\"429\" data-end=\"602\">M\u00e4nnerpflege online kaufen: Rasurpflege, Bart\u00f6l, Bartbalsam, Hautpflege f\u00fcr M\u00e4nner, Gesichtspflege speziell f\u00fcr Herren \u2013 alles bequem im\u00a0Herrenpflege Shop Schweiz.<\/p><\/li><li data-start=\"603\" data-end=\"855\"><p data-start=\"605\" data-end=\"855\">Geschenkideen f\u00fcr Ihn: Father &amp; Son Sets, Geschenksets f\u00fcr M\u00e4nner, Geschenkideen Bruder, Geschenk f\u00fcr Freund, Geschenk f\u00fcr Papa \u2013 ideal f\u00fcrs\u00a0Weihnachtsgeschenk Mann,\u00a0Geburtstagsgeschenk Mann, oder als \u00dcberraschung f\u00fcr Opa oder Nachbarn.<\/p><\/li><li data-start=\"856\" data-end=\"1050\"><p data-start=\"858\" data-end=\"1050\">Online Herrenpflege Schweiz: Wir sind Ihr zuverl\u00e4ssiger\u00a0Online Shop Schweiz\u00a0f\u00fcr Pflegeprodukte f\u00fcr M\u00e4nner \u2013 g\u00fcnstiger Versand in der Schweiz, einfache Bestellung, schnelle Lieferung.<\/p><\/li><li data-start=\"1051\" data-end=\"1343\"><p data-start=\"1053\" data-end=\"1343\">Barbershop- und Salonbedarf: Wir bieten zudem individuelle Ausstattung f\u00fcr Barbershops und Beautysalons \u2013 M\u00f6bel, Equipment, Stylingprodukte auf Bestellung:\u00a0Barbershop Einrichtung Schweiz,\u00a0Salonbedarf Schweiz, ma\u00dfgeschneiderte L\u00f6sungen f\u00fcr Ihren Barbier oder Ihr Beauty-Studio.<\/p><\/li><li data-start=\"1344\" data-end=\"1557\"><p data-start=\"1346\" data-end=\"1557\">Herrenpflege Geschenk Schweiz: Ob Edles Bartpflege-Set, stylisher Rasierpinsel, hochwertige Gesichtspflege oder ein komplettes Barber-Set \u2013 bei uns finden Sie das ideale Geschenk f\u00fcr den Mann in Ihrem Leben.<\/p><\/li><\/ul><p>Vielen Dank, dass Sie sich f\u00fcr 3guys\u00a0<span style=\"font-size: 1rem;\">\ud83c\udde8\ud83c\udded<\/span><span style=\"font-size: 1rem;\">\u00a0entschieden haben, Ihren zuverl\u00e4ssigen Partner in der Welt der Friseure. Gemeinsam schaffen wir Stil und Vertrauen!<\/span><\/p>\t\t\t\t\t\t\t\t<\/div>\n\t\t\t\t<\/div>\n\t\t\t\t\t<\/div>\n\t\t<\/div>\n\t\t\t\t\t<\/div>\n\t\t<\/section>\n\t\t\t\t<\/div>","protected":false},"excerpt":{"rendered":"<p>Willkommen bei Bandido Switzerland \ud83c\udde8\ud83c\udded \u2013 Ihrem zuverl\u00e4ssigen Partner f\u00fcr hochwertige Produkte rund um Haarpflege, Barber-Bedarf und Lifestyle. Unsere Mission ist es, Friseursalons, Barbershops und Endkunden in der ganzen Schweiz \ud83c\udde8\ud83c\udded mit innovativen, modernen und qualitativ erstklassigen Produkten zu beliefern. Wir stehen f\u00fcr: Premium-Qualit\u00e4t \ud83c\udde8\ud83c\udded \u2013 Nur sorgf\u00e4ltig ausgew\u00e4hlte Marken und Produkte. Faire Preise \u2013 [&hellip;]<\/p>","protected":false},"author":1,"featured_media":0,"parent":0,"menu_order":0,"comment_status":"closed","ping_status":"closed","template":"","meta":{"footnotes":""},"class_list":["post-15","page","type-page","status-publish","hentry"],"aioseo_notices":[],"_links":{"self":[{"href":"https:\/\/bandidoswitzerland.ch\/fr\/wp-json\/wp\/v2\/pages\/15","targetHints":{"allow":["GET"]}}],"collection":[{"href":"https:\/\/bandidoswitzerland.ch\/fr\/wp-json\/wp\/v2\/pages"}],"about":[{"href":"https:\/\/bandidoswitzerland.ch\/fr\/wp-json\/wp\/v2\/types\/page"}],"author":[{"embeddable":true,"href":"https:\/\/bandidoswitzerland.ch\/fr\/wp-json\/wp\/v2\/users\/1"}],"replies":[{"embeddable":true,"href":"https:\/\/bandidoswitzerland.ch\/fr\/wp-json\/wp\/v2\/comments?post=15"}],"version-history":[{"count":9,"href":"https:\/\/bandidoswitzerland.ch\/fr\/wp-json\/wp\/v2\/pages\/15\/revisions"}],"predecessor-version":[{"id":3265,"href":"https:\/\/bandidoswitzerland.ch\/fr\/wp-json\/wp\/v2\/pages\/15\/revisions\/3265"}],"wp:attachment":[{"href":"https:\/\/bandidoswitzerland.ch\/fr\/wp-json\/wp\/v2\/media?parent=15"}],"curies":[{"name":"wp","href":"https:\/\/api.w.org\/{rel}","templated":true}]}}