{"id":959,"date":"2023-09-21T18:53:13","date_gmt":"2023-09-21T18:53:13","guid":{"rendered":"https:\/\/bandidoswitzerland.ch\/?post_type=product&#038;p=959"},"modified":"2024-08-15T14:36:26","modified_gmt":"2024-08-15T14:36:26","slug":"spruehflasche-schwarz","status":"publish","type":"product","link":"https:\/\/bandidoswitzerland.ch\/de\/product\/spruehflasche-schwarz\/","title":{"rendered":"Spr\u00fchflasche Schwarz"},"content":{"rendered":"<p>Der Shave Factory 300 ml Hairdressing Sprayer ist ein unentbehrliches und unverzichtbares Zubeh\u00f6r f\u00fcr jeden Salon oder Friseur. Er erzeugt kontinuierlich einen feinen, feuchten Nebel und gibt dank seiner sehr guten Auslaufsicherheit die richtige Menge Wasser ab. Die l\u00e4ngere One-Touch-Spr\u00fchd\u00fcse ist 50% l\u00e4nger als andere Spr\u00fchd\u00fcsen. Dies erm\u00f6glicht eine Bewegungsfreiheit von 360\u00b0. Der Spr\u00fcher kann in jedem Winkel verwendet werden. Er liegt gut in der Hand und ist einfach zu bedienen. Hergestellt aus robustem Kunststoff in elegantem Schwarz.<\/p>\n","protected":false},"excerpt":{"rendered":"<p>Der Shave Factory 300 ml Hairdressing Sprayer ist ein unentbehrliches und unverzichtbares Zubeh\u00f6r f\u00fcr jeden Salon oder Friseur. Er erzeugt kontinuierlich einen feinen, feuchten Nebel und gibt dank seiner sehr guten Auslaufsicherheit die richtige Menge Wasser ab. Die l\u00e4ngere One-Touch-Spr\u00fchd\u00fcse ist 50% l\u00e4nger als andere Spr\u00fchd\u00fcsen. Dies erm\u00f6glicht eine Bewegungsfreiheit von 360\u00b0. Der Spr\u00fcher kann [&hellip;]<\/p>\n","protected":false},"featured_media":961,"comment_status":"open","ping_status":"closed","template":"","meta":[],"product_brand":[],"product_cat":[87,22],"product_tag":[56],"class_list":{"0":"post-959","1":"product","2":"type-product","3":"status-publish","4":"has-post-thumbnail","6":"product_cat-spruhflaschen","7":"product_cat-zubehor","8":"product_tag-the-shave-factory","10":"first","11":"instock","12":"shipping-taxable","13":"purchasable","14":"product-type-simple"},"aioseo_notices":[],"_links":{"self":[{"href":"https:\/\/bandidoswitzerland.ch\/de\/wp-json\/wp\/v2\/product\/959","targetHints":{"allow":["GET"]}}],"collection":[{"href":"https:\/\/bandidoswitzerland.ch\/de\/wp-json\/wp\/v2\/product"}],"about":[{"href":"https:\/\/bandidoswitzerland.ch\/de\/wp-json\/wp\/v2\/types\/product"}],"replies":[{"embeddable":true,"href":"https:\/\/bandidoswitzerland.ch\/de\/wp-json\/wp\/v2\/comments?post=959"}],"wp:featuredmedia":[{"embeddable":true,"href":"https:\/\/bandidoswitzerland.ch\/de\/wp-json\/wp\/v2\/media\/961"}],"wp:attachment":[{"href":"https:\/\/bandidoswitzerland.ch\/de\/wp-json\/wp\/v2\/media?parent=959"}],"wp:term":[{"taxonomy":"product_brand","embeddable":true,"href":"https:\/\/bandidoswitzerland.ch\/de\/wp-json\/wp\/v2\/product_brand?post=959"},{"taxonomy":"product_cat","embeddable":true,"href":"https:\/\/bandidoswitzerland.ch\/de\/wp-json\/wp\/v2\/product_cat?post=959"},{"taxonomy":"product_tag","embeddable":true,"href":"https:\/\/bandidoswitzerland.ch\/de\/wp-json\/wp\/v2\/product_tag?post=959"}],"curies":[{"name":"wp","href":"https:\/\/api.w.org\/{rel}","templated":true}]}}