{"id":928,"date":"2023-09-21T17:16:00","date_gmt":"2023-09-21T17:16:00","guid":{"rendered":"https:\/\/bandidoswitzerland.ch\/?post_type=product&#038;p=928"},"modified":"2026-04-23T13:13:54","modified_gmt":"2026-04-23T13:13:54","slug":"astra-100-doppelklingen-rasiermesser-gruen","status":"publish","type":"product","link":"https:\/\/bandidoswitzerland.ch\/de\/product\/astra-100-doppelklingen-rasiermesser-gruen\/","title":{"rendered":"Astra 100 Doppelklingen-Rasiermesser Gr\u00fcn"},"content":{"rendered":"<p>ASTRA rostfreie Doppelklingen passen auf alle Doppelklingen-Rasiermesser.<\/p>\n<p>ASTRA-Klingen werden aus hochwertigem Stahl hergestellt.<\/p>\n<p>Jede ASTRA-Klinge bietet un\u00fcbertroffene Qualit\u00e4t, Gl\u00e4tte und Haltbarkeit f\u00fcr eine lang anhaltende, glatte Rasur.<\/p>\n<p>20 Kartons mit je 5 St\u00fcck<\/p>\n","protected":false},"excerpt":{"rendered":"<p>ASTRA rostfreie Doppelklingen passen auf alle Doppelklingen-Rasiermesser. ASTRA-Klingen werden aus hochwertigem Stahl hergestellt. Jede ASTRA-Klinge bietet un\u00fcbertroffene Qualit\u00e4t, Gl\u00e4tte und Haltbarkeit f\u00fcr eine lang anhaltende, glatte Rasur. 20 Kartons mit je 5 St\u00fcck<\/p>\n","protected":false},"featured_media":929,"comment_status":"open","ping_status":"closed","template":"","meta":[],"product_brand":[],"product_cat":[86,22],"product_tag":[52],"class_list":{"0":"post-928","1":"product","2":"type-product","3":"status-publish","4":"has-post-thumbnail","6":"product_cat-schere-und-klinge","7":"product_cat-zubehor","8":"product_tag-astra","10":"first","11":"instock","12":"shipping-taxable","13":"purchasable","14":"product-type-simple"},"aioseo_notices":[],"_links":{"self":[{"href":"https:\/\/bandidoswitzerland.ch\/de\/wp-json\/wp\/v2\/product\/928","targetHints":{"allow":["GET"]}}],"collection":[{"href":"https:\/\/bandidoswitzerland.ch\/de\/wp-json\/wp\/v2\/product"}],"about":[{"href":"https:\/\/bandidoswitzerland.ch\/de\/wp-json\/wp\/v2\/types\/product"}],"replies":[{"embeddable":true,"href":"https:\/\/bandidoswitzerland.ch\/de\/wp-json\/wp\/v2\/comments?post=928"}],"wp:featuredmedia":[{"embeddable":true,"href":"https:\/\/bandidoswitzerland.ch\/de\/wp-json\/wp\/v2\/media\/929"}],"wp:attachment":[{"href":"https:\/\/bandidoswitzerland.ch\/de\/wp-json\/wp\/v2\/media?parent=928"}],"wp:term":[{"taxonomy":"product_brand","embeddable":true,"href":"https:\/\/bandidoswitzerland.ch\/de\/wp-json\/wp\/v2\/product_brand?post=928"},{"taxonomy":"product_cat","embeddable":true,"href":"https:\/\/bandidoswitzerland.ch\/de\/wp-json\/wp\/v2\/product_cat?post=928"},{"taxonomy":"product_tag","embeddable":true,"href":"https:\/\/bandidoswitzerland.ch\/de\/wp-json\/wp\/v2\/product_tag?post=928"}],"curies":[{"name":"wp","href":"https:\/\/api.w.org\/{rel}","templated":true}]}}