{"id":920,"date":"2023-09-21T16:47:51","date_gmt":"2023-09-21T16:47:51","guid":{"rendered":"https:\/\/bandidoswitzerland.ch\/?post_type=product&#038;p=920"},"modified":"2024-08-15T14:40:40","modified_gmt":"2024-08-15T14:40:40","slug":"faser-applikator","status":"publish","type":"product","link":"https:\/\/bandidoswitzerland.ch\/de\/product\/faser-applikator\/","title":{"rendered":"Faser-Applikator"},"content":{"rendered":"<p>Der Haarfaserapplikator Level 3 erm\u00f6glicht dem Friseur eine bessere Kontrolle \u00fcber die Menge des aufzutragenden Faserprodukts und zielt genau auf die gew\u00fcnschte Haarpartie. Der Beh\u00e4lter ist transparent, hat einen Deckel aus Edelstahl und einen Gummikolben. Der Zerst\u00e4uber spr\u00fcht das Faserprodukt gleichm\u00e4\u00dfig aus und vermeidet Klumpen oder Verklumpungen. Die Anwendung von Haarfasern wird mit diesem gro\u00dfartigen Zubeh\u00f6r, das einfach zu benutzen und zu reinigen ist, vereinfacht. Es kann auch zum Verteilen von magnetischen Pulvern verwendet werden.<\/p>\n<p>Anwendung: Nehmen Sie die Kappe ab, geben Sie die Haarfasern in den Zerst\u00e4uber, schlie\u00dfen Sie die Kappe und beginnen Sie, den Gummikolben zu pumpen, w\u00e4hrend Sie ihn auf die gew\u00fcnschten Bereiche richten.<\/p>\n","protected":false},"excerpt":{"rendered":"<p>Der Haarfaserapplikator Level 3 erm\u00f6glicht dem Friseur eine bessere Kontrolle \u00fcber die Menge des aufzutragenden Faserprodukts und zielt genau auf die gew\u00fcnschte Haarpartie. Der Beh\u00e4lter ist transparent, hat einen Deckel aus Edelstahl und einen Gummikolben. Der Zerst\u00e4uber spr\u00fcht das Faserprodukt gleichm\u00e4\u00dfig aus und vermeidet Klumpen oder Verklumpungen. Die Anwendung von Haarfasern wird mit diesem gro\u00dfartigen [&hellip;]<\/p>\n","protected":false},"featured_media":921,"comment_status":"open","ping_status":"closed","template":"","meta":[],"product_brand":[],"product_cat":[96,22],"product_tag":[51],"class_list":{"0":"post-920","1":"product","2":"type-product","3":"status-publish","4":"has-post-thumbnail","6":"product_cat-haareinigungs-fade-brush","7":"product_cat-zubehor","8":"product_tag-level-3","10":"first","11":"instock","12":"shipping-taxable","13":"purchasable","14":"product-type-simple"},"aioseo_notices":[],"_links":{"self":[{"href":"https:\/\/bandidoswitzerland.ch\/de\/wp-json\/wp\/v2\/product\/920","targetHints":{"allow":["GET"]}}],"collection":[{"href":"https:\/\/bandidoswitzerland.ch\/de\/wp-json\/wp\/v2\/product"}],"about":[{"href":"https:\/\/bandidoswitzerland.ch\/de\/wp-json\/wp\/v2\/types\/product"}],"replies":[{"embeddable":true,"href":"https:\/\/bandidoswitzerland.ch\/de\/wp-json\/wp\/v2\/comments?post=920"}],"wp:featuredmedia":[{"embeddable":true,"href":"https:\/\/bandidoswitzerland.ch\/de\/wp-json\/wp\/v2\/media\/921"}],"wp:attachment":[{"href":"https:\/\/bandidoswitzerland.ch\/de\/wp-json\/wp\/v2\/media?parent=920"}],"wp:term":[{"taxonomy":"product_brand","embeddable":true,"href":"https:\/\/bandidoswitzerland.ch\/de\/wp-json\/wp\/v2\/product_brand?post=920"},{"taxonomy":"product_cat","embeddable":true,"href":"https:\/\/bandidoswitzerland.ch\/de\/wp-json\/wp\/v2\/product_cat?post=920"},{"taxonomy":"product_tag","embeddable":true,"href":"https:\/\/bandidoswitzerland.ch\/de\/wp-json\/wp\/v2\/product_tag?post=920"}],"curies":[{"name":"wp","href":"https:\/\/api.w.org\/{rel}","templated":true}]}}