{"id":898,"date":"2023-09-21T16:10:50","date_gmt":"2023-09-21T16:10:50","guid":{"rendered":"https:\/\/bandidoswitzerland.ch\/?post_type=product&#038;p=898"},"modified":"2024-08-15T14:41:48","modified_gmt":"2024-08-15T14:41:48","slug":"haarkamm-045","status":"publish","type":"product","link":"https:\/\/bandidoswitzerland.ch\/de\/product\/haarkamm-045\/","title":{"rendered":"Haarkamm 045"},"content":{"rendered":"<p>Hergestellt aus antistatischem, flexiblem, starkem und hitzebest\u00e4ndigem Material. Ideal f\u00fcr das Styling verschiedener Haartypen und -l\u00e4ngen.<\/p>\n<p>Farbe: Schwarz<\/p>\n","protected":false},"excerpt":{"rendered":"<p>Hergestellt aus antistatischem, flexiblem, starkem und hitzebest\u00e4ndigem Material. Ideal f\u00fcr das Styling verschiedener Haartypen und -l\u00e4ngen. Farbe: Schwarz<\/p>\n","protected":false},"featured_media":899,"comment_status":"open","ping_status":"closed","template":"","meta":[],"product_brand":[],"product_cat":[93,22],"product_tag":[45],"class_list":{"0":"post-898","1":"product","2":"type-product","3":"status-publish","4":"has-post-thumbnail","6":"product_cat-kamme-burste","7":"product_cat-zubehor","8":"product_tag-bandido","10":"first","11":"instock","12":"shipping-taxable","13":"purchasable","14":"product-type-simple"},"aioseo_notices":[],"_links":{"self":[{"href":"https:\/\/bandidoswitzerland.ch\/de\/wp-json\/wp\/v2\/product\/898","targetHints":{"allow":["GET"]}}],"collection":[{"href":"https:\/\/bandidoswitzerland.ch\/de\/wp-json\/wp\/v2\/product"}],"about":[{"href":"https:\/\/bandidoswitzerland.ch\/de\/wp-json\/wp\/v2\/types\/product"}],"replies":[{"embeddable":true,"href":"https:\/\/bandidoswitzerland.ch\/de\/wp-json\/wp\/v2\/comments?post=898"}],"wp:featuredmedia":[{"embeddable":true,"href":"https:\/\/bandidoswitzerland.ch\/de\/wp-json\/wp\/v2\/media\/899"}],"wp:attachment":[{"href":"https:\/\/bandidoswitzerland.ch\/de\/wp-json\/wp\/v2\/media?parent=898"}],"wp:term":[{"taxonomy":"product_brand","embeddable":true,"href":"https:\/\/bandidoswitzerland.ch\/de\/wp-json\/wp\/v2\/product_brand?post=898"},{"taxonomy":"product_cat","embeddable":true,"href":"https:\/\/bandidoswitzerland.ch\/de\/wp-json\/wp\/v2\/product_cat?post=898"},{"taxonomy":"product_tag","embeddable":true,"href":"https:\/\/bandidoswitzerland.ch\/de\/wp-json\/wp\/v2\/product_tag?post=898"}],"curies":[{"name":"wp","href":"https:\/\/api.w.org\/{rel}","templated":true}]}}