{"id":893,"date":"2023-09-21T16:09:49","date_gmt":"2023-09-21T16:09:49","guid":{"rendered":"https:\/\/bandidoswitzerland.ch\/?post_type=product&#038;p=893"},"modified":"2024-08-15T14:41:57","modified_gmt":"2024-08-15T14:41:57","slug":"haarkamm-051","status":"publish","type":"product","link":"https:\/\/bandidoswitzerland.ch\/de\/product\/haarkamm-051\/","title":{"rendered":"Haarkamm 051"},"content":{"rendered":"<p>Hergestellt aus antistatischem, flexiblem, starkem und hitzebest\u00e4ndigem Material. Ideal f\u00fcr das Styling verschiedener Haartypen und -l\u00e4ngen.<\/p>\n<p>Farbe: Schwarz<\/p>\n","protected":false},"excerpt":{"rendered":"<p>Hergestellt aus antistatischem, flexiblem, starkem und hitzebest\u00e4ndigem Material. Ideal f\u00fcr das Styling verschiedener Haartypen und -l\u00e4ngen. Farbe: Schwarz<\/p>\n","protected":false},"featured_media":897,"comment_status":"open","ping_status":"closed","template":"","meta":[],"product_brand":[],"product_cat":[93,22],"product_tag":[45],"class_list":{"0":"post-893","1":"product","2":"type-product","3":"status-publish","4":"has-post-thumbnail","6":"product_cat-kamme-burste","7":"product_cat-zubehor","8":"product_tag-bandido","10":"first","11":"instock","12":"shipping-taxable","13":"purchasable","14":"product-type-simple"},"aioseo_notices":[],"_links":{"self":[{"href":"https:\/\/bandidoswitzerland.ch\/de\/wp-json\/wp\/v2\/product\/893","targetHints":{"allow":["GET"]}}],"collection":[{"href":"https:\/\/bandidoswitzerland.ch\/de\/wp-json\/wp\/v2\/product"}],"about":[{"href":"https:\/\/bandidoswitzerland.ch\/de\/wp-json\/wp\/v2\/types\/product"}],"replies":[{"embeddable":true,"href":"https:\/\/bandidoswitzerland.ch\/de\/wp-json\/wp\/v2\/comments?post=893"}],"wp:featuredmedia":[{"embeddable":true,"href":"https:\/\/bandidoswitzerland.ch\/de\/wp-json\/wp\/v2\/media\/897"}],"wp:attachment":[{"href":"https:\/\/bandidoswitzerland.ch\/de\/wp-json\/wp\/v2\/media?parent=893"}],"wp:term":[{"taxonomy":"product_brand","embeddable":true,"href":"https:\/\/bandidoswitzerland.ch\/de\/wp-json\/wp\/v2\/product_brand?post=893"},{"taxonomy":"product_cat","embeddable":true,"href":"https:\/\/bandidoswitzerland.ch\/de\/wp-json\/wp\/v2\/product_cat?post=893"},{"taxonomy":"product_tag","embeddable":true,"href":"https:\/\/bandidoswitzerland.ch\/de\/wp-json\/wp\/v2\/product_tag?post=893"}],"curies":[{"name":"wp","href":"https:\/\/api.w.org\/{rel}","templated":true}]}}