{"id":845,"date":"2023-09-15T16:44:47","date_gmt":"2023-09-15T16:44:47","guid":{"rendered":"https:\/\/bandidoswitzerland.ch\/?post_type=product&#038;p=845"},"modified":"2025-01-31T19:38:40","modified_gmt":"2025-01-31T19:38:40","slug":"lampe-2","status":"publish","type":"product","link":"https:\/\/bandidoswitzerland.ch\/de\/product\/lampe-2\/","title":{"rendered":"Lampe Pole Bandido"},"content":{"rendered":"<p>Massen: 85 cm<\/p>\n<p>Barber\/Coiffeur Lampe Pole<\/p>\n<p>Drehendes (50\/60 U\/min) LED-Licht (220-240V \/ 50\/60Hz)<\/p>\n<p>Hochwertiger, langlebiger Permanentmagnet-Synchronmotor<\/p>\n<p>Geeignet f\u00fcr gesch\u00fctzte Innen- und Au\u00dfenanwendungen.<\/p>\n<p><strong>Bald wieder auf Lager!<\/strong><\/p>\n<p>&nbsp;<\/p>\n","protected":false},"excerpt":{"rendered":"<p>Massen: 85 cm Barber\/Coiffeur Lampe Pole Drehendes (50\/60 U\/min) LED-Licht (220-240V \/ 50\/60Hz) Hochwertiger, langlebiger Permanentmagnet-Synchronmotor Geeignet f\u00fcr gesch\u00fctzte Innen- und Au\u00dfenanwendungen. Bald wieder auf Lager! &nbsp;<\/p>\n","protected":false},"featured_media":1012,"comment_status":"open","ping_status":"closed","template":"","meta":[],"product_brand":[],"product_cat":[115,19,22],"product_tag":[45],"class_list":{"0":"post-845","1":"product","2":"type-product","3":"status-publish","4":"has-post-thumbnail","6":"product_cat-leuchtung","7":"product_cat-mobeln","8":"product_cat-zubehor","9":"product_tag-bandido","11":"first","12":"instock","13":"shipping-taxable","14":"purchasable","15":"product-type-simple"},"aioseo_notices":[],"_links":{"self":[{"href":"https:\/\/bandidoswitzerland.ch\/de\/wp-json\/wp\/v2\/product\/845","targetHints":{"allow":["GET"]}}],"collection":[{"href":"https:\/\/bandidoswitzerland.ch\/de\/wp-json\/wp\/v2\/product"}],"about":[{"href":"https:\/\/bandidoswitzerland.ch\/de\/wp-json\/wp\/v2\/types\/product"}],"replies":[{"embeddable":true,"href":"https:\/\/bandidoswitzerland.ch\/de\/wp-json\/wp\/v2\/comments?post=845"}],"wp:featuredmedia":[{"embeddable":true,"href":"https:\/\/bandidoswitzerland.ch\/de\/wp-json\/wp\/v2\/media\/1012"}],"wp:attachment":[{"href":"https:\/\/bandidoswitzerland.ch\/de\/wp-json\/wp\/v2\/media?parent=845"}],"wp:term":[{"taxonomy":"product_brand","embeddable":true,"href":"https:\/\/bandidoswitzerland.ch\/de\/wp-json\/wp\/v2\/product_brand?post=845"},{"taxonomy":"product_cat","embeddable":true,"href":"https:\/\/bandidoswitzerland.ch\/de\/wp-json\/wp\/v2\/product_cat?post=845"},{"taxonomy":"product_tag","embeddable":true,"href":"https:\/\/bandidoswitzerland.ch\/de\/wp-json\/wp\/v2\/product_tag?post=845"}],"curies":[{"name":"wp","href":"https:\/\/api.w.org\/{rel}","templated":true}]}}