{"id":816,"date":"2023-09-15T15:54:12","date_gmt":"2023-09-15T15:54:12","guid":{"rendered":"https:\/\/bandidoswitzerland.ch\/?post_type=product&#038;p=816"},"modified":"2024-10-04T11:36:29","modified_gmt":"2024-10-04T11:36:29","slug":"friseurstuhl-15","status":"publish","type":"product","link":"https:\/\/bandidoswitzerland.ch\/de\/product\/friseurstuhl-15\/","title":{"rendered":"Friseurstuhl Check GY"},"content":{"rendered":"<p><strong>Sie k\u00f6nnen diesen Stuhl jetzt direkt bei Whatsapp bestellen. Wir sind immer f\u00fcr Sie da!<\/strong><\/p>\n<p><strong>Die Lieferung des Stuhls dauert ca. 2 Wochen ab dem Datum der Bestellung.<\/strong><\/p>\n<ul>\n<li>Struktur aus Aluminiumdruckguss in satinschwarzer Ausf\u00fchrung<\/li>\n<li>Innenstruktur und R\u00fcckenlehne aus Holz<\/li>\n<li>Hochwertiges, feuerhemmendes graues PVC-Kunstleder<\/li>\n<li>Schaumstoff mit hoher Dichte Liegefl\u00e4che und umkehrbare Fu\u00dfst\u00fctze<\/li>\n<li>Runder Glasfasersockel und Verkleidung in satiniertem Schwarz passend zur Polsterung<\/li>\n<li>Hydraulische Pumpe mit Bremse (300kg. max). Verstellbare H\u00f6he.<\/li>\n<\/ul>\n<p><strong>2 Jahre Garantie<\/strong><\/p>\n<p><strong>Bald wieder auf Lager!<\/strong><\/p>\n","protected":false},"excerpt":{"rendered":"<p>Sie k\u00f6nnen diesen Stuhl jetzt direkt bei Whatsapp bestellen. Wir sind immer f\u00fcr Sie da! Die Lieferung des Stuhls dauert ca. 2 Wochen ab dem Datum der Bestellung. Struktur aus Aluminiumdruckguss in satinschwarzer Ausf\u00fchrung Innenstruktur und R\u00fcckenlehne aus Holz Hochwertiges, feuerhemmendes graues PVC-Kunstleder Schaumstoff mit hoher Dichte Liegefl\u00e4che und umkehrbare Fu\u00dfst\u00fctze Runder Glasfasersockel und Verkleidung [&hellip;]<\/p>\n","protected":false},"featured_media":1003,"comment_status":"open","ping_status":"closed","template":"","meta":[],"product_brand":[],"product_cat":[49,19],"product_tag":[45],"class_list":{"0":"post-816","1":"product","2":"type-product","3":"status-publish","4":"has-post-thumbnail","6":"product_cat-friseurstuhle","7":"product_cat-mobeln","8":"product_tag-bandido","10":"first","11":"onbackorder","12":"shipping-taxable","13":"purchasable","14":"product-type-simple"},"aioseo_notices":[],"_links":{"self":[{"href":"https:\/\/bandidoswitzerland.ch\/de\/wp-json\/wp\/v2\/product\/816","targetHints":{"allow":["GET"]}}],"collection":[{"href":"https:\/\/bandidoswitzerland.ch\/de\/wp-json\/wp\/v2\/product"}],"about":[{"href":"https:\/\/bandidoswitzerland.ch\/de\/wp-json\/wp\/v2\/types\/product"}],"replies":[{"embeddable":true,"href":"https:\/\/bandidoswitzerland.ch\/de\/wp-json\/wp\/v2\/comments?post=816"}],"wp:featuredmedia":[{"embeddable":true,"href":"https:\/\/bandidoswitzerland.ch\/de\/wp-json\/wp\/v2\/media\/1003"}],"wp:attachment":[{"href":"https:\/\/bandidoswitzerland.ch\/de\/wp-json\/wp\/v2\/media?parent=816"}],"wp:term":[{"taxonomy":"product_brand","embeddable":true,"href":"https:\/\/bandidoswitzerland.ch\/de\/wp-json\/wp\/v2\/product_brand?post=816"},{"taxonomy":"product_cat","embeddable":true,"href":"https:\/\/bandidoswitzerland.ch\/de\/wp-json\/wp\/v2\/product_cat?post=816"},{"taxonomy":"product_tag","embeddable":true,"href":"https:\/\/bandidoswitzerland.ch\/de\/wp-json\/wp\/v2\/product_tag?post=816"}],"curies":[{"name":"wp","href":"https:\/\/api.w.org\/{rel}","templated":true}]}}