{"id":798,"date":"2023-09-15T15:43:51","date_gmt":"2023-09-15T15:43:51","guid":{"rendered":"https:\/\/bandidoswitzerland.ch\/?post_type=product&#038;p=798"},"modified":"2026-04-03T17:26:35","modified_gmt":"2026-04-03T17:26:35","slug":"friseurstuhl-mit-integriertem-waschbecken","status":"publish","type":"product","link":"https:\/\/bandidoswitzerland.ch\/de\/product\/friseurstuhl-mit-integriertem-waschbecken\/","title":{"rendered":"Friseurstuhl mit Integriertem Waschbecken Ralph"},"content":{"rendered":"<p><strong>Die Lieferung des Stuhls dauert ca. 2 Wochen ab dem Datum der Bestellung.<\/strong><\/p>\n<p>Hochwertiges, feuerhemmendes PVC-Poly-Leder.<br \/>\nHochdichter Schaumstoff mit schneller R\u00fcckstellung.<br \/>\nInterne Metallstruktur.<br \/>\nKeramische Tr\u00e4gerverkleidung aus rostfreiem Stahl.<br \/>\nWei\u00dfe oder schwarze Keramik, montiert auf einem oszillierenden Mechanismus.<br \/>\nVentil mit Anti-Haar-Korb, Stopfen und Abflussrohr.<br \/>\nAnti-Tropf-Kit: Mischbatterie, Anti-Tropf-Duschkopf und Schlauch (dieses Kit ist f\u00fcr den italienischen Markt nicht erh\u00e4ltlich).<br \/>\nSockel und Verkleidung aus rostfreiem Stahl.nadi<br \/>\nElektrische Fu\u00dfst\u00fctze mit integrierter Steuerung.<\/p>\n<p><strong>2 Jahre Garantie<\/strong><\/p>\n<p>&nbsp;<\/p>\n","protected":false},"excerpt":{"rendered":"<p>Die Lieferung des Stuhls dauert ca. 2 Wochen ab dem Datum der Bestellung. Hochwertiges, feuerhemmendes PVC-Poly-Leder. Hochdichter Schaumstoff mit schneller R\u00fcckstellung. Interne Metallstruktur. Keramische Tr\u00e4gerverkleidung aus rostfreiem Stahl. Wei\u00dfe oder schwarze Keramik, montiert auf einem oszillierenden Mechanismus. Ventil mit Anti-Haar-Korb, Stopfen und Abflussrohr. Anti-Tropf-Kit: Mischbatterie, Anti-Tropf-Duschkopf und Schlauch (dieses Kit ist f\u00fcr den italienischen Markt [&hellip;]<\/p>\n","protected":false},"featured_media":1013,"comment_status":"open","ping_status":"closed","template":"","meta":[],"product_brand":[],"product_cat":[49,19],"product_tag":[45],"class_list":{"0":"post-798","1":"product","2":"type-product","3":"status-publish","4":"has-post-thumbnail","6":"product_cat-friseurstuhle","7":"product_cat-mobeln","8":"product_tag-bandido","10":"first","11":"outofstock","12":"shipping-taxable","13":"purchasable","14":"product-type-simple"},"aioseo_notices":[],"_links":{"self":[{"href":"https:\/\/bandidoswitzerland.ch\/de\/wp-json\/wp\/v2\/product\/798","targetHints":{"allow":["GET"]}}],"collection":[{"href":"https:\/\/bandidoswitzerland.ch\/de\/wp-json\/wp\/v2\/product"}],"about":[{"href":"https:\/\/bandidoswitzerland.ch\/de\/wp-json\/wp\/v2\/types\/product"}],"replies":[{"embeddable":true,"href":"https:\/\/bandidoswitzerland.ch\/de\/wp-json\/wp\/v2\/comments?post=798"}],"wp:featuredmedia":[{"embeddable":true,"href":"https:\/\/bandidoswitzerland.ch\/de\/wp-json\/wp\/v2\/media\/1013"}],"wp:attachment":[{"href":"https:\/\/bandidoswitzerland.ch\/de\/wp-json\/wp\/v2\/media?parent=798"}],"wp:term":[{"taxonomy":"product_brand","embeddable":true,"href":"https:\/\/bandidoswitzerland.ch\/de\/wp-json\/wp\/v2\/product_brand?post=798"},{"taxonomy":"product_cat","embeddable":true,"href":"https:\/\/bandidoswitzerland.ch\/de\/wp-json\/wp\/v2\/product_cat?post=798"},{"taxonomy":"product_tag","embeddable":true,"href":"https:\/\/bandidoswitzerland.ch\/de\/wp-json\/wp\/v2\/product_tag?post=798"}],"curies":[{"name":"wp","href":"https:\/\/api.w.org\/{rel}","templated":true}]}}