{"id":770,"date":"2023-09-15T14:20:07","date_gmt":"2023-09-15T14:20:07","guid":{"rendered":"https:\/\/bandidoswitzerland.ch\/?post_type=product&#038;p=770"},"modified":"2026-05-11T18:52:25","modified_gmt":"2026-05-11T18:52:25","slug":"after-shave-cream-istanbul-bandido","status":"publish","type":"product","link":"https:\/\/bandidoswitzerland.ch\/de\/product\/after-shave-cream-istanbul-bandido\/","title":{"rendered":"After Shave Cream Istanbul Bandido"},"content":{"rendered":"<p>Bandido After Shave Cream I\u0307stanbul gibt ein Gef\u00fchl von Sauberkeit und Frische mit einem lang anhaltenden Duft, der Frische bringt. Es vervollst\u00e4ndigt Ihre t\u00e4gliche Morgenroutine, indem es das brennende Gef\u00fchl nach der Rasur reduziert. Das Produkt enth\u00e4lt nur nat\u00fcrliche Inhaltsstoffe und wurde ohne alkoholhaltige Substanzen entwickelt. Es pflegt die Haut, beseitigt schnell Reizungen, hat eine antibakterielle und heilende Wirkung und garantiert maximale Hydratation und Schutz der gesch\u00e4digten Haut vor \u00e4u\u00dferen Einfl\u00fcssen.<\/p>\n<p>Volume: 350ml<\/p>\n<p>Brand: Bandido<\/p>\n","protected":false},"excerpt":{"rendered":"<p>Bandido After Shave Cream I\u0307stanbul gibt ein Gef\u00fchl von Sauberkeit und Frische mit einem lang anhaltenden Duft, der Frische bringt. Es vervollst\u00e4ndigt Ihre t\u00e4gliche Morgenroutine, indem es das brennende Gef\u00fchl nach der Rasur reduziert. Das Produkt enth\u00e4lt nur nat\u00fcrliche Inhaltsstoffe und wurde ohne alkoholhaltige Substanzen entwickelt. Es pflegt die Haut, beseitigt schnell Reizungen, hat eine [&hellip;]<\/p>\n","protected":false},"featured_media":875,"comment_status":"open","ping_status":"closed","template":"","meta":[],"product_brand":[],"product_cat":[28,29,104,21],"product_tag":[45],"class_list":{"0":"post-770","1":"product","2":"type-product","3":"status-publish","4":"has-post-thumbnail","6":"product_cat-bart","7":"product_cat-gesicht-andere","8":"product_cat-herrenkosmetik","9":"product_cat-kosmetik","10":"product_tag-bandido","12":"first","13":"instock","14":"sale","15":"shipping-taxable","16":"purchasable","17":"product-type-simple"},"aioseo_notices":[],"_links":{"self":[{"href":"https:\/\/bandidoswitzerland.ch\/de\/wp-json\/wp\/v2\/product\/770","targetHints":{"allow":["GET"]}}],"collection":[{"href":"https:\/\/bandidoswitzerland.ch\/de\/wp-json\/wp\/v2\/product"}],"about":[{"href":"https:\/\/bandidoswitzerland.ch\/de\/wp-json\/wp\/v2\/types\/product"}],"replies":[{"embeddable":true,"href":"https:\/\/bandidoswitzerland.ch\/de\/wp-json\/wp\/v2\/comments?post=770"}],"wp:featuredmedia":[{"embeddable":true,"href":"https:\/\/bandidoswitzerland.ch\/de\/wp-json\/wp\/v2\/media\/875"}],"wp:attachment":[{"href":"https:\/\/bandidoswitzerland.ch\/de\/wp-json\/wp\/v2\/media?parent=770"}],"wp:term":[{"taxonomy":"product_brand","embeddable":true,"href":"https:\/\/bandidoswitzerland.ch\/de\/wp-json\/wp\/v2\/product_brand?post=770"},{"taxonomy":"product_cat","embeddable":true,"href":"https:\/\/bandidoswitzerland.ch\/de\/wp-json\/wp\/v2\/product_cat?post=770"},{"taxonomy":"product_tag","embeddable":true,"href":"https:\/\/bandidoswitzerland.ch\/de\/wp-json\/wp\/v2\/product_tag?post=770"}],"curies":[{"name":"wp","href":"https:\/\/api.w.org\/{rel}","templated":true}]}}