{"id":768,"date":"2023-09-15T12:20:36","date_gmt":"2023-09-15T12:20:36","guid":{"rendered":"https:\/\/bandidoswitzerland.ch\/?post_type=product&#038;p=768"},"modified":"2025-11-08T10:59:25","modified_gmt":"2025-11-08T10:59:25","slug":"zweiphasen-haarspuelung-milky-bandido","status":"publish","type":"product","link":"https:\/\/bandidoswitzerland.ch\/de\/product\/zweiphasen-haarspuelung-milky-bandido\/","title":{"rendered":"Zweiphasen-Haarsp\u00fclung Milky Bandido"},"content":{"rendered":"<p>Die milchige Zwei-Phasen-Sp\u00fclung wurde speziell f\u00fcr alle Haartypen entwickelt. Dank seiner besonderen Zusammensetzung unterst\u00fctzt er den Schutz des Haares vor Hitze und negativen \u00e4u\u00dferen Umwelteinfl\u00fcssen. Dank der darin enthaltenen Wirkstoffe l\u00e4sst sich das Haar leicht k\u00e4mmen und formen.<\/p>\n<p>Volume: 350ml<\/p>\n<p>Brand: Bandido<\/p>\n","protected":false},"excerpt":{"rendered":"<p>Die milchige Zwei-Phasen-Sp\u00fclung wurde speziell f\u00fcr alle Haartypen entwickelt. Dank seiner besonderen Zusammensetzung unterst\u00fctzt er den Schutz des Haares vor Hitze und negativen \u00e4u\u00dferen Umwelteinfl\u00fcssen. Dank der darin enthaltenen Wirkstoffe l\u00e4sst sich das Haar leicht k\u00e4mmen und formen. Volume: 350ml Brand: Bandido<\/p>\n","protected":false},"featured_media":769,"comment_status":"open","ping_status":"closed","template":"","meta":[],"product_brand":[],"product_cat":[27,104,21],"product_tag":[45],"class_list":{"0":"post-768","1":"product","2":"type-product","3":"status-publish","4":"has-post-thumbnail","6":"product_cat-haarpflege","7":"product_cat-herrenkosmetik","8":"product_cat-kosmetik","9":"product_tag-bandido","11":"first","12":"instock","13":"shipping-taxable","14":"purchasable","15":"product-type-simple"},"aioseo_notices":[],"_links":{"self":[{"href":"https:\/\/bandidoswitzerland.ch\/de\/wp-json\/wp\/v2\/product\/768","targetHints":{"allow":["GET"]}}],"collection":[{"href":"https:\/\/bandidoswitzerland.ch\/de\/wp-json\/wp\/v2\/product"}],"about":[{"href":"https:\/\/bandidoswitzerland.ch\/de\/wp-json\/wp\/v2\/types\/product"}],"replies":[{"embeddable":true,"href":"https:\/\/bandidoswitzerland.ch\/de\/wp-json\/wp\/v2\/comments?post=768"}],"wp:featuredmedia":[{"embeddable":true,"href":"https:\/\/bandidoswitzerland.ch\/de\/wp-json\/wp\/v2\/media\/769"}],"wp:attachment":[{"href":"https:\/\/bandidoswitzerland.ch\/de\/wp-json\/wp\/v2\/media?parent=768"}],"wp:term":[{"taxonomy":"product_brand","embeddable":true,"href":"https:\/\/bandidoswitzerland.ch\/de\/wp-json\/wp\/v2\/product_brand?post=768"},{"taxonomy":"product_cat","embeddable":true,"href":"https:\/\/bandidoswitzerland.ch\/de\/wp-json\/wp\/v2\/product_cat?post=768"},{"taxonomy":"product_tag","embeddable":true,"href":"https:\/\/bandidoswitzerland.ch\/de\/wp-json\/wp\/v2\/product_tag?post=768"}],"curies":[{"name":"wp","href":"https:\/\/api.w.org\/{rel}","templated":true}]}}