{"id":764,"date":"2023-09-15T12:17:19","date_gmt":"2023-09-15T12:17:19","guid":{"rendered":"https:\/\/bandidoswitzerland.ch\/?post_type=product&#038;p=764"},"modified":"2025-11-08T10:59:50","modified_gmt":"2025-11-08T10:59:50","slug":"zweiphasen-haarspuelung-herbal-bandido","status":"publish","type":"product","link":"https:\/\/bandidoswitzerland.ch\/de\/product\/zweiphasen-haarspuelung-herbal-bandido\/","title":{"rendered":"Zweiphasen-Haarsp\u00fclung Herbal Bandido"},"content":{"rendered":"<p>Die Herbal Zwei-Phasen-Sp\u00fclung wurde speziell f\u00fcr gemischtes bis fettiges Haar entwickelt. Der in seiner Zusammensetzung enthaltene Pflanzenextrakt wirkt sich positiv auf die \u00e4u\u00dfere Schicht des Haares aus und tr\u00e4gt zu dessen Wiederherstellung bei. Dank seiner speziellen Zusammensetzung unterst\u00fctzt er den Schutz des Haares vor Hitze und negativen \u00e4u\u00dferen Umwelteinfl\u00fcssen. Die darin enthaltenen Wirkstoffe helfen dem Haar, sich leicht zu formen.<\/p>\n<p>Volume: 350ml<\/p>\n<p>Brand: Bandido<\/p>\n","protected":false},"excerpt":{"rendered":"<p>Die Herbal Zwei-Phasen-Sp\u00fclung wurde speziell f\u00fcr gemischtes bis fettiges Haar entwickelt. Der in seiner Zusammensetzung enthaltene Pflanzenextrakt wirkt sich positiv auf die \u00e4u\u00dfere Schicht des Haares aus und tr\u00e4gt zu dessen Wiederherstellung bei. Dank seiner speziellen Zusammensetzung unterst\u00fctzt er den Schutz des Haares vor Hitze und negativen \u00e4u\u00dferen Umwelteinfl\u00fcssen. Die darin enthaltenen Wirkstoffe helfen dem [&hellip;]<\/p>\n","protected":false},"featured_media":765,"comment_status":"open","ping_status":"closed","template":"","meta":[],"product_brand":[],"product_cat":[27,104,21],"product_tag":[45],"class_list":{"0":"post-764","1":"product","2":"type-product","3":"status-publish","4":"has-post-thumbnail","6":"product_cat-haarpflege","7":"product_cat-herrenkosmetik","8":"product_cat-kosmetik","9":"product_tag-bandido","11":"first","12":"instock","13":"shipping-taxable","14":"purchasable","15":"product-type-simple"},"aioseo_notices":[],"_links":{"self":[{"href":"https:\/\/bandidoswitzerland.ch\/de\/wp-json\/wp\/v2\/product\/764","targetHints":{"allow":["GET"]}}],"collection":[{"href":"https:\/\/bandidoswitzerland.ch\/de\/wp-json\/wp\/v2\/product"}],"about":[{"href":"https:\/\/bandidoswitzerland.ch\/de\/wp-json\/wp\/v2\/types\/product"}],"replies":[{"embeddable":true,"href":"https:\/\/bandidoswitzerland.ch\/de\/wp-json\/wp\/v2\/comments?post=764"}],"wp:featuredmedia":[{"embeddable":true,"href":"https:\/\/bandidoswitzerland.ch\/de\/wp-json\/wp\/v2\/media\/765"}],"wp:attachment":[{"href":"https:\/\/bandidoswitzerland.ch\/de\/wp-json\/wp\/v2\/media?parent=764"}],"wp:term":[{"taxonomy":"product_brand","embeddable":true,"href":"https:\/\/bandidoswitzerland.ch\/de\/wp-json\/wp\/v2\/product_brand?post=764"},{"taxonomy":"product_cat","embeddable":true,"href":"https:\/\/bandidoswitzerland.ch\/de\/wp-json\/wp\/v2\/product_cat?post=764"},{"taxonomy":"product_tag","embeddable":true,"href":"https:\/\/bandidoswitzerland.ch\/de\/wp-json\/wp\/v2\/product_tag?post=764"}],"curies":[{"name":"wp","href":"https:\/\/api.w.org\/{rel}","templated":true}]}}