{"id":762,"date":"2023-09-15T12:14:47","date_gmt":"2023-09-15T12:14:47","guid":{"rendered":"https:\/\/bandidoswitzerland.ch\/?post_type=product&#038;p=762"},"modified":"2025-11-08T11:00:00","modified_gmt":"2025-11-08T11:00:00","slug":"zweiphasen-haarspuelung-argan-bandido","status":"publish","type":"product","link":"https:\/\/bandidoswitzerland.ch\/de\/product\/zweiphasen-haarspuelung-argan-bandido\/","title":{"rendered":"Zweiphasen-Haarsp\u00fclung Argan Bandido"},"content":{"rendered":"<p>Argan Two Phase Conditioner wurde speziell f\u00fcr normale bis trockene Haartypen entwickelt. Die in seiner Formel enthaltenen n\u00e4hrenden Eigenschaften des Argan\u00f6ls lassen das Haar gl\u00e4nzender aussehen. Dank seiner speziellen Zusammensetzung unterst\u00fctzt er den Schutz des Haares vor Hitze und negativen \u00e4u\u00dferen Umwelteinfl\u00fcssen. Dank der darin enthaltenen Wirkstoffe l\u00e4sst sich das Haar leicht k\u00e4mmen und formen.<\/p>\n<p>Volume: 350ml<\/p>\n<p>Brand: Bandido<\/p>\n","protected":false},"excerpt":{"rendered":"<p>Argan Two Phase Conditioner wurde speziell f\u00fcr normale bis trockene Haartypen entwickelt. Die in seiner Formel enthaltenen n\u00e4hrenden Eigenschaften des Argan\u00f6ls lassen das Haar gl\u00e4nzender aussehen. Dank seiner speziellen Zusammensetzung unterst\u00fctzt er den Schutz des Haares vor Hitze und negativen \u00e4u\u00dferen Umwelteinfl\u00fcssen. Dank der darin enthaltenen Wirkstoffe l\u00e4sst sich das Haar leicht k\u00e4mmen und formen. [&hellip;]<\/p>\n","protected":false},"featured_media":763,"comment_status":"open","ping_status":"closed","template":"","meta":[],"product_brand":[],"product_cat":[27,104,21],"product_tag":[45],"class_list":{"0":"post-762","1":"product","2":"type-product","3":"status-publish","4":"has-post-thumbnail","6":"product_cat-haarpflege","7":"product_cat-herrenkosmetik","8":"product_cat-kosmetik","9":"product_tag-bandido","11":"first","12":"instock","13":"shipping-taxable","14":"purchasable","15":"product-type-simple"},"aioseo_notices":[],"_links":{"self":[{"href":"https:\/\/bandidoswitzerland.ch\/de\/wp-json\/wp\/v2\/product\/762","targetHints":{"allow":["GET"]}}],"collection":[{"href":"https:\/\/bandidoswitzerland.ch\/de\/wp-json\/wp\/v2\/product"}],"about":[{"href":"https:\/\/bandidoswitzerland.ch\/de\/wp-json\/wp\/v2\/types\/product"}],"replies":[{"embeddable":true,"href":"https:\/\/bandidoswitzerland.ch\/de\/wp-json\/wp\/v2\/comments?post=762"}],"wp:featuredmedia":[{"embeddable":true,"href":"https:\/\/bandidoswitzerland.ch\/de\/wp-json\/wp\/v2\/media\/763"}],"wp:attachment":[{"href":"https:\/\/bandidoswitzerland.ch\/de\/wp-json\/wp\/v2\/media?parent=762"}],"wp:term":[{"taxonomy":"product_brand","embeddable":true,"href":"https:\/\/bandidoswitzerland.ch\/de\/wp-json\/wp\/v2\/product_brand?post=762"},{"taxonomy":"product_cat","embeddable":true,"href":"https:\/\/bandidoswitzerland.ch\/de\/wp-json\/wp\/v2\/product_cat?post=762"},{"taxonomy":"product_tag","embeddable":true,"href":"https:\/\/bandidoswitzerland.ch\/de\/wp-json\/wp\/v2\/product_tag?post=762"}],"curies":[{"name":"wp","href":"https:\/\/api.w.org\/{rel}","templated":true}]}}