{"id":750,"date":"2023-09-15T11:45:39","date_gmt":"2023-09-15T11:45:39","guid":{"rendered":"https:\/\/bandidoswitzerland.ch\/?post_type=product&#038;p=750"},"modified":"2026-05-11T18:54:29","modified_gmt":"2026-05-11T18:54:29","slug":"argan-clay-mask-bandido","status":"publish","type":"product","link":"https:\/\/bandidoswitzerland.ch\/de\/product\/argan-clay-mask-bandido\/","title":{"rendered":"Argan Clay Mask Bandido"},"content":{"rendered":"<p>Die Bandido Argan-Clay-Maske bietet den besten Schutz f\u00fcr Ihre Haut. Argan\u00f6l-Extrakt enth\u00e4lt eine gro\u00dfe Menge an Vitamin E. Es spendet die notwendige Feuchtigkeit, die die Haut braucht, um gesund auszusehen.<\/p>\n<p>Mit Hilfe einer Tonmaske:<\/p>\n<ul>\n<li>Bek\u00e4mpfen Sie Akne und Mitesser.<\/li>\n<li>Hilft bei der Reinigung und Wiederherstellung der Hautgesundheit.<\/li>\n<li>L\u00e4sst die Haut strahlender und ges\u00fcnder aussehen.<\/li>\n<li>Verj\u00fcngt die Haut und l\u00e4sst sie j\u00fcnger aussehen.<\/li>\n<li>Gleicht den pH-Wert der Haut aus, macht das Gesicht strahlender und lebendiger und reduziert die Fettigkeit.<\/li>\n<li>Entfernt Giftstoffe aus dem t\u00e4glichen Leben und erneuert die Zellen des Gesichts.<\/li>\n<\/ul>\n<p>Volume: 300ml<\/p>\n<p>Brand: Bandido<\/p>\n","protected":false},"excerpt":{"rendered":"<p>Die Bandido Argan-Clay-Maske bietet den besten Schutz f\u00fcr Ihre Haut. Argan\u00f6l-Extrakt enth\u00e4lt eine gro\u00dfe Menge an Vitamin E. Es spendet die notwendige Feuchtigkeit, die die Haut braucht, um gesund auszusehen. Mit Hilfe einer Tonmaske: Bek\u00e4mpfen Sie Akne und Mitesser. Hilft bei der Reinigung und Wiederherstellung der Hautgesundheit. L\u00e4sst die Haut strahlender und ges\u00fcnder aussehen. Verj\u00fcngt [&hellip;]<\/p>\n","protected":false},"featured_media":751,"comment_status":"open","ping_status":"closed","template":"","meta":[],"product_brand":[],"product_cat":[29,104,21],"product_tag":[45],"class_list":{"0":"post-750","1":"product","2":"type-product","3":"status-publish","4":"has-post-thumbnail","6":"product_cat-gesicht-andere","7":"product_cat-herrenkosmetik","8":"product_cat-kosmetik","9":"product_tag-bandido","11":"first","12":"instock","13":"sale","14":"shipping-taxable","15":"purchasable","16":"product-type-simple"},"aioseo_notices":[],"_links":{"self":[{"href":"https:\/\/bandidoswitzerland.ch\/de\/wp-json\/wp\/v2\/product\/750","targetHints":{"allow":["GET"]}}],"collection":[{"href":"https:\/\/bandidoswitzerland.ch\/de\/wp-json\/wp\/v2\/product"}],"about":[{"href":"https:\/\/bandidoswitzerland.ch\/de\/wp-json\/wp\/v2\/types\/product"}],"replies":[{"embeddable":true,"href":"https:\/\/bandidoswitzerland.ch\/de\/wp-json\/wp\/v2\/comments?post=750"}],"wp:featuredmedia":[{"embeddable":true,"href":"https:\/\/bandidoswitzerland.ch\/de\/wp-json\/wp\/v2\/media\/751"}],"wp:attachment":[{"href":"https:\/\/bandidoswitzerland.ch\/de\/wp-json\/wp\/v2\/media?parent=750"}],"wp:term":[{"taxonomy":"product_brand","embeddable":true,"href":"https:\/\/bandidoswitzerland.ch\/de\/wp-json\/wp\/v2\/product_brand?post=750"},{"taxonomy":"product_cat","embeddable":true,"href":"https:\/\/bandidoswitzerland.ch\/de\/wp-json\/wp\/v2\/product_cat?post=750"},{"taxonomy":"product_tag","embeddable":true,"href":"https:\/\/bandidoswitzerland.ch\/de\/wp-json\/wp\/v2\/product_tag?post=750"}],"curies":[{"name":"wp","href":"https:\/\/api.w.org\/{rel}","templated":true}]}}