{"id":746,"date":"2023-09-15T10:35:41","date_gmt":"2023-09-15T10:35:41","guid":{"rendered":"https:\/\/bandidoswitzerland.ch\/?post_type=product&#038;p=746"},"modified":"2026-02-27T06:30:51","modified_gmt":"2026-02-27T06:30:51","slug":"pearly-haargel-curly-bandido-2","status":"publish","type":"product","link":"https:\/\/bandidoswitzerland.ch\/de\/product\/pearly-haargel-curly-bandido-2\/","title":{"rendered":"Curly Haargel Bandido 150Ml"},"content":{"rendered":"<p>Ultrastarkes Haargel f\u00fcr lockiges Haar. Es hilft Ihrem Haar, kraftvolle und langanhaltende Styles zu kreieren. Es kann durch Kombinieren leicht entfernt werden.<\/p>\n<p>Das Bandido Curly Hair Gel enth\u00e4lt neben seinem sexy Duft auch Wirkstoffe, die das Haar vor sch\u00e4dlichen \u00e4u\u00dferen Einfl\u00fcssen sch\u00fctzen. Verteilen Sie eine kleine Menge des Lockengels auf dem trockenen oder feuchten Haar, stylen Sie mit den Fingern die gew\u00fcnschte Form der Frisur und genie\u00dfen Sie Ihren Tag.<\/p>\n<p>Volume: 150ml<\/p>\n<p>Brand: Bandido<\/p>\n","protected":false},"excerpt":{"rendered":"<p>Ultrastarkes Haargel f\u00fcr lockiges Haar. Es hilft Ihrem Haar, kraftvolle und langanhaltende Styles zu kreieren. Es kann durch Kombinieren leicht entfernt werden. Das Bandido Curly Hair Gel enth\u00e4lt neben seinem sexy Duft auch Wirkstoffe, die das Haar vor sch\u00e4dlichen \u00e4u\u00dferen Einfl\u00fcssen sch\u00fctzen. Verteilen Sie eine kleine Menge des Lockengels auf dem trockenen oder feuchten Haar, [&hellip;]<\/p>\n","protected":false},"featured_media":1046,"comment_status":"open","ping_status":"closed","template":"","meta":[],"product_brand":[],"product_cat":[27,104,21],"product_tag":[45],"class_list":{"0":"post-746","1":"product","2":"type-product","3":"status-publish","4":"has-post-thumbnail","6":"product_cat-haarpflege","7":"product_cat-herrenkosmetik","8":"product_cat-kosmetik","9":"product_tag-bandido","11":"first","12":"instock","13":"shipping-taxable","14":"purchasable","15":"product-type-simple"},"aioseo_notices":[],"_links":{"self":[{"href":"https:\/\/bandidoswitzerland.ch\/de\/wp-json\/wp\/v2\/product\/746","targetHints":{"allow":["GET"]}}],"collection":[{"href":"https:\/\/bandidoswitzerland.ch\/de\/wp-json\/wp\/v2\/product"}],"about":[{"href":"https:\/\/bandidoswitzerland.ch\/de\/wp-json\/wp\/v2\/types\/product"}],"replies":[{"embeddable":true,"href":"https:\/\/bandidoswitzerland.ch\/de\/wp-json\/wp\/v2\/comments?post=746"}],"wp:featuredmedia":[{"embeddable":true,"href":"https:\/\/bandidoswitzerland.ch\/de\/wp-json\/wp\/v2\/media\/1046"}],"wp:attachment":[{"href":"https:\/\/bandidoswitzerland.ch\/de\/wp-json\/wp\/v2\/media?parent=746"}],"wp:term":[{"taxonomy":"product_brand","embeddable":true,"href":"https:\/\/bandidoswitzerland.ch\/de\/wp-json\/wp\/v2\/product_brand?post=746"},{"taxonomy":"product_cat","embeddable":true,"href":"https:\/\/bandidoswitzerland.ch\/de\/wp-json\/wp\/v2\/product_cat?post=746"},{"taxonomy":"product_tag","embeddable":true,"href":"https:\/\/bandidoswitzerland.ch\/de\/wp-json\/wp\/v2\/product_tag?post=746"}],"curies":[{"name":"wp","href":"https:\/\/api.w.org\/{rel}","templated":true}]}}