{"id":705,"date":"2023-09-08T17:56:34","date_gmt":"2023-09-08T17:56:34","guid":{"rendered":"https:\/\/bandidoswitzerland.ch\/?post_type=product&#038;p=705"},"modified":"2026-04-03T17:27:06","modified_gmt":"2026-04-03T17:27:06","slug":"haargel-gum-effect-bandido","status":"publish","type":"product","link":"https:\/\/bandidoswitzerland.ch\/de\/product\/haargel-gum-effect-bandido\/","title":{"rendered":"Haargel Gum Effect Bandido"},"content":{"rendered":"<p>Das Haargel Gum Effect mit ultrastarkem Halt wirkt gut bei \u00fcberm\u00e4\u00dfigem Frizz, hilft, Locken hervorzuheben und dem Styling Struktur zu verleihen, w\u00e4hrend gleichzeitig ein nat\u00fcrliches Aussehen erhalten bleibt. Die Formel des Produkts enth\u00e4lt einen Komplex aus Fixierkomponenten zum Schutz vor Feuchtigkeit und negativen \u00e4u\u00dferen Einfl\u00fcssen. Das Gel hat eine weiche, geleeartige Konsistenz und klebt nicht im Haar. F\u00fcr alle Haartypen geeignet.<\/p>\n<p>Volume: 500ml<\/p>\n<p>Brand: Bandido<\/p>\n","protected":false},"excerpt":{"rendered":"<p>Das Haargel Gum Effect mit ultrastarkem Halt wirkt gut bei \u00fcberm\u00e4\u00dfigem Frizz, hilft, Locken hervorzuheben und dem Styling Struktur zu verleihen, w\u00e4hrend gleichzeitig ein nat\u00fcrliches Aussehen erhalten bleibt. Die Formel des Produkts enth\u00e4lt einen Komplex aus Fixierkomponenten zum Schutz vor Feuchtigkeit und negativen \u00e4u\u00dferen Einfl\u00fcssen. Das Gel hat eine weiche, geleeartige Konsistenz und klebt nicht [&hellip;]<\/p>\n","protected":false},"featured_media":706,"comment_status":"open","ping_status":"closed","template":"","meta":[],"product_brand":[],"product_cat":[27,104,21],"product_tag":[45],"class_list":{"0":"post-705","1":"product","2":"type-product","3":"status-publish","4":"has-post-thumbnail","6":"product_cat-haarpflege","7":"product_cat-herrenkosmetik","8":"product_cat-kosmetik","9":"product_tag-bandido","11":"first","12":"outofstock","13":"shipping-taxable","14":"purchasable","15":"product-type-simple"},"aioseo_notices":[],"_links":{"self":[{"href":"https:\/\/bandidoswitzerland.ch\/de\/wp-json\/wp\/v2\/product\/705","targetHints":{"allow":["GET"]}}],"collection":[{"href":"https:\/\/bandidoswitzerland.ch\/de\/wp-json\/wp\/v2\/product"}],"about":[{"href":"https:\/\/bandidoswitzerland.ch\/de\/wp-json\/wp\/v2\/types\/product"}],"replies":[{"embeddable":true,"href":"https:\/\/bandidoswitzerland.ch\/de\/wp-json\/wp\/v2\/comments?post=705"}],"wp:featuredmedia":[{"embeddable":true,"href":"https:\/\/bandidoswitzerland.ch\/de\/wp-json\/wp\/v2\/media\/706"}],"wp:attachment":[{"href":"https:\/\/bandidoswitzerland.ch\/de\/wp-json\/wp\/v2\/media?parent=705"}],"wp:term":[{"taxonomy":"product_brand","embeddable":true,"href":"https:\/\/bandidoswitzerland.ch\/de\/wp-json\/wp\/v2\/product_brand?post=705"},{"taxonomy":"product_cat","embeddable":true,"href":"https:\/\/bandidoswitzerland.ch\/de\/wp-json\/wp\/v2\/product_cat?post=705"},{"taxonomy":"product_tag","embeddable":true,"href":"https:\/\/bandidoswitzerland.ch\/de\/wp-json\/wp\/v2\/product_tag?post=705"}],"curies":[{"name":"wp","href":"https:\/\/api.w.org\/{rel}","templated":true}]}}