{"id":698,"date":"2023-09-05T14:25:18","date_gmt":"2023-09-05T14:25:18","guid":{"rendered":"https:\/\/bandidoswitzerland.ch\/?post_type=product&#038;p=698"},"modified":"2026-03-01T10:57:38","modified_gmt":"2026-03-01T10:57:38","slug":"bandido-aftershave-cologne-spray-lemon","status":"publish","type":"product","link":"https:\/\/bandidoswitzerland.ch\/de\/product\/bandido-aftershave-cologne-spray-lemon\/","title":{"rendered":"Bandido Aftershave Cologne Spray Lemon"},"content":{"rendered":"<p>Das Aftershave Cologne Bandido ist eine unverzichtbare Pflege, um Ihre Rasur komfortabel zu finalisieren. Er sorgt f\u00fcr ein einwandfreies Finish, sowie f\u00fcr eine saubere und hydrierte Haut, gleichzeitig wird das Gef\u00fchl von Brennen, das durch die Klinge verursacht werden kann, verringert. Die haut wird tiefgehend hydriert,\u00a0 dabei wird aber auch die Epidermis respektiert, dank eines Aktivstoffs von sorgf\u00e4ltig ausgew\u00e4hlten Inhaltsstoffen.<\/p>\n<p>Der grosse Vorteil ist, dass es mit Eau de Kologne angereichert ist. Es liefert einen sanften Zitronenduft, gleichzeitig wird Ihre Haut belebt und gefestigt. Es ist f\u00fcr seine frische und Vorz\u00fcge anerkannt und wird der perfekte Verb\u00fcndete in Ihrer t\u00e4glichen Routine.<\/p>\n<ul>\n<li>Volumen: 150 ml<\/li>\n<li>Brand: Bandido<\/li>\n<\/ul>\n","protected":false},"excerpt":{"rendered":"<p>Das Aftershave Cologne Bandido ist eine unverzichtbare Pflege, um Ihre Rasur komfortabel zu finalisieren. Er sorgt f\u00fcr ein einwandfreies Finish, sowie f\u00fcr eine saubere und hydrierte Haut, gleichzeitig wird das Gef\u00fchl von Brennen, das durch die Klinge verursacht werden kann, verringert. Die haut wird tiefgehend hydriert,\u00a0 dabei wird aber auch die Epidermis respektiert, dank eines [&hellip;]<\/p>\n","protected":false},"featured_media":699,"comment_status":"open","ping_status":"closed","template":"","meta":[],"product_brand":[],"product_cat":[28,29,104,21],"product_tag":[45],"class_list":{"0":"post-698","1":"product","2":"type-product","3":"status-publish","4":"has-post-thumbnail","6":"product_cat-bart","7":"product_cat-gesicht-andere","8":"product_cat-herrenkosmetik","9":"product_cat-kosmetik","10":"product_tag-bandido","12":"first","13":"instock","14":"shipping-taxable","15":"purchasable","16":"product-type-simple"},"aioseo_notices":[],"_links":{"self":[{"href":"https:\/\/bandidoswitzerland.ch\/de\/wp-json\/wp\/v2\/product\/698","targetHints":{"allow":["GET"]}}],"collection":[{"href":"https:\/\/bandidoswitzerland.ch\/de\/wp-json\/wp\/v2\/product"}],"about":[{"href":"https:\/\/bandidoswitzerland.ch\/de\/wp-json\/wp\/v2\/types\/product"}],"replies":[{"embeddable":true,"href":"https:\/\/bandidoswitzerland.ch\/de\/wp-json\/wp\/v2\/comments?post=698"}],"wp:featuredmedia":[{"embeddable":true,"href":"https:\/\/bandidoswitzerland.ch\/de\/wp-json\/wp\/v2\/media\/699"}],"wp:attachment":[{"href":"https:\/\/bandidoswitzerland.ch\/de\/wp-json\/wp\/v2\/media?parent=698"}],"wp:term":[{"taxonomy":"product_brand","embeddable":true,"href":"https:\/\/bandidoswitzerland.ch\/de\/wp-json\/wp\/v2\/product_brand?post=698"},{"taxonomy":"product_cat","embeddable":true,"href":"https:\/\/bandidoswitzerland.ch\/de\/wp-json\/wp\/v2\/product_cat?post=698"},{"taxonomy":"product_tag","embeddable":true,"href":"https:\/\/bandidoswitzerland.ch\/de\/wp-json\/wp\/v2\/product_tag?post=698"}],"curies":[{"name":"wp","href":"https:\/\/api.w.org\/{rel}","templated":true}]}}