{"id":680,"date":"2023-09-05T14:00:58","date_gmt":"2023-09-05T14:00:58","guid":{"rendered":"https:\/\/bandidoswitzerland.ch\/?post_type=product&#038;p=680"},"modified":"2026-04-03T17:29:07","modified_gmt":"2026-04-03T17:29:07","slug":"matte-wax-bandido","status":"publish","type":"product","link":"https:\/\/bandidoswitzerland.ch\/de\/product\/matte-wax-bandido\/","title":{"rendered":"Matte Wax Bandido"},"content":{"rendered":"<p>Bandido Matte Wax ist ein haarwachs mit Wasser und Effekt. Ideal, um Ihre Haare zu formen, ist dieses Wachs, das sich leicht t\u00e4glich auftragen l\u00e4sst.<\/p>\n<p>Wenn das Wachs von Ihrem H\u00e4nden bearbeitet wird, l\u00e4sst es sich leicht auf Ihre Haare auftrage und sorgt f\u00fcr mittelstarken Halt mit einem mattem Finish. Dieses Wachs wurde hochwertigen Zutaten entwickelt und bleibt leicht modulierbar im Laufe des Tages, damit Ihre Frisur immer perfekt ist, von morgens bis abends, auch an stressvollen Tagen. Es l\u00e4sst sich leicht auswaschen, hinterl\u00e4sst keine fettigen Haare und kann auf trockenem, sowie auf nassem Haare aufgetragen werden.<\/p>\n","protected":false},"excerpt":{"rendered":"<p>Bandido Matte Wax ist ein haarwachs mit Wasser und Effekt. Ideal, um Ihre Haare zu formen, ist dieses Wachs, das sich leicht t\u00e4glich auftragen l\u00e4sst. Wenn das Wachs von Ihrem H\u00e4nden bearbeitet wird, l\u00e4sst es sich leicht auf Ihre Haare auftrage und sorgt f\u00fcr mittelstarken Halt mit einem mattem Finish. Dieses Wachs wurde hochwertigen Zutaten [&hellip;]<\/p>\n","protected":false},"featured_media":681,"comment_status":"open","ping_status":"closed","template":"","meta":[],"product_brand":[],"product_cat":[27,104,21],"product_tag":[45],"class_list":{"0":"post-680","1":"product","2":"type-product","3":"status-publish","4":"has-post-thumbnail","6":"product_cat-haarpflege","7":"product_cat-herrenkosmetik","8":"product_cat-kosmetik","9":"product_tag-bandido","11":"first","12":"outofstock","13":"sale","14":"shipping-taxable","15":"purchasable","16":"product-type-simple"},"aioseo_notices":[],"_links":{"self":[{"href":"https:\/\/bandidoswitzerland.ch\/de\/wp-json\/wp\/v2\/product\/680","targetHints":{"allow":["GET"]}}],"collection":[{"href":"https:\/\/bandidoswitzerland.ch\/de\/wp-json\/wp\/v2\/product"}],"about":[{"href":"https:\/\/bandidoswitzerland.ch\/de\/wp-json\/wp\/v2\/types\/product"}],"replies":[{"embeddable":true,"href":"https:\/\/bandidoswitzerland.ch\/de\/wp-json\/wp\/v2\/comments?post=680"}],"wp:featuredmedia":[{"embeddable":true,"href":"https:\/\/bandidoswitzerland.ch\/de\/wp-json\/wp\/v2\/media\/681"}],"wp:attachment":[{"href":"https:\/\/bandidoswitzerland.ch\/de\/wp-json\/wp\/v2\/media?parent=680"}],"wp:term":[{"taxonomy":"product_brand","embeddable":true,"href":"https:\/\/bandidoswitzerland.ch\/de\/wp-json\/wp\/v2\/product_brand?post=680"},{"taxonomy":"product_cat","embeddable":true,"href":"https:\/\/bandidoswitzerland.ch\/de\/wp-json\/wp\/v2\/product_cat?post=680"},{"taxonomy":"product_tag","embeddable":true,"href":"https:\/\/bandidoswitzerland.ch\/de\/wp-json\/wp\/v2\/product_tag?post=680"}],"curies":[{"name":"wp","href":"https:\/\/api.w.org\/{rel}","templated":true}]}}