{"id":668,"date":"2023-09-05T13:41:29","date_gmt":"2023-09-05T13:41:29","guid":{"rendered":"https:\/\/bandidoswitzerland.ch\/?post_type=product&#038;p=668"},"modified":"2026-03-01T10:57:38","modified_gmt":"2026-03-01T10:57:38","slug":"aquawax-bandido-orange-2","status":"publish","type":"product","link":"https:\/\/bandidoswitzerland.ch\/de\/product\/aquawax-bandido-orange-2\/","title":{"rendered":"Aquawax Bandido Orange"},"content":{"rendered":"<p>Die Produktreihe Aqua Wax von Bandido Cosmetic ist besonders wirksam, um tagt\u00e4glich seinen Style zu definieren. Die leichte Textur erm\u00f6glicht ein pr\u00e4zises und gepflegtes Styling, mit gutem Halt, um den ganzen Tag gut auszusehen.<br \/>\nDer Halt ist mittelstark und h\u00e4lt den ganzen Tag oder \u00fcber Nacht, f\u00fcr einen gl\u00e4nzenden und eleganten Style, das Ganze erg\u00e4nzt durch einen leichten Duft. Das Wachs ist mit Vitaminen angereichert, achtet die Haarfasern und st\u00e4rkt das Haar. Au\u00dferdem m\u00fcssen Sie nicht mehrmals auswaschen, denn es l\u00e4sst sich mit einer Shampoo-Anwendung entfernen.<\/p>\n<ul>\n<li>Volumen: 150 ml<\/li>\n<li>Brand: Bandido<\/li>\n<\/ul>\n","protected":false},"excerpt":{"rendered":"<p>Die Produktreihe Aqua Wax von Bandido Cosmetic ist besonders wirksam, um tagt\u00e4glich seinen Style zu definieren. Die leichte Textur erm\u00f6glicht ein pr\u00e4zises und gepflegtes Styling, mit gutem Halt, um den ganzen Tag gut auszusehen. Der Halt ist mittelstark und h\u00e4lt den ganzen Tag oder \u00fcber Nacht, f\u00fcr einen gl\u00e4nzenden und eleganten Style, das Ganze erg\u00e4nzt [&hellip;]<\/p>\n","protected":false},"featured_media":669,"comment_status":"open","ping_status":"closed","template":"","meta":[],"product_brand":[],"product_cat":[27,104,21],"product_tag":[45],"class_list":{"0":"post-668","1":"product","2":"type-product","3":"status-publish","4":"has-post-thumbnail","6":"product_cat-haarpflege","7":"product_cat-herrenkosmetik","8":"product_cat-kosmetik","9":"product_tag-bandido","11":"first","12":"instock","13":"shipping-taxable","14":"purchasable","15":"product-type-simple"},"aioseo_notices":[],"_links":{"self":[{"href":"https:\/\/bandidoswitzerland.ch\/de\/wp-json\/wp\/v2\/product\/668","targetHints":{"allow":["GET"]}}],"collection":[{"href":"https:\/\/bandidoswitzerland.ch\/de\/wp-json\/wp\/v2\/product"}],"about":[{"href":"https:\/\/bandidoswitzerland.ch\/de\/wp-json\/wp\/v2\/types\/product"}],"replies":[{"embeddable":true,"href":"https:\/\/bandidoswitzerland.ch\/de\/wp-json\/wp\/v2\/comments?post=668"}],"wp:featuredmedia":[{"embeddable":true,"href":"https:\/\/bandidoswitzerland.ch\/de\/wp-json\/wp\/v2\/media\/669"}],"wp:attachment":[{"href":"https:\/\/bandidoswitzerland.ch\/de\/wp-json\/wp\/v2\/media?parent=668"}],"wp:term":[{"taxonomy":"product_brand","embeddable":true,"href":"https:\/\/bandidoswitzerland.ch\/de\/wp-json\/wp\/v2\/product_brand?post=668"},{"taxonomy":"product_cat","embeddable":true,"href":"https:\/\/bandidoswitzerland.ch\/de\/wp-json\/wp\/v2\/product_cat?post=668"},{"taxonomy":"product_tag","embeddable":true,"href":"https:\/\/bandidoswitzerland.ch\/de\/wp-json\/wp\/v2\/product_tag?post=668"}],"curies":[{"name":"wp","href":"https:\/\/api.w.org\/{rel}","templated":true}]}}