{"id":661,"date":"2023-09-05T13:27:21","date_gmt":"2023-09-05T13:27:21","guid":{"rendered":"https:\/\/bandidoswitzerland.ch\/?post_type=product&#038;p=661"},"modified":"2025-12-17T18:23:46","modified_gmt":"2025-12-17T18:23:46","slug":"hair-shampoo-dandruff","status":"publish","type":"product","link":"https:\/\/bandidoswitzerland.ch\/de\/product\/hair-shampoo-dandruff\/","title":{"rendered":"Hair Shampoo Bandido Dandruff Control"},"content":{"rendered":"<p>Das Bandido Dandruff Shampoo besteht aus einer sulfatfreien Formel, die (bei regelm\u00e4ssiger Anwendung) trockene, juckende Kopfhaut lindert und das Haar mit reichhaltiger Feuchtigkeit versorgt.<br \/>\nDas natriumchlorid- (Salz) und sulfatfreie Shampoo reinigt sanft Haar und Kopfhaut und sch\u00fctzt gleichzeitig farbbehandeltes Haar<br \/>\nEs pflegt das Haar nicht nur sanft, sondern hinterl\u00e4sst auch ein gepflegtes Haargef\u00fchl.<br \/>\nDank des enthaltenen Menthols sorgt es f\u00fcr eine tiefe Erfrischung und hilft der Kopfhaut zu atmen.<br \/>\nHanf\u00f6l spendet viel Feuchtigkeit, indem es auf trockenes Haar und Kopfhaut einwirkt. Es enth\u00e4lt einen hohen Anteil an unges\u00e4ttigten Fetts\u00e4uren (Omega-6, Omega-9). Aus diesem Grund ist es wirksam gegen Haarausfall.<\/p>\n","protected":false},"excerpt":{"rendered":"<p>Das Bandido Dandruff Shampoo besteht aus einer sulfatfreien Formel, die (bei regelm\u00e4ssiger Anwendung) trockene, juckende Kopfhaut lindert und das Haar mit reichhaltiger Feuchtigkeit versorgt. Das natriumchlorid- (Salz) und sulfatfreie Shampoo reinigt sanft Haar und Kopfhaut und sch\u00fctzt gleichzeitig farbbehandeltes Haar Es pflegt das Haar nicht nur sanft, sondern hinterl\u00e4sst auch ein gepflegtes Haargef\u00fchl. Dank des [&hellip;]<\/p>\n","protected":false},"featured_media":1021,"comment_status":"open","ping_status":"closed","template":"","meta":[],"product_brand":[],"product_cat":[27,104,21],"product_tag":[45],"class_list":{"0":"post-661","1":"product","2":"type-product","3":"status-publish","4":"has-post-thumbnail","6":"product_cat-haarpflege","7":"product_cat-herrenkosmetik","8":"product_cat-kosmetik","9":"product_tag-bandido","11":"first","12":"instock","13":"sale","14":"shipping-taxable","15":"purchasable","16":"product-type-simple"},"aioseo_notices":[],"_links":{"self":[{"href":"https:\/\/bandidoswitzerland.ch\/de\/wp-json\/wp\/v2\/product\/661","targetHints":{"allow":["GET"]}}],"collection":[{"href":"https:\/\/bandidoswitzerland.ch\/de\/wp-json\/wp\/v2\/product"}],"about":[{"href":"https:\/\/bandidoswitzerland.ch\/de\/wp-json\/wp\/v2\/types\/product"}],"replies":[{"embeddable":true,"href":"https:\/\/bandidoswitzerland.ch\/de\/wp-json\/wp\/v2\/comments?post=661"}],"wp:featuredmedia":[{"embeddable":true,"href":"https:\/\/bandidoswitzerland.ch\/de\/wp-json\/wp\/v2\/media\/1021"}],"wp:attachment":[{"href":"https:\/\/bandidoswitzerland.ch\/de\/wp-json\/wp\/v2\/media?parent=661"}],"wp:term":[{"taxonomy":"product_brand","embeddable":true,"href":"https:\/\/bandidoswitzerland.ch\/de\/wp-json\/wp\/v2\/product_brand?post=661"},{"taxonomy":"product_cat","embeddable":true,"href":"https:\/\/bandidoswitzerland.ch\/de\/wp-json\/wp\/v2\/product_cat?post=661"},{"taxonomy":"product_tag","embeddable":true,"href":"https:\/\/bandidoswitzerland.ch\/de\/wp-json\/wp\/v2\/product_tag?post=661"}],"curies":[{"name":"wp","href":"https:\/\/api.w.org\/{rel}","templated":true}]}}