{"id":656,"date":"2023-09-05T13:12:45","date_gmt":"2023-09-05T13:12:45","guid":{"rendered":"https:\/\/bandidoswitzerland.ch\/?post_type=product&#038;p=656"},"modified":"2025-11-08T11:05:23","modified_gmt":"2025-11-08T11:05:23","slug":"hair-shampoo-keratin","status":"publish","type":"product","link":"https:\/\/bandidoswitzerland.ch\/de\/product\/hair-shampoo-keratin\/","title":{"rendered":"Hair Shampoo Bandido Keratin"},"content":{"rendered":"<p>Intensive aufbauende Pflege f\u00fcr behandeltes und gesch\u00e4digtes Haar. Dank des enthaltenen Keratin\u00f6ls repariert es behandeltes und gesch\u00e4digtes Haar, macht es geschmeidig und verleiht ihm Glanz.<br \/>\nEs f\u00fcllt die Haarzellen mit Keratin und sorgt sofort f\u00fcr hervorragende Pflege. Sorgt f\u00fcr zus\u00e4tzlichen Glanz, indem es die Haarstr\u00e4hnen gl\u00e4ttet.<br \/>\nBandido Keratin Shampoo unterst\u00fctzt eine gesunde Kopfhaut f\u00fcr kr\u00e4ftigeres, glatteres und ges\u00fcnderes Haar.<br \/>\nVerleiht stumpfem, trockenem Haar einen eleganten, gl\u00e4nzenden Look<br \/>\nMit seinem Gehalt an Provitamin B5 bietet es antioxidativen Schutz und Hitzeschutz f\u00fcr das Haar.<\/p>\n","protected":false},"excerpt":{"rendered":"<p>Intensive aufbauende Pflege f\u00fcr behandeltes und gesch\u00e4digtes Haar. Dank des enthaltenen Keratin\u00f6ls repariert es behandeltes und gesch\u00e4digtes Haar, macht es geschmeidig und verleiht ihm Glanz. Es f\u00fcllt die Haarzellen mit Keratin und sorgt sofort f\u00fcr hervorragende Pflege. Sorgt f\u00fcr zus\u00e4tzlichen Glanz, indem es die Haarstr\u00e4hnen gl\u00e4ttet. Bandido Keratin Shampoo unterst\u00fctzt eine gesunde Kopfhaut f\u00fcr kr\u00e4ftigeres, [&hellip;]<\/p>\n","protected":false},"featured_media":1029,"comment_status":"open","ping_status":"closed","template":"","meta":[],"product_brand":[],"product_cat":[27,104,21],"product_tag":[45],"class_list":{"0":"post-656","1":"product","2":"type-product","3":"status-publish","4":"has-post-thumbnail","6":"product_cat-haarpflege","7":"product_cat-herrenkosmetik","8":"product_cat-kosmetik","9":"product_tag-bandido","11":"first","12":"instock","13":"sale","14":"shipping-taxable","15":"purchasable","16":"product-type-simple"},"aioseo_notices":[],"_links":{"self":[{"href":"https:\/\/bandidoswitzerland.ch\/de\/wp-json\/wp\/v2\/product\/656","targetHints":{"allow":["GET"]}}],"collection":[{"href":"https:\/\/bandidoswitzerland.ch\/de\/wp-json\/wp\/v2\/product"}],"about":[{"href":"https:\/\/bandidoswitzerland.ch\/de\/wp-json\/wp\/v2\/types\/product"}],"replies":[{"embeddable":true,"href":"https:\/\/bandidoswitzerland.ch\/de\/wp-json\/wp\/v2\/comments?post=656"}],"wp:featuredmedia":[{"embeddable":true,"href":"https:\/\/bandidoswitzerland.ch\/de\/wp-json\/wp\/v2\/media\/1029"}],"wp:attachment":[{"href":"https:\/\/bandidoswitzerland.ch\/de\/wp-json\/wp\/v2\/media?parent=656"}],"wp:term":[{"taxonomy":"product_brand","embeddable":true,"href":"https:\/\/bandidoswitzerland.ch\/de\/wp-json\/wp\/v2\/product_brand?post=656"},{"taxonomy":"product_cat","embeddable":true,"href":"https:\/\/bandidoswitzerland.ch\/de\/wp-json\/wp\/v2\/product_cat?post=656"},{"taxonomy":"product_tag","embeddable":true,"href":"https:\/\/bandidoswitzerland.ch\/de\/wp-json\/wp\/v2\/product_tag?post=656"}],"curies":[{"name":"wp","href":"https:\/\/api.w.org\/{rel}","templated":true}]}}