{"id":651,"date":"2023-09-05T13:08:10","date_gmt":"2023-09-05T13:08:10","guid":{"rendered":"https:\/\/bandidoswitzerland.ch\/?post_type=product&#038;p=651"},"modified":"2025-11-08T11:05:51","modified_gmt":"2025-11-08T11:05:51","slug":"hair-shampoo-argan","status":"publish","type":"product","link":"https:\/\/bandidoswitzerland.ch\/de\/product\/hair-shampoo-argan\/","title":{"rendered":"Hair Shampoo Bandido Argan"},"content":{"rendered":"<p>Das Argan\u00f6l-Shampoo schlie\u00dft die Feuchtigkeit ein und macht trockene, gesch\u00e4digte und br\u00fcchige Haarstr\u00e4hnen weicher.<br \/>\nDas feuchtigkeitsspendende Shampoo sch\u00fctzt auch vor Styling und hilft, die Elastizit\u00e4t und den Tag des Haares zu erh\u00f6hen.<br \/>\nDieses extra feuchtigkeitsspendende Shampoo dringt in die Haarstr\u00e4hnen ein, schlie\u00dft die Feuchtigkeit ein und macht das Haar wieder weich und geschmeidig.<br \/>\nDank des darin enthaltenen innovativen, patentierten Wirkstoffs sorgen \u03b1-Helix-Proteinstrukturen in den Haarfasern f\u00fcr die Widerstandsf\u00e4higkeit des Haares. So sorgt die Reparatur von gesch\u00e4digtem und behandeltem Haar f\u00fcr ein gesundes, gl\u00e4nzendes Aussehen.<\/p>\n","protected":false},"excerpt":{"rendered":"<p>Das Argan\u00f6l-Shampoo schlie\u00dft die Feuchtigkeit ein und macht trockene, gesch\u00e4digte und br\u00fcchige Haarstr\u00e4hnen weicher. Das feuchtigkeitsspendende Shampoo sch\u00fctzt auch vor Styling und hilft, die Elastizit\u00e4t und den Tag des Haares zu erh\u00f6hen. Dieses extra feuchtigkeitsspendende Shampoo dringt in die Haarstr\u00e4hnen ein, schlie\u00dft die Feuchtigkeit ein und macht das Haar wieder weich und geschmeidig. Dank des [&hellip;]<\/p>\n","protected":false},"featured_media":1036,"comment_status":"open","ping_status":"closed","template":"","meta":[],"product_brand":[],"product_cat":[27,104,21],"product_tag":[45],"class_list":{"0":"post-651","1":"product","2":"type-product","3":"status-publish","4":"has-post-thumbnail","6":"product_cat-haarpflege","7":"product_cat-herrenkosmetik","8":"product_cat-kosmetik","9":"product_tag-bandido","11":"first","12":"instock","13":"shipping-taxable","14":"purchasable","15":"product-type-simple"},"aioseo_notices":[],"_links":{"self":[{"href":"https:\/\/bandidoswitzerland.ch\/de\/wp-json\/wp\/v2\/product\/651","targetHints":{"allow":["GET"]}}],"collection":[{"href":"https:\/\/bandidoswitzerland.ch\/de\/wp-json\/wp\/v2\/product"}],"about":[{"href":"https:\/\/bandidoswitzerland.ch\/de\/wp-json\/wp\/v2\/types\/product"}],"replies":[{"embeddable":true,"href":"https:\/\/bandidoswitzerland.ch\/de\/wp-json\/wp\/v2\/comments?post=651"}],"wp:featuredmedia":[{"embeddable":true,"href":"https:\/\/bandidoswitzerland.ch\/de\/wp-json\/wp\/v2\/media\/1036"}],"wp:attachment":[{"href":"https:\/\/bandidoswitzerland.ch\/de\/wp-json\/wp\/v2\/media?parent=651"}],"wp:term":[{"taxonomy":"product_brand","embeddable":true,"href":"https:\/\/bandidoswitzerland.ch\/de\/wp-json\/wp\/v2\/product_brand?post=651"},{"taxonomy":"product_cat","embeddable":true,"href":"https:\/\/bandidoswitzerland.ch\/de\/wp-json\/wp\/v2\/product_cat?post=651"},{"taxonomy":"product_tag","embeddable":true,"href":"https:\/\/bandidoswitzerland.ch\/de\/wp-json\/wp\/v2\/product_tag?post=651"}],"curies":[{"name":"wp","href":"https:\/\/api.w.org\/{rel}","templated":true}]}}