{"id":617,"date":"2023-09-05T11:51:18","date_gmt":"2023-09-05T11:51:18","guid":{"rendered":"https:\/\/bandidoswitzerland.ch\/?post_type=product&#038;p=617"},"modified":"2025-12-18T06:03:59","modified_gmt":"2025-12-18T06:03:59","slug":"panasonic-er-dgp86","status":"publish","type":"product","link":"https:\/\/bandidoswitzerland.ch\/de\/product\/panasonic-er-dgp86\/","title":{"rendered":"Panasonic ER-DGP86"},"content":{"rendered":"<p>Haarschneidemaschine geeignet zum Schneiden von Haaren und B\u00e4rten.<\/p>\n<p>Der ER-xGP86 wurde speziell f\u00fcr die Anforderungen von Profis f\u00fcr Fadingschnitte entwickelt. Die Fading-Klinge f\u00fcr pr\u00e4zise Details schneidet auf bis zu 0,3 mm \u00fcber der Hautoberfl\u00e4che, w\u00e4hrend der Fadingaufsatz zwischen 1,5 mm und 2,7 mm in 0,3 mm Schritten verstellbar ist. Mit diesen vielseitigen Ger\u00e4ten gelingen Ihnen auch ohne viel Aufwand pr\u00e4zise Fadingschnitte.<\/p>\n<ul>\n<li>Fading-Klinge f\u00fcr pr\u00e4zise Details in 0,3-mm-Schritten<\/li>\n<li>DLC 2.0- und TiN-Beschichtung f\u00fcr langanhaltende Klingensch\u00e4rfe<\/li>\n<li>Ultra-schneller Linearmotor mit konstanter Steuerung<\/li>\n<li>Einstellrad f\u00fcr eine exakte Schnittl\u00e4ngenjustierung<\/li>\n<li>4 Kammaufs\u00e4tze f\u00fcr verschiedene Haarl\u00e4ngen<\/li>\n<\/ul>\n<p>&nbsp;<strong>Garantie<\/strong>: 2-j\u00e4hrige technische Garantie auf Batterie und Motor. Scherkopf von der Garantie ausgeschlossen<\/p>\n","protected":false},"excerpt":{"rendered":"<p>Haarschneidemaschine geeignet zum Schneiden von Haaren und B\u00e4rten. Der ER-xGP86 wurde speziell f\u00fcr die Anforderungen von Profis f\u00fcr Fadingschnitte entwickelt. Die Fading-Klinge f\u00fcr pr\u00e4zise Details schneidet auf bis zu 0,3 mm \u00fcber der Hautoberfl\u00e4che, w\u00e4hrend der Fadingaufsatz zwischen 1,5 mm und 2,7 mm in 0,3 mm Schritten verstellbar ist. Mit diesen vielseitigen Ger\u00e4ten gelingen Ihnen [&hellip;]<\/p>\n","protected":false},"featured_media":1244,"comment_status":"open","ping_status":"closed","template":"","meta":[],"product_brand":[],"product_cat":[20,23,24],"product_tag":[58],"class_list":{"0":"post-617","1":"product","2":"type-product","3":"status-publish","4":"has-post-thumbnail","6":"product_cat-elektrogerate","7":"product_cat-maschinen","8":"product_cat-trimmer","9":"product_tag-panasonic","11":"first","12":"instock","13":"shipping-taxable","14":"purchasable","15":"product-type-simple"},"aioseo_notices":[],"_links":{"self":[{"href":"https:\/\/bandidoswitzerland.ch\/de\/wp-json\/wp\/v2\/product\/617","targetHints":{"allow":["GET"]}}],"collection":[{"href":"https:\/\/bandidoswitzerland.ch\/de\/wp-json\/wp\/v2\/product"}],"about":[{"href":"https:\/\/bandidoswitzerland.ch\/de\/wp-json\/wp\/v2\/types\/product"}],"replies":[{"embeddable":true,"href":"https:\/\/bandidoswitzerland.ch\/de\/wp-json\/wp\/v2\/comments?post=617"}],"wp:featuredmedia":[{"embeddable":true,"href":"https:\/\/bandidoswitzerland.ch\/de\/wp-json\/wp\/v2\/media\/1244"}],"wp:attachment":[{"href":"https:\/\/bandidoswitzerland.ch\/de\/wp-json\/wp\/v2\/media?parent=617"}],"wp:term":[{"taxonomy":"product_brand","embeddable":true,"href":"https:\/\/bandidoswitzerland.ch\/de\/wp-json\/wp\/v2\/product_brand?post=617"},{"taxonomy":"product_cat","embeddable":true,"href":"https:\/\/bandidoswitzerland.ch\/de\/wp-json\/wp\/v2\/product_cat?post=617"},{"taxonomy":"product_tag","embeddable":true,"href":"https:\/\/bandidoswitzerland.ch\/de\/wp-json\/wp\/v2\/product_tag?post=617"}],"curies":[{"name":"wp","href":"https:\/\/api.w.org\/{rel}","templated":true}]}}