{"id":606,"date":"2023-09-05T11:43:13","date_gmt":"2023-09-05T11:43:13","guid":{"rendered":"https:\/\/bandidoswitzerland.ch\/?post_type=product&#038;p=606"},"modified":"2025-12-18T06:04:42","modified_gmt":"2025-12-18T06:04:42","slug":"rebel-professional-super-torque-modular-cordless-hair-clipper","status":"publish","type":"product","link":"https:\/\/bandidoswitzerland.ch\/de\/product\/rebel-professional-super-torque-modular-cordless-hair-clipper\/","title":{"rendered":"REBEL Professional Super-Torque Modular Cordless Hair Clipper"},"content":{"rendered":"<p>Haarschneidemaschine geeignet zum Schneiden von Haaren und B\u00e4rten.<\/p>\n<p>Die modulare Profi-Schermaschine Rebel &#8211; unsere st\u00e4rkste Schermaschine aller Zeiten! Der Rebel verf\u00fcgt \u00fcber einen Motor mit 7.200 Umdrehungen pro Minute und ist dabei sehr ger\u00e4usch- und vibrationsarm. Wir entwickeln und entwerfen die besten Qualit\u00e4tswerkzeuge, die lange halten. Der Rebel hat drei (3) Umbaus\u00e4tze mit rosa, blauen oder schwarzen Deckeln, so dass Sie die Farbe nach Ihren W\u00fcnschen gestalten k\u00f6nnen.<\/p>\n<ul>\n<li>Super-torque rotary motor 7,200 rpms<br \/>\n\u2022 Black diamond carbon slim deep tooth cutting blade, and black diamond carbon Faper hybrid fixed blade<br \/>\n\u2022 Lithium-ion battery delivers a leading 3 hours of cordless run-time with a 1-hour rapid charge<br \/>\n\u2022 Fully adjustable blade can be easily zero gapped<br \/>\n\u2022 Customizable click lever or freestyle taper control with 5 detent positions<br \/>\n\u2022 Universal micro-USB rechargeable and charging stand<br \/>\n\u2022 3 additional housing options with hanging loop<br \/>\n\u2022 Tight or stretch taper bracket kits<br \/>\n\u2022 Set of 8 black magnetic dub guards<br \/>\n\u2022 Engineered and designed in the USA<br \/>\n\u2022 INCLUDES: Clipper, black DLC Faper fixed blade, black DLC slim deep tooth cutter, 8 magnetic guards (1\/16\u201d, 1\/8\u201d, 3\/16&#8243;, 1\/4\u201d, 3\/8\u201d, 1\/2\u201d, 5\/8&#8243;, 3\/4&#8243;), blade cover, stretch bracket, charging stand and cord, cleaning\/maintenance kit and screwdriver<\/li>\n<\/ul>\n<p><strong>Garantie<\/strong>: 2-j\u00e4hrige technische Garantie auf Batterie und Motor. Scherkopf von der Garantie ausgeschlossen<\/p>\n","protected":false},"excerpt":{"rendered":"<p>Haarschneidemaschine geeignet zum Schneiden von Haaren und B\u00e4rten. Die modulare Profi-Schermaschine Rebel &#8211; unsere st\u00e4rkste Schermaschine aller Zeiten! Der Rebel verf\u00fcgt \u00fcber einen Motor mit 7.200 Umdrehungen pro Minute und ist dabei sehr ger\u00e4usch- und vibrationsarm. Wir entwickeln und entwerfen die besten Qualit\u00e4tswerkzeuge, die lange halten. Der Rebel hat drei (3) Umbaus\u00e4tze mit rosa, blauen [&hellip;]<\/p>\n","protected":false},"featured_media":1067,"comment_status":"open","ping_status":"closed","template":"","meta":[],"product_brand":[],"product_cat":[25,20,23],"product_tag":[80],"class_list":{"0":"post-606","1":"product","2":"type-product","3":"status-publish","4":"has-post-thumbnail","6":"product_cat-clipper","7":"product_cat-elektrogerate","8":"product_cat-maschinen","9":"product_tag-rebel","11":"first","12":"instock","13":"shipping-taxable","14":"purchasable","15":"product-type-simple"},"aioseo_notices":[],"_links":{"self":[{"href":"https:\/\/bandidoswitzerland.ch\/de\/wp-json\/wp\/v2\/product\/606","targetHints":{"allow":["GET"]}}],"collection":[{"href":"https:\/\/bandidoswitzerland.ch\/de\/wp-json\/wp\/v2\/product"}],"about":[{"href":"https:\/\/bandidoswitzerland.ch\/de\/wp-json\/wp\/v2\/types\/product"}],"replies":[{"embeddable":true,"href":"https:\/\/bandidoswitzerland.ch\/de\/wp-json\/wp\/v2\/comments?post=606"}],"wp:featuredmedia":[{"embeddable":true,"href":"https:\/\/bandidoswitzerland.ch\/de\/wp-json\/wp\/v2\/media\/1067"}],"wp:attachment":[{"href":"https:\/\/bandidoswitzerland.ch\/de\/wp-json\/wp\/v2\/media?parent=606"}],"wp:term":[{"taxonomy":"product_brand","embeddable":true,"href":"https:\/\/bandidoswitzerland.ch\/de\/wp-json\/wp\/v2\/product_brand?post=606"},{"taxonomy":"product_cat","embeddable":true,"href":"https:\/\/bandidoswitzerland.ch\/de\/wp-json\/wp\/v2\/product_cat?post=606"},{"taxonomy":"product_tag","embeddable":true,"href":"https:\/\/bandidoswitzerland.ch\/de\/wp-json\/wp\/v2\/product_tag?post=606"}],"curies":[{"name":"wp","href":"https:\/\/api.w.org\/{rel}","templated":true}]}}